{"id":36571,"date":"2026-01-09T13:53:18","date_gmt":"2026-01-09T12:53:18","guid":{"rendered":"https:\/\/vivarapro.nl\/die-europaeischen-fabriken-von-vivara-pro\/"},"modified":"2026-03-05T10:21:23","modified_gmt":"2026-03-05T09:21:23","slug":"die-europaeischen-fabriken-von-vivara-pro","status":"publish","type":"page","link":"https:\/\/viva.ezxdemo.com\/de\/die-europaeischen-fabriken-von-vivara-pro\/","title":{"rendered":"Die europ\u00e4ischen Fabriken von Vivara Pro"},"content":{"rendered":"<div class=\"wpb-content-wrapper\"><p>[vc_row css=&#8221;.vc_custom_1713961305103{margin-top: 30px !important;}&#8221;][vc_column width=&#8221;1\/2&#8243;][vc_single_image image=&#8221;36569&#8243; img_size=&#8221;full&#8221; css=&#8221;&#8221;][\/vc_column][vc_column width=&#8221;1\/2&#8243;][vc_custom_heading text=&#8221;Unsere eigenen europ\u00e4ischen Fabriken&#8221; font_container=&#8221;tag:h1|font_size:34px|text_align:left|color:%232a2a2a&#8221; use_theme_fonts=&#8221;yes&#8221; css=&#8221;&#8221;][vc_column_text css=&#8221;&#8221;]Vivara Pro betreibt Fabriken in Polen, Litauen und den Niederlanden. Dank unserer eigenen Fertigung in Europa sind wir unabh\u00e4ngig von externen Partnern. Dadurch kann Vivara Pro flexibel auf die Nachfrage reagieren und unsere Produkte schnell liefern.  <\/p>\n<p>Mit Fabriken in Europa erf\u00fcllt Vivara Pro die europ\u00e4ischen Gesetze und Vorschriften in Bezug auf Umweltstandards, Arbeitsbedingungen, Sicherheit und Materialverwendung. Dies entspricht unserem Nachhaltigkeitsansatz: verantwortungsvolle Produktion mit Respekt f\u00fcr Mensch und Umwelt. <\/p>\n<p>Das bedeutet, dass Vivara Pro vom Anfang bis zum Ende in den Produktionsprozess eingebunden ist. Von unseren Experten, die gemeinsam mit unseren Partnern bei Naturschutzorganisationen Produkte entwickeln, \u00fcber unsere eigenen Werke, die diese Produkte nach strengen Qualit\u00e4tsstandards herstellen, bis hin zu unserem Logistikzentrum in den Niederlanden, wo sie gelagert werden.[\/vc_column_text][\/vc_column][\/vc_row][vc_row css=&#8221;.vc_custom_1772697932521{background-color: #E2EBF2 !important;}&#8221;][vc_column width=&#8221;1\/2&#8243;][vc_empty_space][vc_custom_heading text=&#8221;FSC-freundliche Produktion&#8221; font_container=&#8221;tag:h2|font_size:24px|text_align:left&#8221; use_theme_fonts=&#8221;yes&#8221; css=&#8221;&#8221;][vc_column_text css=&#8221;&#8221;]In unseren eigenen Werken arbeiten wir nach den FSC\u00ae-Standards und erf\u00fcllen damit die internationalen Standards des <a href=\"https:\/\/fsc.org\/en\" target=\"_blank\" rel=\"noopener\">Forest Stewardship Council<\/a>. Das von uns verwendete Holz stammt aus nachhaltig bewirtschafteten W\u00e4ldern, die die Artenvielfalt, die Menschen und die Umwelt respektieren. So stellen wir sicher, dass unsere Produkte nicht nur zu einer intakten Natur beitragen, sondern auch verantwortungsvoll hergestellt werden.  <\/p>\n<p>Alle unsere Produkte, einschlie\u00dflich des Holzes in unseren Schr\u00e4nken, sind zu 100 % FSC\u00ae-zertifiziert. Das bedeutet, dass das Holz aus verantwortungsvoll bewirtschafteten W\u00e4ldern stammt, was nicht nur h\u00f6chste Qualit\u00e4t garantiert, sondern auch zu einer nachhaltigeren Zukunft beitr\u00e4gt. <\/p>\n<p>Erfahren Sie mehr \u00fcber unsere <a href=\"https:\/\/www.vivarapro.de\/holzbeton-und-das-fsc\/\" target=\"_blank\" rel=\"noopener\">FSC\u00ae-Zertifizierung<\/a>, was sie beinhaltet, warum wir FSC\u00ae-zertifiziertes Holz w\u00e4hlen und welche Produkte die Zertifizierungsanforderungen erf\u00fcllen.[\/vc_column_text][\/vc_column][vc_column width=&#8221;1\/2&#8243;][vc_empty_space][vc_single_image image=&#8221;9207&#8243; img_size=&#8221;full&#8221; css=&#8221;&#8221;][\/vc_column][\/vc_row][vc_row full_width=&#8221;stretch_row&#8221; css=&#8221;.vc_custom_1772697922478{margin-top: 30px !important;}&#8221;][vc_column width=&#8221;1\/2&#8243;][vc_single_image image=&#8221;36570&#8243; img_size=&#8221;large&#8221; css=&#8221;&#8221;][\/vc_column][vc_column width=&#8221;1\/2&#8243;][vc_custom_heading text=&#8221;Herstellung von Holzbeton in unseren europ\u00e4ischen Werken&#8221; font_container=&#8221;tag:h2|font_size:24px|text_align:left&#8221; use_theme_fonts=&#8221;yes&#8221; css=&#8221;&#8221;][vc_column_text css=&#8221;&#8221;]Unsere europ\u00e4ischen Werke in Litauen und Polen sind f\u00fcr unsere Produktion von entscheidender Bedeutung. Hier verbinden wir handwerkliches K\u00f6nnen mit modernster Technologie und entwickeln so langlebige Produkte, die allen Witterungsbedingungen standhalten. <\/p>\n<p>Das Werk in Litauen hat uns bei unseren Materialinnovationen unterst\u00fctzt. Dort entwickelten wir vor \u00fcber 20 Jahren unseren <a href=\"https:\/\/www.vivarapro.de\/holzbeton-und-das-fsc\/\" target=\"_blank\" rel=\"noopener\">Holzbeton<\/a> (WoodStone\u00ae). Dieser Werkstoff wird heute in vielen unserer Produkte verwendet. Vorteile von Holzbeton (WoodStone\u00ae):   <\/p>\n<ul>\n<li>Es hat eine lange Lebensdauer<\/li>\n<li>Es reduziert den CO2-Fu\u00dfabdruck des Produktionsprozesses<\/li>\n<li>Es besitzt isolierende und feuerbest\u00e4ndige Eigenschaften.<\/li>\n<\/ul>\n<p>In unserem Werk in Polen stellen wir Holzprodukte aus FSC\u00ae-zertifiziertem Holz her.[\/vc_column_text][vc_btn title=&#8221;Erfahren Sie mehr \u00fcber Holzbeton&#8221; i_align=&#8221;right&#8221; css=&#8221;&#8221; add_icon=&#8221;true&#8221; link=&#8221;url:https%3A%2F%2Fwww.vivarapro.de%2F%3Fpage_id%3D15855|title:Holzbeton|&#8221; el_class=&#8221;green-btn&#8221;][\/vc_column][\/vc_row][vc_row full_width=&#8221;stretch_row_content&#8221; el_class=&#8221;video-section&#8221; css=&#8221;.vc_custom_1771843280211{background-image: url(https:\/\/viva.ezxdemo.com\/wp-content\/uploads\/2026\/02\/VIV03758-scaled.jpg?id=35808) !important;background-position: center !important;background-repeat: no-repeat !important;background-size: cover !important;}&#8221;][vc_column width=&#8221;2\/3&#8243;][vc_custom_heading text=&#8221;Fabrik in den Niederlanden: Holzwerkstatt f\u00fcr individuelle Anfertigungen&#8221; use_theme_fonts=&#8221;yes&#8221; css=&#8221;&#8221;][vc_column_text css=&#8221;&#8221;]Neben unserem Standardsortiment verf\u00fcgt Vivara Pro \u00fcber eine eigene Holzwerkstatt. Hier schaffen wir durch die Entwicklung individueller L\u00f6sungen M\u00f6glichkeiten zur F\u00f6rderung der Artenvielfalt. Wir fertigen L\u00f6sungen, die exakt auf die Bed\u00fcrfnisse unserer Kunden zugeschnitten sind \u2013 von Fledermaust\u00fcrmen \u00fcber Mauern f\u00fcr Uferschwalben bis hin zu Insektenhotels.   <\/p>\n<p>Diese Werkstatt ist Teil unseres Logistikzentrums in Vierlingsbeek, Niederlande, und bietet uns die Flexibilit\u00e4t, Projekte mit L\u00f6sungen zu unterst\u00fctzen, die nicht &#8220;standardm\u00e4\u00dfig&#8221; sind, aber f\u00fcr ein wirklich funktionierendes naturnahes Bauen unerl\u00e4sslich sind.[\/vc_column_text][vc_btn title=&#8221;Mehr zu unseren Sonderanfertigungen&#8221; i_align=&#8221;right&#8221; css=&#8221;&#8221; add_icon=&#8221;true&#8221; link=&#8221;url:https%3A%2F%2Fvivarapro.nl%2Fmaatwerkoplossingen-voor-biodiversiteit%2F|title:Kontakt|&#8221; el_class=&#8221;green-btn&#8221;][\/vc_column][vc_column width=&#8221;1\/3&#8243;][\/vc_column][\/vc_row]<\/p>\n<\/div>","protected":false},"excerpt":{"rendered":"<p>[vc_row css=&#8221;.vc_custom_1713961305103{margin-top: 30px !important;}&#8221;][vc_column width=&#8221;1\/2&#8243;][vc_single_image image=&#8221;36569&#8243; img_size=&#8221;full&#8221; css=&#8221;&#8221;][\/vc_column][vc_column width=&#8221;1\/2&#8243;][vc_custom_heading text=&#8221;Unsere eigenen europ\u00e4ischen Fabriken&#8221; font_container=&#8221;tag:h1|font_size:34px|text_align:left|color:%232a2a2a&#8221; use_theme_fonts=&#8221;yes&#8221; css=&#8221;&#8221;][vc_column_text css=&#8221;&#8221;]Vivara Pro betreibt Fabriken in Polen, Litauen und den Niederlanden. Dank unserer eigenen Fertigung in Europa sind wir unabh\u00e4ngig von externen Partnern. Dadurch kann Vivara Pro flexibel auf die Nachfrage reagieren und unsere Produkte schnell liefern. Mit Fabriken in [&hellip;]<\/p>\n","protected":false},"author":42,"featured_media":36570,"parent":0,"menu_order":0,"comment_status":"closed","ping_status":"closed","template":"","meta":{"_acf_changed":false,"_relevanssi_hide_post":"","_relevanssi_hide_content":"","_relevanssi_pin_for_all":"","_relevanssi_pin_keywords":"","_relevanssi_unpin_keywords":"","_relevanssi_related_keywords":"","_relevanssi_related_include_ids":"","_relevanssi_related_exclude_ids":"","_relevanssi_related_no_append":"","_relevanssi_related_not_related":"","_relevanssi_related_posts":"","_relevanssi_noindex_reason":"","footnotes":""},"class_list":["post-36571","page","type-page","status-publish","has-post-thumbnail","hentry"],"acf":[],"_links":{"self":[{"href":"https:\/\/viva.ezxdemo.com\/de\/wp-json\/wp\/v2\/pages\/36571","targetHints":{"allow":["GET"]}}],"collection":[{"href":"https:\/\/viva.ezxdemo.com\/de\/wp-json\/wp\/v2\/pages"}],"about":[{"href":"https:\/\/viva.ezxdemo.com\/de\/wp-json\/wp\/v2\/types\/page"}],"author":[{"embeddable":true,"href":"https:\/\/viva.ezxdemo.com\/de\/wp-json\/wp\/v2\/users\/42"}],"replies":[{"embeddable":true,"href":"https:\/\/viva.ezxdemo.com\/de\/wp-json\/wp\/v2\/comments?post=36571"}],"version-history":[{"count":3,"href":"https:\/\/viva.ezxdemo.com\/de\/wp-json\/wp\/v2\/pages\/36571\/revisions"}],"predecessor-version":[{"id":36577,"href":"https:\/\/viva.ezxdemo.com\/de\/wp-json\/wp\/v2\/pages\/36571\/revisions\/36577"}],"wp:featuredmedia":[{"embeddable":true,"href":"https:\/\/viva.ezxdemo.com\/de\/wp-json\/wp\/v2\/media\/36570"}],"wp:attachment":[{"href":"https:\/\/viva.ezxdemo.com\/de\/wp-json\/wp\/v2\/media?parent=36571"}],"curies":[{"name":"wp","href":"https:\/\/api.w.org\/{rel}","templated":true}]}}