{"id":9187,"date":"2024-01-02T13:06:34","date_gmt":"2024-01-02T12:06:34","guid":{"rendered":"https:\/\/vivarapro.nl\/bij12-2\/"},"modified":"2024-06-04T15:34:52","modified_gmt":"2024-06-04T13:34:52","slug":"bij12-2","status":"publish","type":"page","link":"https:\/\/viva.ezxdemo.com\/de\/bij12-2\/","title":{"rendered":"BIJ12"},"content":{"rendered":"<div class=\"wpb-content-wrapper\"><p>[vc_row full_width=&#8221;stretch_row_content&#8221; el_class=&#8221;shop-banner&#8221;][vc_column width=&#8221;1\/4&#8243;][\/vc_column][vc_column width=&#8221;3\/4&#8243;][vc_custom_heading text=&#8221;Was ist BIJ12?&#8221; font_container=&#8221;tag:h1|text_align:left&#8221; use_theme_fonts=&#8221;yes&#8221;][vc_column_text]Das BIJ12 arbeitet im Auftrag der Provinzen und hat zum Ziel, die Naturpolitik in unseren Provinzen effizienter und effektiver zu gestalten. Dazu geh\u00f6ren die Verwaltung von Naturgebieten, der Schutz von Pflanzen und Tieren und die F\u00f6rderung des Naturschutzes. BIJ12 bietet Wissen und Koordination f\u00fcr Projekte und Initiativen zum Schutz der Natur in den Niederlanden. Der Name BIJ12 stammt von den 12 Provinzen in den Niederlanden.<\/p>\n<p>BIJ12 setzt sich f\u00fcr den Schutz und die Erhaltung von Tieren ein. Sie beraten \u00fcber Ma\u00dfnahmen zur Verringerung der negativen Auswirkungen menschlicher Aktivit\u00e4ten auf Tiere und zur Erhaltung und zum Schutz der Artenvielfalt. Dazu kann es geh\u00f6ren, die St\u00f6rung von Nestern zu reduzieren, Lebensr\u00e4ume zu erhalten und Ma\u00dfnahmen zu ergreifen, um Tiere vor negativen Auswirkungen zu sch\u00fctzen, wie z.B. das Verbot der T\u00f6tung oder des Fangs von gef\u00e4hrdeten Arten.[\/vc_column_text][\/vc_column][\/vc_row][vc_row full_width=&#8221;stretch_row_content_no_spaces&#8221; el_class=&#8221;inner-page column-reverse&#8221;][vc_column width=&#8221;1\/2&#8243; el_class=&#8221;text-block-inner&#8221;][vc_custom_heading text=&#8221;Warum ist BIJ12 wichtig?&#8221; use_theme_fonts=&#8221;yes&#8221;][vc_column_text]Das Abrei\u00dfen oder Bauen und F\u00e4llen von B\u00e4umen kann Tierarten schaden, die nach dem Naturschutzgesetz (Wnb) gesetzlich gesch\u00fctzt sind. Um Sch\u00e4den an der Natur zu verhindern oder zu verringern, sollten geeignete Ma\u00dfnahmen ergriffen werden.<\/p>\n<p>Ebenso muss eine Ausnahmegenehmigung bei der zust\u00e4ndigen Provinz beantragt werden, wenn ein Bauherr Arbeiten durchf\u00fchren m\u00f6chte, bei denen gesch\u00fctzte Arten vorkommen. Eine Freistellung wird nur dann gew\u00e4hrt, wenn ausreichende Abmilderungs- und Ausgleichsma\u00dfnahmen getroffen werden. Diese Ma\u00dfnahmen sind in den Species Knowledge Papers detailliert beschrieben, die in Zusammenarbeit mit Experten f\u00fcr \u00d6kologie und Rechtsfragen erstellt wurden.[\/vc_column_text][\/vc_column][vc_column width=&#8221;1\/2&#8243;][vc_single_image image=&#8221;1441&#8243; img_size=&#8221;full&#8221;][\/vc_column][\/vc_row][vc_row full_width=&#8221;stretch_row_content_no_spaces&#8221; el_class=&#8221;inner-page&#8221;][vc_column width=&#8221;1\/2&#8243;][vc_single_image image=&#8221;446&#8243; img_size=&#8221;full&#8221; alignment=&#8221;right&#8221;][\/vc_column][vc_column width=&#8221;1\/2&#8243; el_class=&#8221;text-block-inner&#8221;][vc_custom_heading text=&#8221;Unsere Produkte und BIJ12&#8243; use_theme_fonts=&#8221;yes&#8221;][vc_column_text]BIJ12 hilft auch bei der Entwicklung von Produkten f\u00fcr die Natur. Ziel ist es, gesch\u00fctzten Tieren einen besseren Lebensraum zu bieten, insbesondere in Gebieten, in denen ihr urspr\u00fcnglicher Lebensraum gest\u00f6rt wurde. So k\u00f6nnen beispielsweise Nist- und Unterkunftsm\u00f6glichkeiten f\u00fcr Flederm\u00e4use, Mauersegler, Haussperlinge und Insekten eingerichtet werden. Zu diesem Zweck stehen sowohl dauerhafte als auch langfristige Einrichtungen zur Verf\u00fcgung. Diese Produkte m\u00fcssen strenge Bedingungen erf\u00fcllen.<\/p>\n<p>Unsere Produkte entsprechen daher strengen \u00f6kologischen Standards und den neuesten Erkenntnissen. Sie stehen im Einklang mit den Leitlinien, die in den Wissensdokumenten des BIJ12 festgelegt sind. Wir beobachten die Entwicklungen in unserem Bereich sehr genau und passen uns sofort an, wenn sich Erkenntnisse \u00e4ndern oder neue Entwicklungen eintreten.[\/vc_column_text][vc_btn title=&#8221;Unsere Produkte ansehen&#8221; i_align=&#8221;right&#8221; add_icon=&#8221;true&#8221; link=&#8221;url:https%3A%2F%2Fvivarapro.nl%2Fproducten%2F|title:Material|&#8221; el_class=&#8221;green-btn&#8221;][\/vc_column][\/vc_row]<\/p>\n<\/div>","protected":false},"excerpt":{"rendered":"<p>[vc_row full_width=&#8221;stretch_row_content&#8221; el_class=&#8221;shop-banner&#8221;][vc_column width=&#8221;1\/4&#8243;][\/vc_column][vc_column width=&#8221;3\/4&#8243;][vc_custom_heading text=&#8221;Was ist BIJ12?&#8221; font_container=&#8221;tag:h1|text_align:left&#8221; use_theme_fonts=&#8221;yes&#8221;][vc_column_text]Das BIJ12 arbeitet im Auftrag der Provinzen und hat zum Ziel, die Naturpolitik in unseren Provinzen effizienter und effektiver zu gestalten. Dazu geh\u00f6ren die Verwaltung von Naturgebieten, der Schutz von Pflanzen und Tieren und die F\u00f6rderung des Naturschutzes. BIJ12 bietet Wissen und Koordination f\u00fcr Projekte und [&hellip;]<\/p>\n","protected":false},"author":5,"featured_media":0,"parent":0,"menu_order":0,"comment_status":"closed","ping_status":"closed","template":"","meta":{"_acf_changed":false,"_relevanssi_hide_post":"","_relevanssi_hide_content":"","_relevanssi_pin_for_all":"","_relevanssi_pin_keywords":"","_relevanssi_unpin_keywords":"","_relevanssi_related_keywords":"","_relevanssi_related_include_ids":"","_relevanssi_related_exclude_ids":"","_relevanssi_related_no_append":"","_relevanssi_related_not_related":"","_relevanssi_related_posts":"","_relevanssi_noindex_reason":"","footnotes":""},"class_list":["post-9187","page","type-page","status-publish","hentry"],"acf":[],"_links":{"self":[{"href":"https:\/\/viva.ezxdemo.com\/de\/wp-json\/wp\/v2\/pages\/9187","targetHints":{"allow":["GET"]}}],"collection":[{"href":"https:\/\/viva.ezxdemo.com\/de\/wp-json\/wp\/v2\/pages"}],"about":[{"href":"https:\/\/viva.ezxdemo.com\/de\/wp-json\/wp\/v2\/types\/page"}],"author":[{"embeddable":true,"href":"https:\/\/viva.ezxdemo.com\/de\/wp-json\/wp\/v2\/users\/5"}],"replies":[{"embeddable":true,"href":"https:\/\/viva.ezxdemo.com\/de\/wp-json\/wp\/v2\/comments?post=9187"}],"version-history":[{"count":0,"href":"https:\/\/viva.ezxdemo.com\/de\/wp-json\/wp\/v2\/pages\/9187\/revisions"}],"wp:attachment":[{"href":"https:\/\/viva.ezxdemo.com\/de\/wp-json\/wp\/v2\/media?parent=9187"}],"curies":[{"name":"wp","href":"https:\/\/api.w.org\/{rel}","templated":true}]}}