{"id":9188,"date":"2024-01-17T13:38:04","date_gmt":"2024-01-17T12:38:04","guid":{"rendered":"https:\/\/vivarapro.nl\/partner\/"},"modified":"2026-02-12T09:33:58","modified_gmt":"2026-02-12T08:33:58","slug":"partner","status":"publish","type":"page","link":"https:\/\/viva.ezxdemo.com\/de\/partner\/","title":{"rendered":"Partner"},"content":{"rendered":"<div class=\"wpb-content-wrapper\"><p>[vc_row full_width=&#8221;stretch_row_content&#8221; el_class=&#8221;shop-banner&#8221;][vc_column width=&#8221;1\/4&#8243;][\/vc_column][vc_column width=&#8221;3\/4&#8243;][vc_custom_heading text=&#8221;UNSERE GR\u00dcNEN PARTNER&#8221; font_container=&#8221;tag:h1|font_size:34px|text_align:left&#8221; use_theme_fonts=&#8221;yes&#8221; css=&#8221;&#8221;][vc_column_text css=&#8221;&#8221;]Vivara Pro arbeitet eng mit f\u00fchrenden Naturschutzorganisationen zusammen. Durch diese Partnerschaften leisten wir einen aktiven Beitrag zum Schutz und zur F\u00f6rderung der Artenvielfalt.<br \/>\nViele unserer Produkte entstehen in Kooperation mit unseren Partnerorganisationen oder werden von ihnen als geeignet f\u00fcr den Naturschutz anerkannt. Dar\u00fcber hinaus unterst\u00fctzen wir unsere Partner auch finanziell, indem wir einen Teil unserer Erl\u00f6se f\u00fcr gemeinsame Ziele einsetzen.<\/p>\n<p>Unsere Partner teilen mit uns die \u00dcberzeugung, dass praktischer Naturschutz dort beginnt, wo Menschen, Tiere und Pflanzen in direkter Nachbarschaft leben.[\/vc_column_text][\/vc_column][\/vc_row][vc_row css=&#8221;.vc_custom_1756282132298{padding-top: 30px !important;padding-bottom: 30px !important;background-color: #e2ebf2 !important;}&#8221; el_class=&#8221;inner-container&#8221;][vc_column][vc_row_inner][vc_column_inner width=&#8221;1\/4&#8243;][vc_single_image image=&#8221;9194&#8243; img_size=&#8221;full&#8221; alignment=&#8221;center&#8221;][\/vc_column_inner][vc_column_inner width=&#8221;3\/4&#8243;][vc_custom_heading text=&#8221;NABU &#8211; Naturschutzbund Deutschland e.V.&#8221; font_container=&#8221;tag:h2|font_size:24px|text_align:left&#8221; use_theme_fonts=&#8221;yes&#8221; css=&#8221;&#8221;][vc_column_text css=&#8221;&#8221;]Der NABU ist der \u00e4lteste und mit rund 980.000 Mitgliedern und F\u00f6rdernden der mitgliederst\u00e4rkste Umweltverband in Deutschland. Das gro\u00dfe und vielf\u00e4ltige Engagement all unserer Unterst\u00fctzer*innen macht den NABU zu dem, was er ist: Anwalt f\u00fcr bedrohte Arten, Besch\u00fctzer und Gestalter von Lebensr\u00e4umen, Treiber einer naturvertr\u00e4glichen Energiewende, Experte f\u00fcr Ressourcenschonung, Gestalter f\u00fcr eine nachhaltige Zukunft und F\u00fcrsprecher f\u00fcr die Belange der Natur im politischen Diskurs. Der NABU <a href=\"https:\/\/www.vivarapro.de\/produkt-kategorie\/nabu-empfohlen\/\" target=\"_blank\" rel=\"noopener\">empfiehlt ausgew\u00e4hlte Produkte<\/a> von Vivara Pro.[\/vc_column_text][vc_btn title=&#8221;Mehr lesen&#8221; i_align=&#8221;right&#8221; add_icon=&#8221;true&#8221; link=&#8221;url:https%3A%2F%2Fwww.nabu.de%2F|&#8221; el_class=&#8221;green-btn&#8221;][\/vc_column_inner][\/vc_row_inner][\/vc_column][\/vc_row][vc_row el_class=&#8221;inner-container&#8221;][vc_column][vc_row_inner][vc_column_inner width=&#8221;1\/4&#8243;][vc_single_image image=&#8221;9193&#8243; img_size=&#8221;full&#8221; alignment=&#8221;center&#8221;][\/vc_column_inner][vc_column_inner width=&#8221;3\/4&#8243;][vc_custom_heading text=&#8221;LBV &#8211; Landesbund f\u00fcr Vogelschutz in Bayern e.V.&#8221; font_container=&#8221;tag:h2|font_size:24px|text_align:left&#8221; use_theme_fonts=&#8221;yes&#8221; css=&#8221;&#8221;][vc_column_text css=&#8221;&#8221;]Der\u00a0LBV ist die \u00e4lteste Naturschutzorganisation Bayerns. Gemeinsam mit zahlreichen Engagierten setzt sich der Verband f\u00fcr den Schutz bedrohter Arten und Lebensr\u00e4ume ein und bringt Menschen der Natur wieder n\u00e4her.[\/vc_column_text][vc_btn title=&#8221;Mehr lesen&#8221; i_align=&#8221;right&#8221; add_icon=&#8221;true&#8221; link=&#8221;url:https%3A%2F%2Fwww.lbv.de%2F|&#8221; el_class=&#8221;green-btn&#8221;][\/vc_column_inner][\/vc_row_inner][\/vc_column][\/vc_row][vc_row css=&#8221;.vc_custom_1756282199734{padding-top: 30px !important;padding-bottom: 30px !important;background-color: #e2ebf2 !important;}&#8221; el_class=&#8221;inner-container&#8221;][vc_column][vc_row_inner][vc_column_inner width=&#8221;1\/4&#8243;][vc_single_image image=&#8221;20323&#8243; img_size=&#8221;full&#8221;][\/vc_column_inner][vc_column_inner width=&#8221;3\/4&#8243;][vc_custom_heading text=&#8221;LRBPO &#8211; La Ligue Royale Belge pour la Protection des Oiseaux&#8221; font_container=&#8221;tag:h2|font_size:24px|text_align:left&#8221; use_theme_fonts=&#8221;yes&#8221; css=&#8221;&#8221;][vc_column_text css=&#8221;&#8221;]Die\u00a0K\u00f6nigliche Belgische Liga f\u00fcr Vogelschutz (LRBPO)\u00a0ist die \u00e4lteste nationale Organisation f\u00fcr Natur- und Vogelschutz in Belgien.<br \/>\nGemeinsam mit unseren belgischen Partnern f\u00f6rdern wir den Schutz der Artenvielfalt im gesamten Land.[\/vc_column_text][vc_btn title=&#8221;Mehr lesen&#8221; i_align=&#8221;right&#8221; add_icon=&#8221;true&#8221; link=&#8221;url:https%3A%2F%2Fprotectiondesoiseaux.be%2Fqui-sommes-nous%2F|&#8221; el_class=&#8221;green-btn&#8221;][\/vc_column_inner][\/vc_row_inner][\/vc_column][\/vc_row][vc_row el_class=&#8221;inner-container&#8221;][vc_column][vc_row_inner][vc_column_inner width=&#8221;1\/4&#8243;][vc_single_image image=&#8221;20154&#8243; img_size=&#8221;full&#8221; alignment=&#8221;center&#8221;][\/vc_column_inner][vc_column_inner width=&#8221;3\/4&#8243;][vc_custom_heading text=&#8221;The Ukrainian Bat Rehabilitation Center&#8221; font_container=&#8221;tag:h2|font_size:24px|text_align:left&#8221; use_theme_fonts=&#8221;yes&#8221;][vc_column_text css=&#8221;&#8221;]Das ukrainische Zentrum f\u00fcr Fledermaus Rehabilitation\u00a0ist die gr\u00f6\u00dfte Einrichtung in Osteuropa, die sich dem Schutz, der Erforschung und der Pflege von Flederm\u00e4usen widmet.<br \/>\nNeben der Rehabilitation von Tieren engagiert sich das Zentrum stark in der Umweltbildung und \u00d6ffentlichkeitsarbeit.[\/vc_column_text][vc_btn title=&#8221;Mehr lesen&#8221; i_align=&#8221;right&#8221; add_icon=&#8221;true&#8221; link=&#8221;url:https%3A%2F%2Fbatsukraine.org%2Fen%2F|&#8221; el_class=&#8221;green-btn&#8221;][\/vc_column_inner][\/vc_row_inner][\/vc_column][\/vc_row][vc_row el_class=&#8221;inner-container&#8221;][vc_column][vc_row_inner][vc_column_inner width=&#8221;1\/4&#8243;][vc_single_image image=&#8221;9199&#8243; img_size=&#8221;full&#8221; alignment=&#8221;center&#8221;][\/vc_column_inner][vc_column_inner width=&#8221;3\/4&#8243;][vc_custom_heading text=&#8221;Vogelschutz Niederlande &#8211; Vogelbescherming Nederland&#8221; font_container=&#8221;tag:h2|font_size:24px|text_align:left&#8221; use_theme_fonts=&#8221;yes&#8221; css=&#8221;&#8221;][vc_column_text css=&#8221;&#8221;]Vivara Pro und Vogelbescherming Nederland arbeiten seit vielen Jahren partnerschaftlich zusammen, um die Lebensbedingungen wild lebender V\u00f6gel zu verbessern.<br \/>\nZahlreiche Vivara Pro-Produkte tragen das Logo von Vogelbescherming Nederland als Zeichen gepr\u00fcfter Qualit\u00e4t und Wirksamkeit im praktischen Naturschutz.[\/vc_column_text][vc_btn title=&#8221;Mehr lesen&#8221; i_align=&#8221;right&#8221; add_icon=&#8221;true&#8221; link=&#8221;url:https%3A%2F%2Fwww.vogelbescherming.nl%2F|&#8221; el_class=&#8221;green-btn&#8221;][\/vc_column_inner][\/vc_row_inner][\/vc_column][\/vc_row][vc_row css=&#8221;.vc_custom_1756282008441{padding-top: 30px !important;padding-bottom: 30px !important;background-color: #e2ebf2 !important;}&#8221; el_class=&#8221;inner-container&#8221;][vc_column][vc_row_inner][vc_column_inner width=&#8221;1\/4&#8243;][vc_single_image image=&#8221;9191&#8243; img_size=&#8221;full&#8221; alignment=&#8221;center&#8221;][\/vc_column_inner][vc_column_inner width=&#8221;3\/4&#8243;][vc_custom_heading text=&#8221;Gesellschaft der S\u00e4ugetiere &#8211; Zoogdiervereniging&#8221; font_container=&#8221;tag:h2|font_size:24px|text_align:left&#8221; use_theme_fonts=&#8221;yes&#8221; css=&#8221;&#8221;][vc_column_text css=&#8221;&#8221;]Die niederl\u00e4ndische Gesellschaft f\u00fcr S\u00e4ugetiere\u00a0widmet sich Forschung, Schutz und F\u00f6rderung wild lebender S\u00e4ugetiere und ihrer Lebensr\u00e4ume. Neben vielen ehrenamtlich Engagierten arbeitet auch ein professionelles Team mit Sitz in Nijmegen daran, den Schutz dieser Tiergruppe weiter voranzubringen.[\/vc_column_text][vc_btn title=&#8221;Mehr lesen&#8221; i_align=&#8221;right&#8221; add_icon=&#8221;true&#8221; link=&#8221;url:https%3A%2F%2Fwww.zoogdiervereniging.nl%2F|&#8221; el_class=&#8221;green-btn&#8221;][\/vc_column_inner][\/vc_row_inner][\/vc_column][\/vc_row][vc_row el_class=&#8221;inner-container&#8221;][vc_column][vc_row_inner][vc_column_inner width=&#8221;1\/4&#8243;][vc_single_image image=&#8221;9192&#8243; img_size=&#8221;full&#8221; alignment=&#8221;center&#8221;][\/vc_column_inner][vc_column_inner width=&#8221;3\/4&#8243;][vc_custom_heading text=&#8221;Stiftung Eichh\u00f6rnchenschutzgebiet Niederlande &#8211; Stichting Eekhoornopvang Nederland&#8221; font_container=&#8221;tag:h2|font_size:24px|text_align:left&#8221; use_theme_fonts=&#8221;yes&#8221; css=&#8221;&#8221;][vc_column_text css=&#8221;&#8221;]Die Stiftung Eichh\u00f6rnchenschutz Niederlande engagiert sich seit Jahrzehnten f\u00fcr den Schutz des einheimischen Eichh\u00f6rnchens. Sie nimmt verletzte oder verwaiste Tiere auf, pflegt sie und setzt sich daf\u00fcr ein, den Lebensraum dieser besonderen Art langfristig zu erhalten.[\/vc_column_text][vc_btn title=&#8221;Mehr lesen&#8221; i_align=&#8221;right&#8221; add_icon=&#8221;true&#8221; link=&#8221;url:https%3A%2F%2Fwww.eekhoornopvang.nl%2F|&#8221; el_class=&#8221;green-btn&#8221;][\/vc_column_inner][\/vc_row_inner][\/vc_column][\/vc_row][vc_row css=&#8221;.vc_custom_1756282071254{padding-top: 30px !important;padding-bottom: 30px !important;background-color: #e2ebf2 !important;}&#8221; el_class=&#8221;inner-container&#8221;][vc_column][vc_row_inner][vc_column_inner width=&#8221;1\/4&#8243;][vc_single_image image=&#8221;9197&#8243; img_size=&#8221;full&#8221; alignment=&#8221;center&#8221;][\/vc_column_inner][vc_column_inner width=&#8221;3\/4&#8243;][vc_custom_heading text=&#8221;Vogelschutz Flandern &#8211; Vogelbescherming Vlaanderen&#8221; font_container=&#8221;tag:h2|font_size:24px|text_align:left&#8221; use_theme_fonts=&#8221;yes&#8221; css=&#8221;&#8221;][vc_column_text css=&#8221;&#8221;]Vogelschutz Flandern setzt sich f\u00fcr den Schutz aller Wildv\u00f6gel und einheimischer S\u00e4ugetiere in Flandern ein. V\u00f6gel gelten als wichtige Indikatoren f\u00fcr den Zustand unserer Umwelt. Ihr Wohlergehen zeigt, wie es um die Natur insgesamt bestellt ist.[\/vc_column_text][vc_btn title=&#8221;Mehr lesen&#8221; i_align=&#8221;right&#8221; add_icon=&#8221;true&#8221; link=&#8221;url:https%3A%2F%2Fwww.vogelbescherming.be%2F|&#8221; el_class=&#8221;green-btn&#8221;][\/vc_column_inner][\/vc_row_inner][\/vc_column][\/vc_row][vc_row el_class=&#8221;inner-container&#8221;][vc_column][vc_row_inner][vc_column_inner width=&#8221;1\/4&#8243;][vc_single_image image=&#8221;9195&#8243; img_size=&#8221;full&#8221; alignment=&#8221;center&#8221;][\/vc_column_inner][vc_column_inner width=&#8221;3\/4&#8243;][vc_custom_heading text=&#8221;Naturpunkt &#8211; Natuurpunt&#8221; font_container=&#8221;tag:h2|font_size:24px|text_align:left&#8221; use_theme_fonts=&#8221;yes&#8221; css=&#8221;&#8221;][vc_column_text css=&#8221;&#8221;]Naturpunkt ist eine unabh\u00e4ngige Organisation, die sich seit \u00fcber 50 Jahren f\u00fcr den Schutz von Pflanzen, Tieren und ihren Lebensr\u00e4umen in Flandern einsetzt.<br \/>\nMit \u00fcber 118.000 Mitgliedern, 6.000 Freiwilligen und rund 480 Mitarbeitenden arbeitet Natuurpunt t\u00e4glich daran, gef\u00e4hrdete Arten und Biotope zu bewahren.[\/vc_column_text][vc_btn title=&#8221;Mehr lesen&#8221; i_align=&#8221;right&#8221; add_icon=&#8221;true&#8221; link=&#8221;url:https%3A%2F%2Fwww.natuurpunt.be%2F|&#8221; el_class=&#8221;green-btn&#8221;][\/vc_column_inner][\/vc_row_inner][\/vc_column][\/vc_row]<\/p>\n<\/div>","protected":false},"excerpt":{"rendered":"<p>[vc_row full_width=&#8221;stretch_row_content&#8221; el_class=&#8221;shop-banner&#8221;][vc_column width=&#8221;1\/4&#8243;][\/vc_column][vc_column width=&#8221;3\/4&#8243;][vc_custom_heading text=&#8221;UNSERE GR\u00dcNEN PARTNER&#8221; font_container=&#8221;tag:h1|font_size:34px|text_align:left&#8221; use_theme_fonts=&#8221;yes&#8221; css=&#8221;&#8221;][vc_column_text css=&#8221;&#8221;]Vivara Pro arbeitet eng mit f\u00fchrenden Naturschutzorganisationen zusammen. Durch diese Partnerschaften leisten wir einen aktiven Beitrag zum Schutz und zur F\u00f6rderung der Artenvielfalt. Viele unserer Produkte entstehen in Kooperation mit unseren Partnerorganisationen oder werden von ihnen als geeignet f\u00fcr den Naturschutz anerkannt. Dar\u00fcber hinaus [&hellip;]<\/p>\n","protected":false},"author":2,"featured_media":0,"parent":0,"menu_order":0,"comment_status":"closed","ping_status":"closed","template":"","meta":{"_acf_changed":false,"_relevanssi_hide_post":"","_relevanssi_hide_content":"","_relevanssi_pin_for_all":"","_relevanssi_pin_keywords":"","_relevanssi_unpin_keywords":"","_relevanssi_related_keywords":"","_relevanssi_related_include_ids":"","_relevanssi_related_exclude_ids":"","_relevanssi_related_no_append":"","_relevanssi_related_not_related":"","_relevanssi_related_posts":"","_relevanssi_noindex_reason":"","footnotes":""},"class_list":["post-9188","page","type-page","status-publish","hentry"],"acf":[],"_links":{"self":[{"href":"https:\/\/viva.ezxdemo.com\/de\/wp-json\/wp\/v2\/pages\/9188","targetHints":{"allow":["GET"]}}],"collection":[{"href":"https:\/\/viva.ezxdemo.com\/de\/wp-json\/wp\/v2\/pages"}],"about":[{"href":"https:\/\/viva.ezxdemo.com\/de\/wp-json\/wp\/v2\/types\/page"}],"author":[{"embeddable":true,"href":"https:\/\/viva.ezxdemo.com\/de\/wp-json\/wp\/v2\/users\/2"}],"replies":[{"embeddable":true,"href":"https:\/\/viva.ezxdemo.com\/de\/wp-json\/wp\/v2\/comments?post=9188"}],"version-history":[{"count":5,"href":"https:\/\/viva.ezxdemo.com\/de\/wp-json\/wp\/v2\/pages\/9188\/revisions"}],"predecessor-version":[{"id":35298,"href":"https:\/\/viva.ezxdemo.com\/de\/wp-json\/wp\/v2\/pages\/9188\/revisions\/35298"}],"wp:attachment":[{"href":"https:\/\/viva.ezxdemo.com\/de\/wp-json\/wp\/v2\/media?parent=9188"}],"curies":[{"name":"wp","href":"https:\/\/api.w.org\/{rel}","templated":true}]}}