{"id":9235,"date":"2023-11-14T09:57:11","date_gmt":"2023-11-14T08:57:11","guid":{"rendered":"https:\/\/vivarapro.nl\/startseite\/"},"modified":"2026-03-03T09:12:34","modified_gmt":"2026-03-03T08:12:34","slug":"startseite","status":"publish","type":"page","link":"https:\/\/viva.ezxdemo.com\/de\/","title":{"rendered":"Startseite"},"content":{"rendered":"<div class=\"wpb-content-wrapper\"><p>[vc_row el_class=&#8221;main-banner&#8221; css=&#8221;.vc_custom_1762411058683{background-image: url(https:\/\/viva.ezxdemo.com\/wp-content\/uploads\/2025\/11\/Homepage-vivarapro.avif?id=27531) !important;}&#8221;][vc_column][vc_row_inner][vc_column_inner][vc_custom_heading text=&#8221;<strong>Nistm\u00f6glichkeiten<\/strong> f\u00fcr Flederm\u00e4use, V\u00f6gel und Wildtiere&#8221; font_container=&#8221;tag:h1|text_align:left&#8221; use_theme_fonts=&#8221;yes&#8221; css=&#8221;&#8221;][vc_column_text css_animation=&#8221;none&#8221; css=&#8221;&#8221;]Vivara Pro ist Europas gr\u00f6\u00dfter Hersteller professioneller Artenschutzprodukte f\u00fcr V\u00f6gel, Flederm\u00e4use und Insekten. Die Einbausteine, Fassadenk\u00e4sten, Nistk\u00e4sten, T\u00fcrme und Insektenhotels werden von uns entwickelt und hergestellt. Komplette Projektdurchf\u00fchrung und Ma\u00dfanfertigungen sind m\u00f6glich.[\/vc_column_text][vc_btn title=&#8221;Unsere Produkte&#8221; i_align=&#8221;right&#8221; css_animation=&#8221;fadeInLeft&#8221; css=&#8221;&#8221; add_icon=&#8221;true&#8221; el_class=&#8221;btn yellow-btn&#8221; link=&#8221;url:https%3A%2F%2Fwww.vivarapro.de%2Fprodukte%2F|title:Producten|&#8221;][\/vc_column_inner][\/vc_row_inner][\/vc_column][\/vc_row][vc_row el_class=&#8221;usps-section&#8221;][vc_column][vc_column_text]<div class=\"usps-inner\">        <div class=\"green-bar\">\n            <span>Mit Ihrem Kauf unterst\u00fctzen Sie die Arbeit des<\/span>\n            <img loading=\"lazy\" decoding=\"async\" src=\"https:\/\/viva.ezxdemo.com\/wp-content\/uploads\/2026\/02\/Ontwerp_zonder_titel__5_-removebg-preview.png\" width=\"829\" height=\"389\" alt=\"Logo\" title=\"|\">\n        <\/div>\n            <div href=\"https:\/\/www.vivarapro.de\/partner\/\" class=\"usps-wrapper\">\n            <img decoding=\"async\" src=\"https:\/\/viva.ezxdemo.com\/wp-content\/themes\/eijdems-internet-child\/assets\/images\/check-mark.svg\" width=\"32\" alt=\"check mark\" title=\"|\">\n            <span>Produkte, die gemeinsam mit Naturschutzorganisationen entwickelt wurden<\/span>\n        <\/div>\n            <div href=\"#\" class=\"usps-wrapper\">\n            <img decoding=\"async\" src=\"https:\/\/viva.ezxdemo.com\/wp-content\/themes\/eijdems-internet-child\/assets\/images\/check-mark.svg\" width=\"32\" alt=\"check mark\" title=\"|\">\n            <span>Erfahrene \u00d6kologen und Berater<\/span>\n        <\/div>\n            <div href=\"#\" class=\"usps-wrapper\">\n            <img decoding=\"async\" src=\"https:\/\/viva.ezxdemo.com\/wp-content\/themes\/eijdems-internet-child\/assets\/images\/check-mark.svg\" width=\"32\" alt=\"check mark\" title=\"|\">\n            <span>Eigene europ\u00e4ische Fabriken<\/span>\n        <\/div>\n            <div href=\"https:\/\/www.vivarapro.de\/holzbeton-und-das-fsc\/\" class=\"usps-wrapper\">\n            <img decoding=\"async\" src=\"https:\/\/viva.ezxdemo.com\/wp-content\/themes\/eijdems-internet-child\/assets\/images\/check-mark.svg\" width=\"32\" alt=\"check mark\" title=\"|\">\n            <span>Nachhaltige Produktion\/FSC\u00ae-zertifiziert<\/span>\n        <\/div>\n            <div href=\"https:\/\/www.vivarapro.de\/projecten\/\" class=\"usps-wrapper\">\n            <img decoding=\"async\" src=\"https:\/\/viva.ezxdemo.com\/wp-content\/themes\/eijdems-internet-child\/assets\/images\/check-mark.svg\" width=\"32\" alt=\"check mark\" title=\"|\">\n            <span>Komplette Projektdurchf\u00fchrung<\/span>\n        <\/div>\n    <\/div>[\/vc_column_text][\/vc_column][\/vc_row][vc_row el_class=&#8221;partners-logos-section&#8221;][vc_column][vc_custom_heading text=&#8221;Diese Organisationen empfehlen ausgew\u00e4hlte Produkte&#8221; use_theme_fonts=&#8221;yes&#8221; css=&#8221;&#8221;][\/vc_column][vc_column][vc_empty_space][\/vc_column][vc_column][vc_column_text]    <div class=\"partners-logos d-flex\">\n                    <div>\n                <a href=\"https:\/\/www.vogelbescherming.nl\/\" aria-label=\"partner logos\" title=\"\" target=\"_blank\" rel=\"noopener\"><img loading=\"lazy\" decoding=\"async\" src=\"https:\/\/viva.ezxdemo.com\/wp-content\/uploads\/2023\/12\/Vogelbescherming-Nederland.jpg\" width=\"202\" height=\"108\" alt=\"|\" title=\"|\">\n                <\/a>\n            <\/div>\n                    <div>\n                <a href=\"https:\/\/www.zoogdiervereniging.nl\/\" aria-label=\"partner logos\" title=\"\" target=\"_blank\" rel=\"noopener\"><img loading=\"lazy\" decoding=\"async\" src=\"https:\/\/viva.ezxdemo.com\/wp-content\/uploads\/2023\/11\/logo-1-2.jpg\" width=\"188\" height=\"108\" alt=\"|\" title=\"|\">\n                <\/a>\n            <\/div>\n                    <div>\n                <a href=\"https:\/\/www.vlinderstichting.nl\/\" aria-label=\"partner logos\" title=\"\" target=\"_blank\" rel=\"noopener\"><img loading=\"lazy\" decoding=\"async\" src=\"https:\/\/viva.ezxdemo.com\/wp-content\/uploads\/2023\/12\/de-vlinderstichting.jpg\" width=\"204\" height=\"108\" alt=\"|\" title=\"|\">\n                <\/a>\n            <\/div>\n                    <div>\n                <a href=\"https:\/\/www.eekhoornopvang.nl\/\" aria-label=\"partner logos\" title=\"\" target=\"_blank\" rel=\"noopener\"><img loading=\"lazy\" decoding=\"async\" src=\"https:\/\/viva.ezxdemo.com\/wp-content\/uploads\/2023\/12\/Eekhoornopvang-Nederland-1.jpg\" width=\"118\" height=\"108\" alt=\"|\" title=\"|\">\n                <\/a>\n            <\/div>\n                    <div>\n                <a href=\"https:\/\/vogelbescherming.be\/\" aria-label=\"partner logos\" title=\"\" target=\"_blank\" rel=\"noopener\"><img loading=\"lazy\" decoding=\"async\" src=\"https:\/\/viva.ezxdemo.com\/wp-content\/uploads\/2023\/12\/Vogelbescherming-vlaanderen-1.jpg\" width=\"288\" height=\"108\" alt=\"|\" title=\"|\">\n                <\/a>\n            <\/div>\n                    <div>\n                <a href=\"https:\/\/www.natuurpunt.be\/\" aria-label=\"partner logos\" title=\"\" target=\"_blank\" rel=\"noopener\"><img loading=\"lazy\" decoding=\"async\" src=\"https:\/\/viva.ezxdemo.com\/wp-content\/uploads\/2023\/12\/natuurpunt_logo_groen_rgb.jpg\" width=\"118\" height=\"108\" alt=\"|\" title=\"|\">\n                <\/a>\n            <\/div>\n                    <div>\n                <a href=\"https:\/\/www.nabu.de\/\" aria-label=\"partner logos\" title=\"\" target=\"_blank\" rel=\"noopener\"><img loading=\"lazy\" decoding=\"async\" src=\"https:\/\/viva.ezxdemo.com\/wp-content\/uploads\/2023\/12\/Nabu.jpg\" width=\"159\" height=\"108\" alt=\"|\" title=\"|\">\n                <\/a>\n            <\/div>\n                    <div>\n                <a href=\"https:\/\/www.lbv.de\/\" aria-label=\"partner logos\" title=\"\" target=\"_blank\" rel=\"noopener\"><img loading=\"lazy\" decoding=\"async\" src=\"https:\/\/viva.ezxdemo.com\/wp-content\/uploads\/2023\/12\/LBV-2.jpg\" width=\"118\" height=\"108\" alt=\"|\" title=\"|\">\n                <\/a>\n            <\/div>\n            <\/div>\n    [\/vc_column_text][\/vc_column][\/vc_row][vc_row el_class=&#8221;home-cats home-cats-1&#8243;][vc_column width=&#8221;1\/12&#8243;][\/vc_column][vc_column css_animation=&#8221;bounceIn&#8221; width=&#8221;4\/12&#8243;][vc_custom_heading text=&#8221;Unsere Produktgruppen&#8221; use_theme_fonts=&#8221;yes&#8221;][vc_column_text]Die langj\u00e4hrige Zusammenarbeit zwischen Vivara Pro und den Naturschutzorganisationen hat dazu gef\u00fchrt, dass die Produkte die h\u00f6chsten Qualit\u00e4tsstandards erf\u00fcllen und von den Naturschutzorganisationen zertifiziert wurden.[\/vc_column_text][vc_btn title=&#8221;Alle unsere Produktgruppen ansehen&#8221; i_align=&#8221;right&#8221; add_icon=&#8221;true&#8221; link=&#8221;url:https%3A%2F%2Fwww.vivarapro.de%2Fprodukte%2F|title:Producten|&#8221; el_class=&#8221;green-btn&#8221;][\/vc_column][vc_column width=&#8221;2\/12&#8243;][vc_hoverbox image=&#8221;9245&#8243; primary_title=&#8221;FLEDERMAUSKASTEN&#8221; hover_title=&#8221;FLEDERMAUSKASTEN&#8221; hover_title_font_container=&#8221;color:%23ffffff&#8221; hover_title_use_theme_fonts=&#8221;yes&#8221; shape=&#8221;square&#8221; hover_background_color=&#8221;custom&#8221; hover_btn_title=&#8221;FLEDERMAUSKASTEN&#8221; hover_btn_i_align=&#8221;right&#8221; use_custom_fonts_hover_title=&#8221;true&#8221; hover_add_button=&#8221;true&#8221; reverse=&#8221;true&#8221; hover_btn_add_icon=&#8221;true&#8221; hover_btn_link=&#8221;url:https%3A%2F%2Fwww.vivarapro.de%2Fprodukt-kategorie%2Ffledermause%2F|title:Flederm%C3%A4use&#8221; el_class=&#8221;bats&#8221; hover_title_link=&#8221;url:https%3A%2F%2Fwww.vivarapro.de%2Fprodukt-kategorie%2Ffledermause%2F|title:Flederm%C3%A4use&#8221; hover_custom_background=&#8221;#608c64&#8243;][\/vc_hoverbox][\/vc_column][vc_column width=&#8221;2\/12&#8243;][vc_hoverbox image=&#8221;9246&#8243; primary_title=&#8221;MAUERSEGLERKASTEN&#8221; hover_title=&#8221;MAUERSEGLER &#8211; GEH\u00c4USE&#8221; hover_title_font_container=&#8221;color:%23ffffff&#8221; hover_title_use_theme_fonts=&#8221;yes&#8221; shape=&#8221;square&#8221; hover_background_color=&#8221;custom&#8221; hover_btn_title=&#8221;MAUERSEGLERKASTEN&#8221; hover_btn_i_align=&#8221;right&#8221; use_custom_fonts_hover_title=&#8221;true&#8221; hover_add_button=&#8221;true&#8221; reverse=&#8221;true&#8221; hover_btn_add_icon=&#8221;true&#8221; hover_btn_link=&#8221;url:https%3A%2F%2Fwww.vivarapro.de%2Fprodukt-kategorie%2Fmauersegler%2F|title:Mauersegler&#8221; el_class=&#8221;swallow&#8221; hover_title_link=&#8221;url:https%3A%2F%2Fwww.vivarapro.de%2Fprodukt-kategorie%2Fmauersegler%2F|title:Mauersegler&#8221; hover_custom_background=&#8221;#608c64&#8243;][\/vc_hoverbox][\/vc_column][vc_column width=&#8221;2\/12&#8243;][vc_hoverbox image=&#8221;9247&#8243; primary_title=&#8221;NISKASTEN F\u00dcR HAUSSPERLINGE&#8221; hover_title=&#8221;UNTERKUNFT DER SPATZEN&#8221; hover_title_font_container=&#8221;color:%23ffffff&#8221; hover_title_use_theme_fonts=&#8221;yes&#8221; shape=&#8221;square&#8221; hover_background_color=&#8221;custom&#8221; hover_btn_title=&#8221;NISKASTEN F\u00dcR HAUSSPERLINGE&#8221; hover_btn_i_align=&#8221;right&#8221; use_custom_fonts_hover_title=&#8221;true&#8221; hover_add_button=&#8221;true&#8221; reverse=&#8221;true&#8221; hover_btn_add_icon=&#8221;true&#8221; hover_btn_link=&#8221;url:https%3A%2F%2Fwww.vivarapro.de%2Fprodukt-kategorie%2Fhaussperlinge%2F|title:Haussperlinge&#8221; el_class=&#8221;small-bird&#8221; hover_title_link=&#8221;url:https%3A%2F%2Fwww.vivarapro.de%2Fprodukt-kategorie%2Fhaussperlinge%2F|title:Haussperlinge&#8221; hover_custom_background=&#8221;#608c64&#8243;][\/vc_hoverbox][\/vc_column][vc_column width=&#8221;1\/12&#8243;][\/vc_column][\/vc_row][vc_row el_class=&#8221;home-cats home-cats-2&#8243;][vc_column width=&#8221;1\/12&#8243;][\/vc_column][vc_column width=&#8221;2\/12&#8243;][vc_hoverbox image=&#8221;9248&#8243; primary_title=&#8221;EINBAUSTEINE&#8221; hover_title=&#8221;EINBAUSTEINE&#8221; hover_title_font_container=&#8221;color:%23ffffff&#8221; hover_title_use_theme_fonts=&#8221;yes&#8221; shape=&#8221;square&#8221; hover_background_color=&#8221;custom&#8221; hover_btn_title=&#8221;EINBAUSTEINE&#8221; hover_btn_i_align=&#8221;right&#8221; use_custom_fonts_hover_title=&#8221;true&#8221; hover_add_button=&#8221;true&#8221; reverse=&#8221;true&#8221; hover_btn_add_icon=&#8221;true&#8221; hover_btn_link=&#8221;url:https%3A%2F%2Fwww.vivarapro.de%2Fprodukt-kategorie%2Feinbausteine%2F|title:Einbausteine&#8221; el_class=&#8221;inbouwstenen&#8221; hover_title_link=&#8221;url:https%3A%2F%2Fwww.vivarapro.de%2Fprodukt-kategorie%2Feinbausteine%2F|title:Einbausteine&#8221; hover_custom_background=&#8221;#608c64&#8243;][\/vc_hoverbox][\/vc_column][vc_column width=&#8221;2\/12&#8243;][vc_hoverbox image=&#8221;9244&#8243; primary_title=&#8221;INSEKTENNISTHILFEN&#8221; hover_title=&#8221;INSEKTEN &#8211; BLEIBT&#8221; hover_title_font_container=&#8221;color:%23ffffff&#8221; hover_title_use_theme_fonts=&#8221;yes&#8221; shape=&#8221;square&#8221; hover_background_color=&#8221;custom&#8221; hover_btn_title=&#8221;INSEKTENNISTHILFEN&#8221; hover_btn_i_align=&#8221;right&#8221; use_custom_fonts_hover_title=&#8221;true&#8221; hover_add_button=&#8221;true&#8221; reverse=&#8221;true&#8221; hover_btn_add_icon=&#8221;true&#8221; hover_btn_link=&#8221;url:https%3A%2F%2Fwww.vivarapro.de%2Fprodukt-kategorie%2Finsektennisthilfen%2F|title:Insektennisthilfen&#8221; el_class=&#8221;butterfly&#8221; hover_title_link=&#8221;url:https%3A%2F%2Fwww.vivarapro.de%2Fprodukt-kategorie%2Finsektennisthilfen%2F|title:Insektennisthilfen&#8221; hover_custom_background=&#8221;#608c64&#8243;][\/vc_hoverbox][\/vc_column][vc_column width=&#8221;2\/12&#8243;][vc_hoverbox image=&#8221;9250&#8243; primary_title=&#8221;L\u00d6SUNGEN F\u00dcR AMPHIBIEN&#8221; hover_title=&#8221;L\u00d6SUNGEN F\u00dcR AMPHIBIEN&#8221; hover_title_font_container=&#8221;color:%23ffffff&#8221; hover_title_use_theme_fonts=&#8221;yes&#8221; shape=&#8221;square&#8221; hover_background_color=&#8221;custom&#8221; hover_btn_title=&#8221;L\u00d6SUNGEN F\u00dcR AMPHIBIEN&#8221; hover_btn_i_align=&#8221;right&#8221; use_custom_fonts_hover_title=&#8221;true&#8221; hover_add_button=&#8221;true&#8221; reverse=&#8221;true&#8221; hover_btn_add_icon=&#8221;true&#8221; hover_btn_link=&#8221;url:https%3A%2F%2Fwww.vivarapro.de%2Fprodukt-kategorie%2Famphibien%2F|title:Amfibie%C3%ABn%20oplossingen&#8221; el_class=&#8221;frog&#8221; hover_title_link=&#8221;url:https%3A%2F%2Fwww.vivarapro.de%2Fprodukt-kategorie%2Famphibien%2F|title:Amfibie%C3%ABn%20oplossingen&#8221; hover_custom_background=&#8221;#608c64&#8243;][\/vc_hoverbox][\/vc_column][vc_column width=&#8221;2\/12&#8243;][\/vc_column][\/vc_row][vc_row css=&#8221;.vc_custom_1755521747095{background-image: url(https:\/\/viva.ezxdemo.com\/wp-content\/uploads\/2023\/11\/houses-bg.jpg?id=133) !important;background-position: center !important;background-repeat: no-repeat !important;background-size: cover !important;}&#8221; el_class=&#8221;video-section&#8221;][vc_column css_animation=&#8221;fadeInLeftBig&#8221; width=&#8221;2\/3&#8243;][vc_custom_heading text=&#8221;WARUM NATURINKLUSIVES BAUEN&#8221; font_container=&#8221;tag:h3|text_align:left&#8221; use_theme_fonts=&#8221;yes&#8221;][vc_column_text]Naturinklusives Bauen hat viele Vorteile f\u00fcr Mensch und Tier, sie erh\u00f6ht die Artenvielfalt und schafft ein angenehmes Lebensumfeld. Sie schafft eine Win-Win-Situation und ist eine Voraussetzung daf\u00fcr, dass unsere Umwelt auch in Zukunft lebenswert bleibt.[\/vc_column_text][vc_column_text]Die Website <a href=\"https:\/\/www.checklistgroenbouwen.nl\/\" target=\"_blank\" rel=\"noopener\">Checklist Green Building<\/a>, eine Initiative von Vogelbescherming Nederland und der Mammal Society, bietet viele Informationen \u00fcber naturinklusives Bauen. Dort finden Sie mehrere Beispielprojekte und k\u00f6nnen sich individuell beraten lassen, um Projekte und Designs naturfreundlicher zu gestalten. Dar\u00fcber hinaus haben Vogelbescherming Nederland und die Mammal Society eine <a href=\"https:\/\/www.bouwnatuurinclusief.nl\/\" target=\"_blank\" rel=\"noopener\">Online-Toolbox<\/a> f\u00fcr naturinklusives Bauen mit praktischen Informationen und Hilfsmitteln ins Leben gerufen. So bauen wir gemeinsam erfolgreich Naturinklusives Bauen.[\/vc_column_text][vc_btn title=&#8221;Sehen Sie sich unsere Produkte f\u00fcr naturinklusives Bauen&#8221; i_align=&#8221;right&#8221; add_icon=&#8221;true&#8221; link=&#8221;url:https%3A%2F%2Fwww.vivarapro.de%2Fprodukte%2F|title:Natuurinclusief%20bouwen|&#8221; el_class=&#8221;green-btn&#8221;][\/vc_column][vc_column width=&#8221;1\/3&#8243;][\/vc_column][\/vc_row]<\/p>\n<\/div>","protected":false},"excerpt":{"rendered":"<p>[vc_row el_class=&#8221;main-banner&#8221; css=&#8221;.vc_custom_1762411058683{background-image: url(https:\/\/viva.ezxdemo.com\/wp-content\/uploads\/2025\/11\/Homepage-vivarapro.avif?id=27531) !important;}&#8221;][vc_column][vc_row_inner][vc_column_inner][vc_custom_heading text=&#8221;Nistm\u00f6glichkeiten f\u00fcr Flederm\u00e4use, V\u00f6gel und Wildtiere&#8221; font_container=&#8221;tag:h1|text_align:left&#8221; use_theme_fonts=&#8221;yes&#8221; css=&#8221;&#8221;][vc_column_text css_animation=&#8221;none&#8221; css=&#8221;&#8221;]Vivara Pro ist Europas gr\u00f6\u00dfter Hersteller professioneller Artenschutzprodukte f\u00fcr V\u00f6gel, Flederm\u00e4use und Insekten. Die Einbausteine, Fassadenk\u00e4sten, Nistk\u00e4sten, T\u00fcrme und Insektenhotels werden von uns entwickelt und hergestellt. Komplette Projektdurchf\u00fchrung und Ma\u00dfanfertigungen sind m\u00f6glich.[\/vc_column_text][vc_btn title=&#8221;Unsere Produkte&#8221; i_align=&#8221;right&#8221; css_animation=&#8221;fadeInLeft&#8221; css=&#8221;&#8221; add_icon=&#8221;true&#8221; el_class=&#8221;btn yellow-btn&#8221; [&hellip;]<\/p>\n","protected":false},"author":41,"featured_media":0,"parent":0,"menu_order":0,"comment_status":"closed","ping_status":"open","template":"","meta":{"_acf_changed":false,"_relevanssi_hide_post":"","_relevanssi_hide_content":"","_relevanssi_pin_for_all":"","_relevanssi_pin_keywords":"","_relevanssi_unpin_keywords":"","_relevanssi_related_keywords":"","_relevanssi_related_include_ids":"","_relevanssi_related_exclude_ids":"","_relevanssi_related_no_append":"","_relevanssi_related_not_related":"","_relevanssi_related_posts":"","_relevanssi_noindex_reason":"","footnotes":""},"class_list":["post-9235","page","type-page","status-publish","hentry"],"acf":[],"_links":{"self":[{"href":"https:\/\/viva.ezxdemo.com\/de\/wp-json\/wp\/v2\/pages\/9235","targetHints":{"allow":["GET"]}}],"collection":[{"href":"https:\/\/viva.ezxdemo.com\/de\/wp-json\/wp\/v2\/pages"}],"about":[{"href":"https:\/\/viva.ezxdemo.com\/de\/wp-json\/wp\/v2\/types\/page"}],"author":[{"embeddable":true,"href":"https:\/\/viva.ezxdemo.com\/de\/wp-json\/wp\/v2\/users\/41"}],"replies":[{"embeddable":true,"href":"https:\/\/viva.ezxdemo.com\/de\/wp-json\/wp\/v2\/comments?post=9235"}],"version-history":[{"count":7,"href":"https:\/\/viva.ezxdemo.com\/de\/wp-json\/wp\/v2\/pages\/9235\/revisions"}],"predecessor-version":[{"id":36373,"href":"https:\/\/viva.ezxdemo.com\/de\/wp-json\/wp\/v2\/pages\/9235\/revisions\/36373"}],"wp:attachment":[{"href":"https:\/\/viva.ezxdemo.com\/de\/wp-json\/wp\/v2\/media?parent=9235"}],"curies":[{"name":"wp","href":"https:\/\/api.w.org\/{rel}","templated":true}]}}