{"id":9262,"date":"2023-11-14T09:57:11","date_gmt":"2023-11-14T08:57:11","guid":{"rendered":"https:\/\/vivarapro.nl\/datenschutzbestimmungen\/"},"modified":"2026-01-21T12:06:19","modified_gmt":"2026-01-21T11:06:19","slug":"datenschutzbestimmungen","status":"publish","type":"page","link":"https:\/\/viva.ezxdemo.com\/de\/datenschutzbestimmungen\/","title":{"rendered":"Datenschutzbestimmungen"},"content":{"rendered":"<div class=\"wpb-content-wrapper\"><p>[vc_row][vc_column][vc_custom_heading text=&#8221;Datenschutzbestimmungen&#8221; font_container=&#8221;tag:h1|text_align:left&#8221; use_theme_fonts=&#8221;yes&#8221; css=&#8221;.vc_custom_1704987161263{margin-left: 35px !important;}&#8221;][vc_empty_space][vc_column_text css=&#8221;.vc_custom_1704987103784{margin-right: 35px !important;margin-left: 35px !important;}&#8221;]Vivara Pro respektiert die Privatsph\u00e4re aller Nutzer seiner Website und stellt sicher, dass die pers\u00f6nlichen Daten, die Sie uns zur Verf\u00fcgung stellen, vertraulich behandelt werden. Wir verwenden Ihre Daten, um Anfragen so schnell und einfach wie m\u00f6glich zu gestalten. Vivara Pro wird Ihre pers\u00f6nlichen Daten nicht an Dritte verkaufen.<\/p>\n<p>Vivara Pro,<br \/>\nOverloonseweg 11c<br \/>\n5821 EE Vierlingsbeek<\/p>\n<p>Handelsregister: 91960983<br \/>\nIBAN: NL26 RABO 0379 0753 93<br \/>\nUmsatzsteuer-Identifikationsnummer: NL865 831 841 B01<br \/>\nBIC-Code: RABONL2U<\/p>\n<p>Ihre Daten erm\u00f6glichen es uns, Ihnen den bestm\u00f6glichen Service zu bieten Wenn Sie ein Angebot anfordern oder eine Bestellung aufgeben, ben\u00f6tigen wir Ihren Firmennamen, Ihren Namen, Ihre Lieferanschrift, Ihre Telefonnummer und Ihre E-Mail-Adresse, um Ihre Anfrage oder Bestellung auszuf\u00fchren und Sie \u00fcber den Fortgang zu informieren. Wenn Sie ein Konto bei Vivara Pro anlegen, speichern wir Ihre Daten. In Ihrem Konto speichern wir Informationen wie den Namen Ihres Unternehmens, Ihren Namen und Ihre Adresse, Ihre Telefonnummer, Ihre E-Mail-Adresse und Ihre Lieferanschrift, damit Sie diese Angaben nicht jedes Mal neu machen m\u00fcssen. Die Informationen werden nur intern verwendet und nicht zu kommerziellen Zwecken an andere Organisationen weitergegeben. Vivara Pro wird Sie nur dann telefonisch kontaktieren, wenn dies notwendig ist, um Sie \u00fcber die von Ihnen gestellten Anfragen oder Bestellungen zu informieren.<\/p>\n<h4>Sie k\u00f6nnen Ihre Daten jederzeit \u00e4ndern<\/h4>\n<p>Sobald Sie angemeldet sind, k\u00f6nnen Sie alle von Ihnen eingegebenen Daten selbst \u00fcberpr\u00fcfen, \u00e4ndern oder l\u00f6schen. Wenn Sie einen Antrag oder eine Bestellung stornieren m\u00f6chten, wenden Sie sich bitte telefonisch an Vivara Pro (0478-517945). Bei Fragen zu Ihrer Registrierung in unserem internen System wenden Sie sich bitte telefonisch, elektronisch<a href=\"mailto:info@vivarapro.com\">(info@vivarapro.com)<\/a> oder schriftlich (Postfach 5068, 5800 WB Venray) an uns. Ihre pers\u00f6nlichen Daten sind bei Vivara Pro sicher.<\/p>\n<p>Wir wissen das Vertrauen zu sch\u00e4tzen, das Sie uns entgegenbringen, und werden daher mit Ihren Daten \u00e4u\u00dferst sorgf\u00e4ltig umgehen. Vivara Pro verkauft Ihre Daten nicht an Dritte und stellt sie nur den Personen zur Verf\u00fcgung, die an der Ausf\u00fchrung Ihrer Anfrage oder Bestellung beteiligt sind. Wir haben die erforderlichen Sicherheitsma\u00dfnahmen ergriffen, um den Verlust, die unbefugte Nutzung oder die \u00c4nderung von Informationen, die wir auf unserer Website erhalten, zu verhindern.<\/p>\n<h4>Diese Website verwendet Cookies.<\/h4>\n<p>Wir verwenden Cookies zum Beispiel, um uns zu merken, was Sie in Ihren Warenkorb gelegt haben, f\u00fcr statistische Analysen und f\u00fcr Werbung. W\u00e4hlen Sie eine der beiden nachstehenden Optionen, andernfalls k\u00f6nnen Cookies gesetzt werden. Sie k\u00f6nnen Ihre Cookies jederzeit \u00fcber das Einstellungsmen\u00fc \u00e4ndern.<\/p>\n<p>Cookies sind kleine Textdateien, die von Websites verwendet werden k\u00f6nnen, um die Nutzererfahrung effizienter zu gestalten. Laut Gesetz ist es uns gestattet, Cookies auf Ihrem Ger\u00e4t zu speichern, wenn sie f\u00fcr die Nutzung der Website unbedingt erforderlich sind. F\u00fcr alle anderen Arten von Cookies ben\u00f6tigen wir Ihre Zustimmung. Diese Website verwendet verschiedene Arten von Cookies. Einige Cookies werden von Diensten Dritter gesetzt, die auf unseren Seiten angezeigt werden. Die Cookie-Erkl\u00e4rung auf unserer Website erm\u00f6glicht es Ihnen, Ihre Zustimmung jederzeit zu \u00e4ndern oder zu widerrufen.[\/vc_column_text][\/vc_column][\/vc_row][vc_row][vc_column][\/vc_column][\/vc_row]<\/p>\n<\/div>","protected":false},"excerpt":{"rendered":"<p>[vc_row][vc_column][vc_custom_heading text=&#8221;Datenschutzbestimmungen&#8221; font_container=&#8221;tag:h1|text_align:left&#8221; use_theme_fonts=&#8221;yes&#8221; css=&#8221;.vc_custom_1704987161263{margin-left: 35px !important;}&#8221;][vc_empty_space][vc_column_text css=&#8221;.vc_custom_1704987103784{margin-right: 35px !important;margin-left: 35px !important;}&#8221;]Vivara Pro respektiert die Privatsph\u00e4re aller Nutzer seiner Website und stellt sicher, dass die pers\u00f6nlichen Daten, die Sie uns zur Verf\u00fcgung stellen, vertraulich behandelt werden. Wir verwenden Ihre Daten, um Anfragen so schnell und einfach wie m\u00f6glich zu gestalten. Vivara Pro wird Ihre pers\u00f6nlichen [&hellip;]<\/p>\n","protected":false},"author":41,"featured_media":0,"parent":0,"menu_order":0,"comment_status":"closed","ping_status":"closed","template":"","meta":{"_acf_changed":false,"_relevanssi_hide_post":"","_relevanssi_hide_content":"","_relevanssi_pin_for_all":"","_relevanssi_pin_keywords":"","_relevanssi_unpin_keywords":"","_relevanssi_related_keywords":"","_relevanssi_related_include_ids":"","_relevanssi_related_exclude_ids":"","_relevanssi_related_no_append":"","_relevanssi_related_not_related":"","_relevanssi_related_posts":"","_relevanssi_noindex_reason":"","footnotes":""},"class_list":["post-9262","page","type-page","status-publish","hentry"],"acf":[],"_links":{"self":[{"href":"https:\/\/viva.ezxdemo.com\/de\/wp-json\/wp\/v2\/pages\/9262","targetHints":{"allow":["GET"]}}],"collection":[{"href":"https:\/\/viva.ezxdemo.com\/de\/wp-json\/wp\/v2\/pages"}],"about":[{"href":"https:\/\/viva.ezxdemo.com\/de\/wp-json\/wp\/v2\/types\/page"}],"author":[{"embeddable":true,"href":"https:\/\/viva.ezxdemo.com\/de\/wp-json\/wp\/v2\/users\/41"}],"replies":[{"embeddable":true,"href":"https:\/\/viva.ezxdemo.com\/de\/wp-json\/wp\/v2\/comments?post=9262"}],"version-history":[{"count":5,"href":"https:\/\/viva.ezxdemo.com\/de\/wp-json\/wp\/v2\/pages\/9262\/revisions"}],"predecessor-version":[{"id":34112,"href":"https:\/\/viva.ezxdemo.com\/de\/wp-json\/wp\/v2\/pages\/9262\/revisions\/34112"}],"wp:attachment":[{"href":"https:\/\/viva.ezxdemo.com\/de\/wp-json\/wp\/v2\/media?parent=9262"}],"curies":[{"name":"wp","href":"https:\/\/api.w.org\/{rel}","templated":true}]}}