{"id":12796,"date":"2024-10-10T16:00:37","date_gmt":"2024-10-10T14:00:37","guid":{"rendered":"https:\/\/vivarapro.nl\/?post_type=product&#038;p=12796"},"modified":"2026-02-03T12:13:48","modified_gmt":"2026-02-03T11:13:48","slug":"ib-gz-16-mauersegler-einbau-nistkasten","status":"publish","type":"product","link":"https:\/\/viva.ezxdemo.com\/de\/produkt\/ib-gz-16-mauersegler-einbau-nistkasten\/","title":{"rendered":"IB GZ 16 Mauersegler Einbaunistkasten"},"content":{"rendered":"<p>Dieser Einbaunistkasten bietet eine wirksame Ausgleichsma\u00dfnahme f\u00fcr Mauerseglernistpl\u00e4tze in der Fassade. Er eignet sich sowohl f\u00fcr Neubauten als auch f\u00fcr Sanierungen oder nachtr\u00e4gliche Fassadend\u00e4mmungen und l\u00e4sst sich besonders gut in verputzte Fassaden integrieren.<\/p>\n<p>Die H\u00f6he des Kastens entspricht dem Waalformat, wodurch er sich problemlos in das Mauerwerk einf\u00fcgt. Die Einflug\u00f6ffnung kann je nach Bedarf nach links oder rechts ausgerichtet werden.<\/p>\n<p>Neben Mauerseglern wird der Kasten auch gerne von Haussperlingen genutzt. Deren Anwesenheit kann den Mauerseglern sogar dabei helfen, den Nistkasten schneller zu entdecken. Sobald Mauersegler den Kasten \u00fcbernehmen m\u00f6chten, setzen sie sich in der Regel durch, mitunter sehr energisch. Auch Kohlmeisen und Blaumeisen finden gelegentlich hier einen Brutplatz.<\/p>\n<p>Der Einbaunistkasten ist vollst\u00e4ndig aus FSC\u00ae-zertifiziertem Holzbeton gefertigt und erf\u00fcllt h\u00f6chste Anspr\u00fcche an Langlebigkeit und Funktionalit\u00e4t.<\/p>\n","protected":false},"excerpt":{"rendered":"<p>IB GZ 16 Mauersegler Einbau-Nistkasten | Robuster Einbaunistkasten aus Holzbeton | ideal f\u00fcr Mauersegler, Haussperlinge und Sanierungsprojekte<\/p>\n","protected":false},"featured_media":31233,"template":"","meta":{"_acf_changed":false,"_relevanssi_hide_post":"","_relevanssi_hide_content":"","_relevanssi_pin_for_all":"","_relevanssi_pin_keywords":"","_relevanssi_unpin_keywords":"","_relevanssi_related_keywords":"","_relevanssi_related_include_ids":"","_relevanssi_related_exclude_ids":"","_relevanssi_related_no_append":"","_relevanssi_related_not_related":"","_relevanssi_related_posts":"","_relevanssi_noindex_reason":""},"product_brand":[],"product_cat":[4583,4599,4585],"product_tag":[7306,7376,7281,7313,7300,7287,7280,7286,7586,7302,7293],"class_list":{"0":"post-12796","1":"product","2":"type-product","3":"status-publish","4":"has-post-thumbnail","6":"product_cat-einbausteine","7":"product_cat-einbausteine-mauersegler","8":"product_cat-mauersegler","9":"product_tag-brutplatz","10":"product_tag-einbaustein","11":"product_tag-fassade","12":"product_tag-grau","13":"product_tag-holz","14":"product_tag-holzbeton","15":"product_tag-kast","16":"product_tag-kasten","17":"product_tag-mauersegler","18":"product_tag-nistkasten","19":"product_tag-voegel","20":"pa_binnenmaat-b-x-h-x-d-cm-37-x-13-x-15-de","21":"pa_buitenmaat-b-x-h-x-d-cm-42-x-18x-19-de","22":"pa_gewicht-kg-83-de","23":"pa_invliegopening-30-x-65-de","24":"pa_kleur-grau","25":"pa_materiaal-woodstone-de","26":"pa_materiaal-voor-filter-holzbeton","27":"pa_soort-schwalben","28":"pa_soortgroep-mauersegler","30":"first","31":"instock","32":"purchasable","33":"product-type-simple"},"acf":[],"_links":{"self":[{"href":"https:\/\/viva.ezxdemo.com\/de\/wp-json\/wp\/v2\/product\/12796","targetHints":{"allow":["GET"]}}],"collection":[{"href":"https:\/\/viva.ezxdemo.com\/de\/wp-json\/wp\/v2\/product"}],"about":[{"href":"https:\/\/viva.ezxdemo.com\/de\/wp-json\/wp\/v2\/types\/product"}],"wp:featuredmedia":[{"embeddable":true,"href":"https:\/\/viva.ezxdemo.com\/de\/wp-json\/wp\/v2\/media\/31233"}],"wp:attachment":[{"href":"https:\/\/viva.ezxdemo.com\/de\/wp-json\/wp\/v2\/media?parent=12796"}],"wp:term":[{"taxonomy":"product_brand","embeddable":true,"href":"https:\/\/viva.ezxdemo.com\/de\/wp-json\/wp\/v2\/product_brand?post=12796"},{"taxonomy":"product_cat","embeddable":true,"href":"https:\/\/viva.ezxdemo.com\/de\/wp-json\/wp\/v2\/product_cat?post=12796"},{"taxonomy":"product_tag","embeddable":true,"href":"https:\/\/viva.ezxdemo.com\/de\/wp-json\/wp\/v2\/product_tag?post=12796"}],"curies":[{"name":"wp","href":"https:\/\/api.w.org\/{rel}","templated":true}]}}