{"id":15591,"date":"2024-11-05T09:21:52","date_gmt":"2024-11-05T08:21:52","guid":{"rendered":"https:\/\/vivarapro.nl\/?post_type=product&#038;p=15591"},"modified":"2025-09-18T14:04:40","modified_gmt":"2025-09-18T12:04:40","slug":"nk-al-01-nistkasten-oval","status":"publish","type":"product","link":"https:\/\/viva.ezxdemo.com\/de\/produkt\/nk-al-01-nistkasten-oval\/","title":{"rendered":"NK AL 01 Nistkasten oval"},"content":{"rendered":"<p class=\"\" data-start=\"43\" data-end=\"251\">Dieses ovale Nistk\u00e4stchen aus Woodstone\u00ae (Holzbeton) bietet V\u00f6geln einen komfortablen und sicheren Brutplatz und ist mit Marderabwehr ausgestattet. Dadurch tr\u00e4gt das K\u00e4stchen zur Vermeidung von Pr\u00e4dation bei.<\/p>\n<p class=\"\" data-start=\"253\" data-end=\"280\"><strong data-start=\"253\" data-end=\"280\">Vorteile von Woodstone\u00ae<\/strong><\/p>\n<ul data-start=\"282\" data-end=\"412\">\n<li class=\"\" data-start=\"282\" data-end=\"353\">\n<p class=\"\" data-start=\"284\" data-end=\"353\">Isolierendes und atmungsaktives Material f\u00fcr bessere Brutergebnisse<\/p>\n<\/li>\n<li class=\"\" data-start=\"354\" data-end=\"392\">\n<p class=\"\" data-start=\"356\" data-end=\"392\">Zus\u00e4tzlicher Schutz vor Raubtieren<\/p>\n<\/li>\n<li class=\"\" data-start=\"393\" data-end=\"412\">\n<p class=\"\" data-start=\"395\" data-end=\"412\">Lange Lebensdauer<\/p>\n<\/li>\n<\/ul>\n","protected":false},"excerpt":{"rendered":"<p>NK AL 01 Nistkasten Oval | Hergestellt aus Woodstone\u00ae | marderschutz, atmungsaktiv und langlebig f\u00fcr sichere Brutpl\u00e4tze.<\/p>\n","protected":false},"featured_media":15635,"template":"","meta":{"_acf_changed":false,"_relevanssi_hide_post":"","_relevanssi_hide_content":"","_relevanssi_pin_for_all":"","_relevanssi_pin_keywords":"","_relevanssi_unpin_keywords":"","_relevanssi_related_keywords":"","_relevanssi_related_include_ids":"","_relevanssi_related_exclude_ids":"","_relevanssi_related_no_append":"","_relevanssi_related_not_related":"","_relevanssi_related_posts":"","_relevanssi_noindex_reason":""},"product_brand":[],"product_cat":[4589,4601,4604,4586,4620,4612,7870],"product_tag":[7306,7287,7286,7319,7384,7302,7318,7382,7383,7320,7293],"class_list":{"0":"post-15591","1":"product","2":"type-product","3":"status-publish","4":"has-post-thumbnail","6":"product_cat-singvogel","7":"product_cat-fassadenkaesten","8":"product_cat-fassadenkaesten-haussperlinge","9":"product_cat-haussperlinge","10":"product_cat-nistkasten-fur-gartenrotschwanze","11":"product_cat-nistkaesten-haussperlinge","12":"product_cat-nistkaesten","13":"product_tag-brutplatz","14":"product_tag-holzbeton","15":"product_tag-kasten","16":"product_tag-marder","17":"product_tag-marderchutz","18":"product_tag-nistkasten","19":"product_tag-oval","20":"product_tag-ovale","21":"product_tag-ovales","22":"product_tag-schutz","23":"product_tag-voegel","24":"pa_invliegopening-oval-de","25":"pa_kleur-grun","26":"pa_materiaal-holzbeton","27":"pa_soort-gartenrotschwanz","28":"pa_soort-haussperling","29":"pa_soortgroep-singvogel","30":"pa_soortgroep-sperlingen","32":"first","33":"instock","34":"purchasable","35":"product-type-simple"},"acf":[],"_links":{"self":[{"href":"https:\/\/viva.ezxdemo.com\/de\/wp-json\/wp\/v2\/product\/15591","targetHints":{"allow":["GET"]}}],"collection":[{"href":"https:\/\/viva.ezxdemo.com\/de\/wp-json\/wp\/v2\/product"}],"about":[{"href":"https:\/\/viva.ezxdemo.com\/de\/wp-json\/wp\/v2\/types\/product"}],"wp:featuredmedia":[{"embeddable":true,"href":"https:\/\/viva.ezxdemo.com\/de\/wp-json\/wp\/v2\/media\/15635"}],"wp:attachment":[{"href":"https:\/\/viva.ezxdemo.com\/de\/wp-json\/wp\/v2\/media?parent=15591"}],"wp:term":[{"taxonomy":"product_brand","embeddable":true,"href":"https:\/\/viva.ezxdemo.com\/de\/wp-json\/wp\/v2\/product_brand?post=15591"},{"taxonomy":"product_cat","embeddable":true,"href":"https:\/\/viva.ezxdemo.com\/de\/wp-json\/wp\/v2\/product_cat?post=15591"},{"taxonomy":"product_tag","embeddable":true,"href":"https:\/\/viva.ezxdemo.com\/de\/wp-json\/wp\/v2\/product_tag?post=15591"}],"curies":[{"name":"wp","href":"https:\/\/api.w.org\/{rel}","templated":true}]}}