{"id":16028,"date":"2024-11-11T13:55:53","date_gmt":"2024-11-11T12:55:53","guid":{"rendered":"https:\/\/vivarapro.nl\/?post_type=product&#038;p=16028"},"modified":"2025-08-28T15:37:14","modified_gmt":"2025-08-28T13:37:14","slug":"ip-bl-05-insektenblock-gelb","status":"publish","type":"product","link":"https:\/\/viva.ezxdemo.com\/de\/produkt\/ip-bl-05-insektenblock-gelb\/","title":{"rendered":"IP BL 05 Insektenblock gelb"},"content":{"rendered":"<p class=\"\" data-start=\"89\" data-end=\"478\">Der IP BL 05 Insektenblock Gelb bietet Bienen einen sicheren Nistplatz.<br data-start=\"164\" data-end=\"167\" \/>Aufgrund des R\u00fcckgangs der Bienenpopulation ist Unterst\u00fctzung besonders wichtig. Dieses sechseckige Hotel aus dem nachhaltigen Material WoodStone\u00ae (Holzfaser und Beton) hat eine lange Lebensdauer. Der Bambuseinsatz im Inneren l\u00e4sst sich leicht austauschen, sodass Insekten immer wieder ein neues Zuhause finden.<\/p>\n<p class=\"\" data-start=\"480\" data-end=\"653\">WoodStone\u00ae wird in Europa hergestellt und ist isolierend sowie atmungsaktiv.<br data-start=\"560\" data-end=\"563\" \/>Platzieren Sie den Insektenblock an einem sonnigen Ort in der N\u00e4he von bl\u00fchenden Pflanzen.<\/p>\n<p class=\"\" data-start=\"655\" data-end=\"674\">Funktionsweise:<\/p>\n<ul data-start=\"676\" data-end=\"912\">\n<li class=\"\" data-start=\"676\" data-end=\"724\">\n<p class=\"\" data-start=\"678\" data-end=\"724\">Bienen sammeln Pollen in den Bambusr\u00f6hrchen.<\/p>\n<\/li>\n<li class=\"\" data-start=\"725\" data-end=\"828\">\n<p class=\"\" data-start=\"727\" data-end=\"828\">Jede Brutzelle wird mit Pollen gef\u00fcllt, danach wird ein Ei hineingelegt und die Zelle verschlossen.<\/p>\n<\/li>\n<li class=\"\" data-start=\"829\" data-end=\"912\">\n<p class=\"\" data-start=\"831\" data-end=\"912\">Beim Schl\u00fcpfen finden die jungen Bienen Nahrung vor und arbeiten sich nach au\u00dfen.<\/p>\n<\/li>\n<\/ul>\n","protected":false},"excerpt":{"rendered":"<p>Dieses Insektenblock bietet Nistm\u00f6glichkeiten f\u00fcr Solit\u00e4rbienen und andere kleine Insekten wie Schlupfwespen, Florfliegen und Marienk\u00e4fer.<\/p>\n","protected":false},"featured_media":16073,"template":"","meta":{"_acf_changed":false,"_relevanssi_hide_post":"","_relevanssi_hide_content":"","_relevanssi_pin_for_all":"","_relevanssi_pin_keywords":"","_relevanssi_unpin_keywords":"","_relevanssi_related_keywords":"","_relevanssi_related_include_ids":"","_relevanssi_related_exclude_ids":"","_relevanssi_related_no_append":"","_relevanssi_related_not_related":"","_relevanssi_related_posts":"","_relevanssi_noindex_reason":""},"product_brand":[],"product_cat":[4618,4591],"product_tag":[],"class_list":{"0":"post-16028","1":"product","2":"type-product","3":"status-publish","4":"has-post-thumbnail","6":"product_cat-insektenhotel","7":"product_cat-insektennisthilfen","8":"pa_kleur-gelb-de","9":"pa_materiaal-holzbeton","10":"pa_materiaal-voor-filter-holzbeton","11":"pa_soort-solitaere-bienen","12":"pa_soortgroep-insekten","14":"first","15":"instock","16":"purchasable","17":"product-type-simple"},"acf":[],"_links":{"self":[{"href":"https:\/\/viva.ezxdemo.com\/de\/wp-json\/wp\/v2\/product\/16028","targetHints":{"allow":["GET"]}}],"collection":[{"href":"https:\/\/viva.ezxdemo.com\/de\/wp-json\/wp\/v2\/product"}],"about":[{"href":"https:\/\/viva.ezxdemo.com\/de\/wp-json\/wp\/v2\/types\/product"}],"wp:featuredmedia":[{"embeddable":true,"href":"https:\/\/viva.ezxdemo.com\/de\/wp-json\/wp\/v2\/media\/16073"}],"wp:attachment":[{"href":"https:\/\/viva.ezxdemo.com\/de\/wp-json\/wp\/v2\/media?parent=16028"}],"wp:term":[{"taxonomy":"product_brand","embeddable":true,"href":"https:\/\/viva.ezxdemo.com\/de\/wp-json\/wp\/v2\/product_brand?post=16028"},{"taxonomy":"product_cat","embeddable":true,"href":"https:\/\/viva.ezxdemo.com\/de\/wp-json\/wp\/v2\/product_cat?post=16028"},{"taxonomy":"product_tag","embeddable":true,"href":"https:\/\/viva.ezxdemo.com\/de\/wp-json\/wp\/v2\/product_tag?post=16028"}],"curies":[{"name":"wp","href":"https:\/\/api.w.org\/{rel}","templated":true}]}}