{"id":18460,"date":"2025-03-25T14:35:25","date_gmt":"2025-03-25T13:35:25","guid":{"rendered":"https:\/\/vivarapro.nl\/product\/vl-gf-01-gripfolie\/"},"modified":"2025-09-17T16:09:41","modified_gmt":"2025-09-17T14:09:41","slug":"vl-gf-01-tlx-gripfolie","status":"publish","type":"product","link":"https:\/\/viva.ezxdemo.com\/de\/produkt\/vl-gf-01-tlx-gripfolie\/","title":{"rendered":"VL GF 01 &#8211; TLX Gripfolie"},"content":{"rendered":"<p class=\"\" data-start=\"65\" data-end=\"419\">Gripfolie ist eine innovative Dachbahn, die speziell entwickelt wurde, um Flederm\u00e4usen einen sicheren Lebensraum zu bieten \u2013 ohne Kompromisse bei der Energieeffizienz des Daches einzugehen. Die Bahn ist mit einem integrierten Fledermausgitter ausgestattet und wurde in Zusammenarbeit mit \u00d6kologen und Naturschutzorganisationen auf Sicherheit gepr\u00fcft.<\/p>\n<p class=\"\" data-start=\"421\" data-end=\"830\">W\u00e4hrend herk\u00f6mmliche Dachdeckungen wie Bitumen 1F zwar fledermausfreundlich sind, gehen sie h\u00e4ufig zulasten der D\u00e4mmleistung. Gripfolie hingegen erm\u00f6glicht eine effektive W\u00e4rmed\u00e4mmung und schafft gleichzeitig einen sicheren Lebensraum f\u00fcr Flederm\u00e4use. Die Folie kann sowohl in kalten als auch in warmen Dachkonstruktionen eingesetzt und direkt \u00fcber D\u00e4mmmaterial oder einer ged\u00e4mmten Dachplatte verlegt werden.<\/p>\n<p class=\"\" data-start=\"832\" data-end=\"989\">Gripfolie kann die thermische Leistung eines Daches um bis zu 87\u202f% verbessern und den CO\u2082-Aussto\u00df um 57\u202f% senken (im Vergleich zu einem unged\u00e4mmten 1F-Dach).<\/p>\n","protected":false},"excerpt":{"rendered":"<p>VL GF 01 &#8211; TLX Gripfolie | Energieeffiziente Dachbahn mit integriertem Fledermausgitter | sch\u00fctzt Flederm\u00e4use und verbessert die W\u00e4rmed\u00e4mmung<\/p>\n","protected":false},"featured_media":18189,"template":"","meta":{"_acf_changed":false,"_relevanssi_hide_post":"","_relevanssi_hide_content":"","_relevanssi_pin_for_all":"","_relevanssi_pin_keywords":"","_relevanssi_unpin_keywords":"","_relevanssi_related_keywords":"","_relevanssi_related_include_ids":"","_relevanssi_related_exclude_ids":"","_relevanssi_related_no_append":"","_relevanssi_related_not_related":"","_relevanssi_related_posts":"","_relevanssi_noindex_reason":""},"product_brand":[],"product_cat":[4584,4596],"product_tag":[7372,7278,7371,7370,7373,7374],"class_list":{"0":"post-18460","1":"product","2":"type-product","3":"status-publish","4":"has-post-thumbnail","6":"product_cat-fledermause","7":"product_cat-einbausteine-fledermaeuse","8":"product_tag-dach","9":"product_tag-fledermaus","10":"product_tag-folie","11":"product_tag-gripfolie","12":"product_tag-isolierung","13":"product_tag-tlx","15":"first","16":"instock","17":"shipping-taxable","18":"purchasable","19":"product-type-simple"},"acf":[],"_links":{"self":[{"href":"https:\/\/viva.ezxdemo.com\/de\/wp-json\/wp\/v2\/product\/18460","targetHints":{"allow":["GET"]}}],"collection":[{"href":"https:\/\/viva.ezxdemo.com\/de\/wp-json\/wp\/v2\/product"}],"about":[{"href":"https:\/\/viva.ezxdemo.com\/de\/wp-json\/wp\/v2\/types\/product"}],"wp:featuredmedia":[{"embeddable":true,"href":"https:\/\/viva.ezxdemo.com\/de\/wp-json\/wp\/v2\/media\/18189"}],"wp:attachment":[{"href":"https:\/\/viva.ezxdemo.com\/de\/wp-json\/wp\/v2\/media?parent=18460"}],"wp:term":[{"taxonomy":"product_brand","embeddable":true,"href":"https:\/\/viva.ezxdemo.com\/de\/wp-json\/wp\/v2\/product_brand?post=18460"},{"taxonomy":"product_cat","embeddable":true,"href":"https:\/\/viva.ezxdemo.com\/de\/wp-json\/wp\/v2\/product_cat?post=18460"},{"taxonomy":"product_tag","embeddable":true,"href":"https:\/\/viva.ezxdemo.com\/de\/wp-json\/wp\/v2\/product_tag?post=18460"}],"curies":[{"name":"wp","href":"https:\/\/api.w.org\/{rel}","templated":true}]}}