{"id":18787,"date":"2025-04-08T15:03:17","date_gmt":"2025-04-08T13:03:17","guid":{"rendered":"https:\/\/vivarapro.nl\/product\/nk-sw-04-nestkast-open\/"},"modified":"2026-01-16T13:54:43","modified_gmt":"2026-01-16T12:54:43","slug":"nk-sw-04-nistkasten-offen","status":"publish","type":"product","link":"https:\/\/viva.ezxdemo.com\/de\/produkt\/nk-sw-04-nistkasten-offen\/","title":{"rendered":"NK SW 04 Nistkasten offen"},"content":{"rendered":"<p>Diese nachhaltige Nistkasten aus Holzbeton bietet einen sicheren Brutplatz f\u00fcr verschiedene Vogelarten, darunter Rotkehlchen, Hausrotschwanz, Gartenrotschwanz und Bachstelze. Dank der zus\u00e4tzlichen Rippen auf der R\u00fcckseite l\u00e4sst sich der Nistkast sehr stabil an W\u00e4nden oder B\u00e4umen befestigen. Mit dem abnehmbaren Aufh\u00e4ngeb\u00fcgel kann der Nistkasten auch frei an einem Ast aufgeh\u00e4ngt werden. Holzbeton, eine Mischung aus Beton und FSC\u00ae-zertifiziertem Holz, sorgt f\u00fcr eine lange Lebensdauer und optimale Isolierung, ein wichtiger Beitrag f\u00fcr erfolgreiche Bruten.<\/p>\n<p>Hinweis: Dieser Nistkasten wird ohne Befestigungsmaterial geliefert. Befestigen Sie ihn daher immer an einem Haken, damit er sicher h\u00e4ngt.<\/p>\n","protected":false},"excerpt":{"rendered":"<p>NK SW 04 Nistkasten offen | Nistkasten aus Holzbeton f\u00fcr Meisen &amp; Sperlinge | stabil, mardersicher, isolierend &amp; ideal f\u00fcr Baum oder Wand.<\/p>\n","protected":false},"featured_media":21054,"template":"","meta":{"_acf_changed":false,"_relevanssi_hide_post":"","_relevanssi_hide_content":"","_relevanssi_pin_for_all":"","_relevanssi_pin_keywords":"","_relevanssi_unpin_keywords":"","_relevanssi_related_keywords":"","_relevanssi_related_include_ids":"","_relevanssi_related_exclude_ids":"","_relevanssi_related_no_append":"","_relevanssi_related_not_related":"","_relevanssi_related_posts":"","_relevanssi_noindex_reason":""},"product_brand":[],"product_cat":[4589,4624,4619,4620,7870],"product_tag":[7456],"class_list":{"0":"post-18787","1":"product","2":"type-product","3":"status-publish","4":"has-post-thumbnail","6":"product_cat-singvogel","7":"product_cat-nistkasten-andere","8":"product_cat-nistkasten-fur-bachstelzen","9":"product_cat-nistkasten-fur-gartenrotschwanze","10":"product_cat-nistkaesten","11":"product_tag-nistkasten-2","12":"pa_binnenmaat-b-x-h-x-d-cm-13-x-21-x-13-de","13":"pa_buitenmaat-b-x-h-x-d-cm-17-x-26-x-17-de","14":"pa_gewicht-kg-34-de","15":"pa_kleur-grau-weis","16":"pa_materiaal-woodstone-de","17":"pa_materiaal-voor-filter-fsc-holz","18":"pa_materiaal-voor-filter-holzbeton","19":"pa_soort-bachstelze","20":"pa_soort-gartenrotschwanz","21":"pa_soort-grauschnapper","22":"pa_soort-hausrotschwanz","23":"pa_soort-rotkehlchen","24":"pa_soortgroep-singvogel","26":"first","27":"instock","28":"shipping-taxable","29":"purchasable","30":"product-type-simple"},"acf":[],"_links":{"self":[{"href":"https:\/\/viva.ezxdemo.com\/de\/wp-json\/wp\/v2\/product\/18787","targetHints":{"allow":["GET"]}}],"collection":[{"href":"https:\/\/viva.ezxdemo.com\/de\/wp-json\/wp\/v2\/product"}],"about":[{"href":"https:\/\/viva.ezxdemo.com\/de\/wp-json\/wp\/v2\/types\/product"}],"wp:featuredmedia":[{"embeddable":true,"href":"https:\/\/viva.ezxdemo.com\/de\/wp-json\/wp\/v2\/media\/21054"}],"wp:attachment":[{"href":"https:\/\/viva.ezxdemo.com\/de\/wp-json\/wp\/v2\/media?parent=18787"}],"wp:term":[{"taxonomy":"product_brand","embeddable":true,"href":"https:\/\/viva.ezxdemo.com\/de\/wp-json\/wp\/v2\/product_brand?post=18787"},{"taxonomy":"product_cat","embeddable":true,"href":"https:\/\/viva.ezxdemo.com\/de\/wp-json\/wp\/v2\/product_cat?post=18787"},{"taxonomy":"product_tag","embeddable":true,"href":"https:\/\/viva.ezxdemo.com\/de\/wp-json\/wp\/v2\/product_tag?post=18787"}],"curies":[{"name":"wp","href":"https:\/\/api.w.org\/{rel}","templated":true}]}}