{"id":18792,"date":"2025-04-08T15:53:03","date_gmt":"2025-04-08T13:53:03","guid":{"rendered":"https:\/\/vivarapro.nl\/?post_type=product&#038;p=18792"},"modified":"2026-01-16T13:51:51","modified_gmt":"2026-01-16T12:51:51","slug":"nk-sw-01-nistkasten-28-mm","status":"publish","type":"product","link":"https:\/\/viva.ezxdemo.com\/de\/produkt\/nk-sw-01-nistkasten-28-mm\/","title":{"rendered":"NK SW 01 Nistkasten 28 mm"},"content":{"rendered":"<p>Dieser Nistkasten aus Holzbeton l\u00e4sst sich dank der verst\u00e4rkenden Rippen auf der R\u00fcckseite besonders stabil an W\u00e4nden oder B\u00e4umen befestigen. Zudem ist er mit einem integrierten Marderschutz ausgestattet, der wirksam zur Verringerung von Pr\u00e4dation beitr\u00e4gt.<\/p>\n<p>n der Innenseite der Front wurde ein Marder-Schutz angebracht, der wirksam zur Verringerung von Pr\u00e4dation beitr\u00e4gt. Die T\u00fcr l\u00e4sst sich einfach entfernen, was die Wartung erleichtert. Woodstone ist ein nachhaltiges Material, das aus Beton und FSC\u00ae-zertifiziertem Holz besteht. Es bietet gute Isolierung und eine lange Lebensdauer.<\/p>\n<p>Hinweis: Dieser Nistkasten wird ohne Befestigungsmaterial geliefert. Befestigen Sie ihn daher immer an einem Haken, damit er sicher h\u00e4ngt.<\/p>\n","protected":false},"excerpt":{"rendered":"<p>NK SW 01 Nistkasten 28 mm | Vivara Pro | Nistkasten aus Holzbeton mit Marderschutz | An Wand oder Baum montierbar.<\/p>\n","protected":false},"featured_media":24278,"template":"","meta":{"_acf_changed":false,"_relevanssi_hide_post":"","_relevanssi_hide_content":"","_relevanssi_pin_for_all":"","_relevanssi_pin_keywords":"","_relevanssi_unpin_keywords":"","_relevanssi_related_keywords":"","_relevanssi_related_include_ids":"","_relevanssi_related_exclude_ids":"","_relevanssi_related_no_append":"","_relevanssi_related_not_related":"","_relevanssi_related_posts":"","_relevanssi_noindex_reason":""},"product_brand":[],"product_cat":[4589,4622,7870],"product_tag":[7313,7287,7312,7311,7302],"class_list":{"0":"post-18792","1":"product","2":"type-product","3":"status-publish","4":"has-post-thumbnail","6":"product_cat-singvogel","7":"product_cat-nistkasten-fur-meisen","8":"product_cat-nistkaesten","9":"product_tag-grau","10":"product_tag-holzbeton","11":"product_tag-kohlmeise","12":"product_tag-marderschutz","13":"product_tag-nistkasten","14":"pa_binnenmaat-b-x-h-x-d-cm-13-x-21-x-13-de","15":"pa_buitenmaat-b-x-h-x-d-cm-17-x-26-x-17-de","16":"pa_gewicht-kg-4-de","17":"pa_invliegopening-28-mm-de","18":"pa_kleur-grau-weis","19":"pa_materiaal-woodstone-de","20":"pa_materiaal-voor-filter-fsc-holz","21":"pa_materiaal-voor-filter-holzbeton","22":"pa_soort-blaumeise","23":"pa_soort-tannenmeise","24":"pa_soortgroep-singvogel","26":"first","27":"instock","28":"shipping-taxable","29":"purchasable","30":"product-type-simple"},"acf":[],"_links":{"self":[{"href":"https:\/\/viva.ezxdemo.com\/de\/wp-json\/wp\/v2\/product\/18792","targetHints":{"allow":["GET"]}}],"collection":[{"href":"https:\/\/viva.ezxdemo.com\/de\/wp-json\/wp\/v2\/product"}],"about":[{"href":"https:\/\/viva.ezxdemo.com\/de\/wp-json\/wp\/v2\/types\/product"}],"wp:featuredmedia":[{"embeddable":true,"href":"https:\/\/viva.ezxdemo.com\/de\/wp-json\/wp\/v2\/media\/24278"}],"wp:attachment":[{"href":"https:\/\/viva.ezxdemo.com\/de\/wp-json\/wp\/v2\/media?parent=18792"}],"wp:term":[{"taxonomy":"product_brand","embeddable":true,"href":"https:\/\/viva.ezxdemo.com\/de\/wp-json\/wp\/v2\/product_brand?post=18792"},{"taxonomy":"product_cat","embeddable":true,"href":"https:\/\/viva.ezxdemo.com\/de\/wp-json\/wp\/v2\/product_cat?post=18792"},{"taxonomy":"product_tag","embeddable":true,"href":"https:\/\/viva.ezxdemo.com\/de\/wp-json\/wp\/v2\/product_tag?post=18792"}],"curies":[{"name":"wp","href":"https:\/\/api.w.org\/{rel}","templated":true}]}}