{"id":19482,"date":"2025-04-16T08:57:37","date_gmt":"2025-04-16T06:57:37","guid":{"rendered":"https:\/\/vivarapro.nl\/product\/ib-gz-18-gierzwaluw-entreesteen-2\/"},"modified":"2026-02-04T12:57:20","modified_gmt":"2026-02-04T11:57:20","slug":"ib-gz-18-mauersegler-zugangsstein","status":"publish","type":"product","link":"https:\/\/viva.ezxdemo.com\/de\/produkt\/ib-gz-18-mauersegler-zugangsstein\/","title":{"rendered":"IB GZ 18 Mauersegler Zugangsstein"},"content":{"rendered":"<p>Dieser Zugangsstein ist vielseitig einsetzbar, etwa in Kombination mit unseren Einbausteinen<a href=\"https:\/\/www.vivarapro.de\/produkt\/ib-gz-04-eingebauter-nistkasten-fuer-mauersegler\/\" target=\"_blank\" rel=\"noopener\"> IB GZ 04<\/a> und <a href=\"https:\/\/www.vivarapro.de\/produkt\/ib-gz-06-eingebauter-nistkasten-fuer-mauersegler-neubau\/\" target=\"_blank\" rel=\"noopener\">IB GZ 06.<\/a> Er l\u00e4sst sich einfach durch die Fassadenverkleidung f\u00fchren und schafft so einen direkten Zugang zum dahinterliegenden Einbaustein. Der gro\u00dfe runde Kragen sorgt dabei f\u00fcr einen sauberen und optisch ansprechenden Abschluss an der Fassade.<\/p>\n<p>Dar\u00fcber hinaus kann der Zugangsstein auch direkt in der Traufenverkleidung eingesetzt werden. So erhalten Mauersegler die M\u00f6glichkeit, in der Dachrinne zu nisten wahlweise mit oder ohne zus\u00e4tzlich montierten Nistkasten hinter dem Zylinder.<\/p>\n","protected":false},"excerpt":{"rendered":"<p>IB GZ 18 Mauersegler Zugangsstein | Vielseitiger Zugangsstein f\u00fcr Fassaden und Traufen | Sauberer Abschluss und optimaler Zugang<\/p>\n","protected":false},"featured_media":31253,"template":"","meta":{"_acf_changed":false,"_relevanssi_hide_post":"","_relevanssi_hide_content":"","_relevanssi_pin_for_all":"","_relevanssi_pin_keywords":"","_relevanssi_unpin_keywords":"","_relevanssi_related_keywords":"","_relevanssi_related_include_ids":"","_relevanssi_related_exclude_ids":"","_relevanssi_related_no_append":"","_relevanssi_related_not_related":"","_relevanssi_related_posts":"","_relevanssi_noindex_reason":""},"product_brand":[],"product_cat":[4585,4583,4599],"product_tag":[7306,7422,7281,7287,7586,7377,7293],"class_list":{"0":"post-19482","1":"product","2":"type-product","3":"status-publish","4":"has-post-thumbnail","6":"product_cat-mauersegler","7":"product_cat-einbausteine","8":"product_cat-einbausteine-mauersegler","9":"product_tag-brutplatz","10":"product_tag-eingang","11":"product_tag-fassade","12":"product_tag-holzbeton","13":"product_tag-mauersegler","14":"product_tag-stein","15":"product_tag-voegel","16":"pa_buitenmaat-b-x-h-x-d-cm-o-135-x-5-de","17":"pa_gewicht-kg-1-de","18":"pa_kleur-grau","19":"pa_materiaal-woodstone-de","21":"first","22":"instock","23":"shipping-taxable","24":"purchasable","25":"product-type-simple"},"acf":[],"_links":{"self":[{"href":"https:\/\/viva.ezxdemo.com\/de\/wp-json\/wp\/v2\/product\/19482","targetHints":{"allow":["GET"]}}],"collection":[{"href":"https:\/\/viva.ezxdemo.com\/de\/wp-json\/wp\/v2\/product"}],"about":[{"href":"https:\/\/viva.ezxdemo.com\/de\/wp-json\/wp\/v2\/types\/product"}],"wp:featuredmedia":[{"embeddable":true,"href":"https:\/\/viva.ezxdemo.com\/de\/wp-json\/wp\/v2\/media\/31253"}],"wp:attachment":[{"href":"https:\/\/viva.ezxdemo.com\/de\/wp-json\/wp\/v2\/media?parent=19482"}],"wp:term":[{"taxonomy":"product_brand","embeddable":true,"href":"https:\/\/viva.ezxdemo.com\/de\/wp-json\/wp\/v2\/product_brand?post=19482"},{"taxonomy":"product_cat","embeddable":true,"href":"https:\/\/viva.ezxdemo.com\/de\/wp-json\/wp\/v2\/product_cat?post=19482"},{"taxonomy":"product_tag","embeddable":true,"href":"https:\/\/viva.ezxdemo.com\/de\/wp-json\/wp\/v2\/product_tag?post=19482"}],"curies":[{"name":"wp","href":"https:\/\/api.w.org\/{rel}","templated":true}]}}