{"id":19535,"date":"2025-04-16T16:27:59","date_gmt":"2025-04-16T14:27:59","guid":{"rendered":"https:\/\/vivarapro.nl\/product\/zk-ee-01-rode-eekhoornkast\/"},"modified":"2026-02-03T13:06:41","modified_gmt":"2026-02-03T12:06:41","slug":"zk-ee-02-eichhoernchenkasten","status":"publish","type":"product","link":"https:\/\/viva.ezxdemo.com\/de\/produkt\/zk-ee-02-eichhoernchenkasten\/","title":{"rendered":"ZK EE 02 Eichh\u00f6rnchenkasten"},"content":{"rendered":"<p>Dieser robuste Eichh\u00f6rnchenkasten aus nachhaltig Holzbeton ist speziell auf die Bed\u00fcrfnisse des Eurasischen Eichh\u00f6rnchens abgestimmt. Dank der zwei Ein- und Ausg\u00e4nge haben die Tiere im Falle einer Gefahr stets einen sicheren Fluchtweg. Im Fr\u00fchjahr wird der Kasten bevorzugt als Nistplatz zur Aufzucht der Jungtiere genutzt, w\u00e4hrend er im Winter ein gesch\u00fctztes, warmes Quartier zum \u00dcberwintern bietet. Die wetterfeste Konstruktion sorgt f\u00fcr eine lange Lebensdauer, auch bei ganzj\u00e4hrigem Einsatz im Freien. Sollte der Kasten noch nicht von Eichh\u00f6rnchen entdeckt worden sein, finden auch andere Arten wie Stare, Hohltauben oder Dohlen darin einen sicheren Unterschlupf.<\/p>\n","protected":false},"excerpt":{"rendered":"<p>ZK EE 02 Eichh\u00f6rnchenkasten |Robuster Eichh\u00f6rnchenkasten aus gr\u00fcnem Holzbeton | wetterfest, langlebig &amp; idealer Schutz- und Nistplatz.<\/p>\n","protected":false},"featured_media":19320,"template":"","meta":{"_acf_changed":false,"_relevanssi_hide_post":"","_relevanssi_hide_content":"","_relevanssi_pin_for_all":"","_relevanssi_pin_keywords":"","_relevanssi_unpin_keywords":"","_relevanssi_related_keywords":"","_relevanssi_related_include_ids":"","_relevanssi_related_exclude_ids":"","_relevanssi_related_no_append":"","_relevanssi_related_not_related":"","_relevanssi_related_posts":"","_relevanssi_noindex_reason":""},"product_brand":[],"product_cat":[4628,4582],"product_tag":[7338,7415,7322,7287,7286,7302],"class_list":{"0":"post-19535","1":"product","2":"type-product","3":"status-publish","4":"has-post-thumbnail","6":"product_cat-eichhornchengehege","7":"product_cat-nicht-teil-einer-kategorie","8":"product_tag-eichhoern","9":"product_tag-eichhoernchen","10":"product_tag-gruen","11":"product_tag-holzbeton","12":"product_tag-kasten","13":"product_tag-nistkasten","14":"pa_binnenmaat-b-x-h-x-d-cm-20-x-48-x-20-de","15":"pa_buitenmaat-b-x-h-x-d-cm-28-x-52-x-31-de","16":"pa_gewicht-kg-12-de-2","17":"pa_kleur-grun","18":"pa_materiaal-woodstone-de","20":"first","21":"instock","22":"shipping-taxable","23":"purchasable","24":"product-type-simple"},"acf":[],"_links":{"self":[{"href":"https:\/\/viva.ezxdemo.com\/de\/wp-json\/wp\/v2\/product\/19535","targetHints":{"allow":["GET"]}}],"collection":[{"href":"https:\/\/viva.ezxdemo.com\/de\/wp-json\/wp\/v2\/product"}],"about":[{"href":"https:\/\/viva.ezxdemo.com\/de\/wp-json\/wp\/v2\/types\/product"}],"wp:featuredmedia":[{"embeddable":true,"href":"https:\/\/viva.ezxdemo.com\/de\/wp-json\/wp\/v2\/media\/19320"}],"wp:attachment":[{"href":"https:\/\/viva.ezxdemo.com\/de\/wp-json\/wp\/v2\/media?parent=19535"}],"wp:term":[{"taxonomy":"product_brand","embeddable":true,"href":"https:\/\/viva.ezxdemo.com\/de\/wp-json\/wp\/v2\/product_brand?post=19535"},{"taxonomy":"product_cat","embeddable":true,"href":"https:\/\/viva.ezxdemo.com\/de\/wp-json\/wp\/v2\/product_cat?post=19535"},{"taxonomy":"product_tag","embeddable":true,"href":"https:\/\/viva.ezxdemo.com\/de\/wp-json\/wp\/v2\/product_tag?post=19535"}],"curies":[{"name":"wp","href":"https:\/\/api.w.org\/{rel}","templated":true}]}}