{"id":19547,"date":"2025-04-16T14:13:09","date_gmt":"2025-04-16T12:13:09","guid":{"rendered":"https:\/\/vivarapro.nl\/product\/vl-gg-01-gripgaas\/"},"modified":"2025-09-26T11:50:19","modified_gmt":"2025-09-26T09:50:19","slug":"vl-gg-01-greifgitter","status":"publish","type":"product","link":"https:\/\/viva.ezxdemo.com\/de\/produkt\/vl-gg-01-greifgitter\/","title":{"rendered":"VL GG 01 Greifgitter"},"content":{"rendered":"<p class=\"\" data-start=\"50\" data-end=\"416\">Dieses spezielle Greifgitter wurde entwickelt, um empfindliche Bauschichten wie D\u00e4mmmaterialien und Folien vor Sch\u00e4den durch Flederm\u00e4use und V\u00f6gel zu sch\u00fctzen.<br data-start=\"214\" data-end=\"217\" \/>Das Gitter verhindert, dass Tiere in empfindlichen Materialien nisten oder sich daran festklammern, bietet ihnen jedoch gleichzeitig ausreichend Halt, um den Raum sicher als Aufenthaltsort zu nutzen.<\/p>\n<p class=\"\" data-start=\"418\" data-end=\"683\">Dank seiner UV-best\u00e4ndigen Eigenschaften bleibt das Greifgitter auch bei langfristiger Sonneneinstrahlung langlebig und wirkungsvoll.<br data-start=\"546\" data-end=\"549\" \/>Ideal f\u00fcr den Einsatz in Hohlw\u00e4nden, Dachkonstruktionen und anderen Unterschlupfen, in denen Naturschutz und Bauschutz zusammenkommen.<\/p>\n","protected":false},"excerpt":{"rendered":"<div class=\"serp-preview\">\n<div class=\"serp-preview-wrapper\">\n<div class=\"serp-preview-body\" tabindex=\"0\" role=\"button\">\n<div class=\"group\">\n<div class=\"serp-description\">VL GG 01 Greifgitter | UV-best\u00e4ndiges | sch\u00fctzt D\u00e4mmungen &amp; Folien vor Flederm\u00e4usen und V\u00f6gel | langlebig &amp; sicher.<\/div>\n<\/div>\n<\/div>\n<\/div>\n<\/div>\n<p><button class=\"components-button rank-math-edit-snippet is-primary\" type=\"button\">Fragment bewerken<\/button><\/p>\n","protected":false},"featured_media":19292,"template":"","meta":{"_acf_changed":false,"_relevanssi_hide_post":"","_relevanssi_hide_content":"","_relevanssi_pin_for_all":"","_relevanssi_pin_keywords":"","_relevanssi_unpin_keywords":"","_relevanssi_related_keywords":"","_relevanssi_related_include_ids":"","_relevanssi_related_exclude_ids":"","_relevanssi_related_no_append":"","_relevanssi_related_not_related":"","_relevanssi_related_posts":"","_relevanssi_noindex_reason":""},"product_brand":[],"product_cat":[4584],"product_tag":[7375,7433,7434,7432,7293],"class_list":{"0":"post-19547","1":"product","2":"type-product","3":"status-publish","4":"has-post-thumbnail","6":"product_cat-fledermause","7":"product_tag-fledermauese","8":"product_tag-folien","9":"product_tag-gitter","10":"product_tag-greifgitter","11":"product_tag-voegel","13":"first","14":"instock","15":"shipping-taxable","16":"purchasable","17":"product-type-simple"},"acf":[],"_links":{"self":[{"href":"https:\/\/viva.ezxdemo.com\/de\/wp-json\/wp\/v2\/product\/19547","targetHints":{"allow":["GET"]}}],"collection":[{"href":"https:\/\/viva.ezxdemo.com\/de\/wp-json\/wp\/v2\/product"}],"about":[{"href":"https:\/\/viva.ezxdemo.com\/de\/wp-json\/wp\/v2\/types\/product"}],"wp:featuredmedia":[{"embeddable":true,"href":"https:\/\/viva.ezxdemo.com\/de\/wp-json\/wp\/v2\/media\/19292"}],"wp:attachment":[{"href":"https:\/\/viva.ezxdemo.com\/de\/wp-json\/wp\/v2\/media?parent=19547"}],"wp:term":[{"taxonomy":"product_brand","embeddable":true,"href":"https:\/\/viva.ezxdemo.com\/de\/wp-json\/wp\/v2\/product_brand?post=19547"},{"taxonomy":"product_cat","embeddable":true,"href":"https:\/\/viva.ezxdemo.com\/de\/wp-json\/wp\/v2\/product_cat?post=19547"},{"taxonomy":"product_tag","embeddable":true,"href":"https:\/\/viva.ezxdemo.com\/de\/wp-json\/wp\/v2\/product_tag?post=19547"}],"curies":[{"name":"wp","href":"https:\/\/api.w.org\/{rel}","templated":true}]}}