{"id":19580,"date":"2025-04-16T16:13:00","date_gmt":"2025-04-16T14:13:00","guid":{"rendered":"https:\/\/vivarapro.nl\/product\/nk-gz-14-gierzwaluw-gevel-nestkast\/"},"modified":"2026-01-16T12:32:19","modified_gmt":"2026-01-16T11:32:19","slug":"nk-gz-14-mauersegler-fassade-nistkasten","status":"publish","type":"product","link":"https:\/\/viva.ezxdemo.com\/de\/produkt\/nk-gz-14-mauersegler-fassade-nistkasten\/","title":{"rendered":"NK GZ 14 Mauersegler Fassadenkasten"},"content":{"rendered":"<p>Der Kasten besteht aus FSC-zertifiziertem Sperrholz und ist au\u00dfen sowie an der R\u00fcckwand innen mit grauem Spr\u00fchkork beschichtet. Dies erm\u00f6glicht den Jungv\u00f6geln einen sicheren Halt und unterst\u00fctzt das Training ihrer Flugmuskulatur.<\/p>\n<p>Die Montage ist unkompliziert dank der mitgelieferten Schraubhaken und Edelstahlschrauben.<\/p>\n<p>Auch Haussperlinge nehmen diesen Nistkasten gerne an. Ihre Anwesenheit kann sogar dazu beitragen, dass Mauersegler den Kasten schneller entdecken. Entscheiden sich Mauersegler f\u00fcr das Quartier, setzen sie sich in der Regel jedoch durch und verdr\u00e4ngen die Sperlinge.<\/p>\n","protected":false},"excerpt":{"rendered":"<p>NK GZ 14 Mauersegler Fassadenkasten | FSC-Sperrholz-Nistkasten mit Spr\u00fchkork | Sicherer Halt, einfache Montage f\u00fcr Mauersegler und Sperlinge<\/p>\n","protected":false},"featured_media":19459,"template":"","meta":{"_acf_changed":false,"_relevanssi_hide_post":"","_relevanssi_hide_content":"","_relevanssi_pin_for_all":"","_relevanssi_pin_keywords":"","_relevanssi_unpin_keywords":"","_relevanssi_related_keywords":"","_relevanssi_related_include_ids":"","_relevanssi_related_exclude_ids":"","_relevanssi_related_no_append":"","_relevanssi_related_not_related":"","_relevanssi_related_posts":"","_relevanssi_noindex_reason":""},"product_brand":[],"product_cat":[4602,4601,4585],"product_tag":[7306,7281,7282,7313,7300,7286,7293],"class_list":{"0":"post-19580","1":"product","2":"type-product","3":"status-publish","4":"has-post-thumbnail","6":"product_cat-fassadenkaesten-mauersegler","7":"product_cat-fassadenkaesten","8":"product_cat-mauersegler","9":"product_tag-brutplatz","10":"product_tag-fassade","11":"product_tag-fassadekasten","12":"product_tag-grau","13":"product_tag-holz","14":"product_tag-kasten","15":"product_tag-voegel","16":"pa_binnenmaat-b-x-h-x-d-cm-27-6-x-16-x-19-de","17":"pa_buitenmaat-b-x-h-x-d-cm-30-x-16-x-19-de","18":"pa_gewicht-kg-1-4-2-de","19":"pa_materiaal-multiplex-kasten-mit-aufhaengeset","21":"first","22":"instock","23":"shipping-taxable","24":"purchasable","25":"product-type-simple"},"acf":[],"_links":{"self":[{"href":"https:\/\/viva.ezxdemo.com\/de\/wp-json\/wp\/v2\/product\/19580","targetHints":{"allow":["GET"]}}],"collection":[{"href":"https:\/\/viva.ezxdemo.com\/de\/wp-json\/wp\/v2\/product"}],"about":[{"href":"https:\/\/viva.ezxdemo.com\/de\/wp-json\/wp\/v2\/types\/product"}],"wp:featuredmedia":[{"embeddable":true,"href":"https:\/\/viva.ezxdemo.com\/de\/wp-json\/wp\/v2\/media\/19459"}],"wp:attachment":[{"href":"https:\/\/viva.ezxdemo.com\/de\/wp-json\/wp\/v2\/media?parent=19580"}],"wp:term":[{"taxonomy":"product_brand","embeddable":true,"href":"https:\/\/viva.ezxdemo.com\/de\/wp-json\/wp\/v2\/product_brand?post=19580"},{"taxonomy":"product_cat","embeddable":true,"href":"https:\/\/viva.ezxdemo.com\/de\/wp-json\/wp\/v2\/product_cat?post=19580"},{"taxonomy":"product_tag","embeddable":true,"href":"https:\/\/viva.ezxdemo.com\/de\/wp-json\/wp\/v2\/product_tag?post=19580"}],"curies":[{"name":"wp","href":"https:\/\/api.w.org\/{rel}","templated":true}]}}