{"id":19612,"date":"2023-12-20T19:15:02","date_gmt":"2023-12-20T18:15:02","guid":{"rendered":"https:\/\/vivarapro.nl\/product\/ib-vl-34-vleermuisinbouwkast\/"},"modified":"2026-01-15T16:46:27","modified_gmt":"2026-01-15T15:46:27","slug":"ib-vl-34-fledermaus-einbaukasten","status":"publish","type":"product","link":"https:\/\/viva.ezxdemo.com\/de\/produkt\/ib-vl-34-fledermaus-einbaukasten\/","title":{"rendered":"IB VL 34 Fledermaus Einbaustein"},"content":{"rendered":"<p class=\"\" data-start=\"216\" data-end=\"758\">Dieser IB VL 34 Fledermaus Einbaukasten wird in Kombination mit dem <a href=\"https:\/\/www.vivarapro.de\/produkt\/ib-vl-33-fledermaus-einbaukasten\/\" target=\"_blank\" rel=\"noopener\">IB VL 33 Fledermaus Einbaukasten<\/a> bei Neubauten oder Sanierungen eingesetzt. Vor dem Einbau werden die kleinen Holzbetonbl\u00f6cke an den Seiten entfernt. Diese Bl\u00f6cke lassen sich leicht ausstemmen. Die Einbausteine k\u00f6nnen sowohl links als auch rechts miteinander verbunden werden. Es ist auch m\u00f6glich, mehrere IB VL 34 Einbausteine nebeneinander in der Wand zu platzieren, wodurch ein gro\u00dfer Fledermausraum in der D\u00e4mmebene entsteht.<\/p>\n<p class=\"\" data-start=\"760\" data-end=\"891\"><strong data-start=\"760\" data-end=\"889\">Geeignet als Sommerquartier, Paarungsquartier und (bei mindestens 3 verbundenen K\u00e4sten) als kleines Wochenstubenquartier f\u00fcr:<\/strong><\/p>\n<ul data-start=\"892\" data-end=\"1003\">\n<li class=\"\" data-start=\"892\" data-end=\"911\">\n<p class=\"\" data-start=\"894\" data-end=\"911\">Zwergfledermaus<\/p>\n<\/li>\n<li class=\"\" data-start=\"912\" data-end=\"933\">\n<p class=\"\" data-start=\"914\" data-end=\"933\">Rauhautfledermaus<\/p>\n<\/li>\n<li class=\"\" data-start=\"934\" data-end=\"954\">\n<p class=\"\" data-start=\"936\" data-end=\"954\">M\u00fcckenfledermaus<\/p>\n<\/li>\n<li class=\"\" data-start=\"955\" data-end=\"980\">\n<p class=\"\" data-start=\"957\" data-end=\"980\">Breitfl\u00fcgelfledermaus<\/p>\n<\/li>\n<li class=\"\" data-start=\"981\" data-end=\"1003\">\n<p class=\"\" data-start=\"983\" data-end=\"1003\">Zweifarbfledermaus<\/p>\n<\/li>\n<\/ul>\n<p class=\"\" data-start=\"1005\" data-end=\"1057\"><strong data-start=\"1005\" data-end=\"1055\">Bei milden Wintern m\u00f6glicherweise genutzt von:<\/strong><\/p>\n<ul data-start=\"1058\" data-end=\"1077\">\n<li class=\"\" data-start=\"1058\" data-end=\"1077\">\n<p class=\"\" data-start=\"1060\" data-end=\"1077\">Zwergfledermaus<\/p>\n<\/li>\n<\/ul>\n<p class=\"\" data-start=\"1079\" data-end=\"1153\">F\u00fcr Flederm\u00e4use gilt: Je mehr Platz sie zur Verf\u00fcgung haben, desto besser!<\/p>\n","protected":false},"excerpt":{"rendered":"<p>B VL 34 Fledermaus Einbaukasten von Vivara Pro \u2013 Nachhaltige, naturinklusive L\u00f6sung f\u00fcr Flederm\u00e4use bei Neubau und Sanierung.<\/p>\n","protected":false},"featured_media":30035,"template":"","meta":{"_acf_changed":false,"_relevanssi_hide_post":"","_relevanssi_hide_content":"","_relevanssi_pin_for_all":"","_relevanssi_pin_keywords":"","_relevanssi_unpin_keywords":"","_relevanssi_related_keywords":"","_relevanssi_related_include_ids":"","_relevanssi_related_exclude_ids":"","_relevanssi_related_no_append":"","_relevanssi_related_not_related":"","_relevanssi_related_posts":"","_relevanssi_noindex_reason":""},"product_brand":[],"product_cat":[4583,4596,4584],"product_tag":[],"class_list":{"0":"post-19612","1":"product","2":"type-product","3":"status-publish","4":"has-post-thumbnail","6":"product_cat-einbausteine","7":"product_cat-einbausteine-fledermaeuse","8":"product_cat-fledermause","9":"pa_binnenmaat-b-x-h-x-d-cm-16-x-45-x-2-de","10":"pa_buitenmaat-b-x-h-x-d-cm-21-x-50-x-10-de","11":"pa_gewicht-kg-6-de","12":"pa_kleur-grau","13":"pa_materiaal-holzbeton","14":"pa_materiaal-sperrholz-fsc","15":"pa_materiaal-voor-filter-holzbeton","16":"pa_soort-kleine-bartfledermaus","17":"pa_soort-muckenfledermaus","18":"pa_soort-rauhautfledermaus","19":"pa_soort-teichfledermaus","20":"pa_soort-zwergfledermaus","21":"pa_soortgroep-fledermause","23":"first","24":"instock","25":"purchasable","26":"product-type-simple"},"acf":[],"_links":{"self":[{"href":"https:\/\/viva.ezxdemo.com\/de\/wp-json\/wp\/v2\/product\/19612","targetHints":{"allow":["GET"]}}],"collection":[{"href":"https:\/\/viva.ezxdemo.com\/de\/wp-json\/wp\/v2\/product"}],"about":[{"href":"https:\/\/viva.ezxdemo.com\/de\/wp-json\/wp\/v2\/types\/product"}],"wp:featuredmedia":[{"embeddable":true,"href":"https:\/\/viva.ezxdemo.com\/de\/wp-json\/wp\/v2\/media\/30035"}],"wp:attachment":[{"href":"https:\/\/viva.ezxdemo.com\/de\/wp-json\/wp\/v2\/media?parent=19612"}],"wp:term":[{"taxonomy":"product_brand","embeddable":true,"href":"https:\/\/viva.ezxdemo.com\/de\/wp-json\/wp\/v2\/product_brand?post=19612"},{"taxonomy":"product_cat","embeddable":true,"href":"https:\/\/viva.ezxdemo.com\/de\/wp-json\/wp\/v2\/product_cat?post=19612"},{"taxonomy":"product_tag","embeddable":true,"href":"https:\/\/viva.ezxdemo.com\/de\/wp-json\/wp\/v2\/product_tag?post=19612"}],"curies":[{"name":"wp","href":"https:\/\/api.w.org\/{rel}","templated":true}]}}