{"id":19617,"date":"2025-04-15T15:44:52","date_gmt":"2025-04-15T13:44:52","guid":{"rendered":"https:\/\/vivarapro.nl\/product\/vk-sw-01-vleermuiskast\/"},"modified":"2025-10-01T11:34:39","modified_gmt":"2025-10-01T09:34:39","slug":"vk-sw-01-fledermauskasten","status":"publish","type":"product","link":"https:\/\/viva.ezxdemo.com\/de\/produkt\/vk-sw-01-fledermauskasten\/","title":{"rendered":"VK SW 01 Fledermauskasten"},"content":{"rendered":"<p>Dieser Fledermauskasten aus Holzbeton kann sowohl an B\u00e4umen als auch an Geb\u00e4udefassaden angebracht werden. Der Kasten ist mit einem Inneneinsatz ausgestattet, der es Meisen erschwert, Zugang zu erhalten. Dank der zus\u00e4tzlichen Verst\u00e4rkungsrippen auf der R\u00fcckseite h\u00e4ngt der Kasten sehr stabil. Mit dem abnehmbaren Aufh\u00e4ngeb\u00fcgel kann der Kasten auch freih\u00e4ngend an einem Ast befestigt werden.<\/p>\n<p>Holzbeton ist ein nachhaltiges Material, das aus einer Mischung von Beton und FSC\u00ae-zertifiziertem Holz besteht.<\/p>\n<p>Hinweis: Dieser Nistkasten wird ohne Befestigungsmaterial geliefert. Befestigen Sie ihn daher immer an einem Haken, damit er sicher h\u00e4ngt.<\/p>\n","protected":false},"excerpt":{"rendered":"<p>VK SW 01 Fledermauskasten von Vivara Pro \u2013 nachhaltiger Unterschlupf f\u00fcr Flederm\u00e4use, aus wetterfestem Holzbeton, einfach zu montieren.<\/p>\n","protected":false},"featured_media":29708,"template":"","meta":{"_acf_changed":false,"_relevanssi_hide_post":"","_relevanssi_hide_content":"","_relevanssi_pin_for_all":"","_relevanssi_pin_keywords":"","_relevanssi_unpin_keywords":"","_relevanssi_related_keywords":"","_relevanssi_related_include_ids":"","_relevanssi_related_exclude_ids":"","_relevanssi_related_no_append":"","_relevanssi_related_not_related":"","_relevanssi_related_posts":"","_relevanssi_noindex_reason":""},"product_brand":[],"product_cat":[4584,4603,4601,4598,4600],"product_tag":[],"class_list":{"0":"post-19617","1":"product","2":"type-product","3":"status-publish","4":"has-post-thumbnail","6":"product_cat-fledermause","7":"product_cat-baumkasten-fledermause","8":"product_cat-fassadenkaesten","9":"product_cat-fassadenkaesten-fledermause","10":"product_cat-wochenstube-fledermause","11":"pa_binnenmaat-b-x-h-x-d-cm-13-x-21-x-13-de","12":"pa_buitenmaat-b-x-h-x-d-cm-17-x-26-x-17-de","13":"pa_gewicht-kg-44-de","14":"pa_kleur-grau-mit-weiss-de","15":"pa_materiaal-woodstone-de","16":"pa_soort-braunes-langohr","17":"pa_soort-fransenfledermaus","18":"pa_soort-groser-abendsegler","19":"pa_soort-kleiner-abendsegler","20":"pa_soort-muckenfledermaus","21":"pa_soort-rauhautfledermaus","22":"pa_soort-wasserfledermaus","23":"pa_soortgroep-fledermause","25":"first","26":"instock","27":"shipping-taxable","28":"purchasable","29":"product-type-simple"},"acf":[],"_links":{"self":[{"href":"https:\/\/viva.ezxdemo.com\/de\/wp-json\/wp\/v2\/product\/19617","targetHints":{"allow":["GET"]}}],"collection":[{"href":"https:\/\/viva.ezxdemo.com\/de\/wp-json\/wp\/v2\/product"}],"about":[{"href":"https:\/\/viva.ezxdemo.com\/de\/wp-json\/wp\/v2\/types\/product"}],"wp:featuredmedia":[{"embeddable":true,"href":"https:\/\/viva.ezxdemo.com\/de\/wp-json\/wp\/v2\/media\/29708"}],"wp:attachment":[{"href":"https:\/\/viva.ezxdemo.com\/de\/wp-json\/wp\/v2\/media?parent=19617"}],"wp:term":[{"taxonomy":"product_brand","embeddable":true,"href":"https:\/\/viva.ezxdemo.com\/de\/wp-json\/wp\/v2\/product_brand?post=19617"},{"taxonomy":"product_cat","embeddable":true,"href":"https:\/\/viva.ezxdemo.com\/de\/wp-json\/wp\/v2\/product_cat?post=19617"},{"taxonomy":"product_tag","embeddable":true,"href":"https:\/\/viva.ezxdemo.com\/de\/wp-json\/wp\/v2\/product_tag?post=19617"}],"curies":[{"name":"wp","href":"https:\/\/api.w.org\/{rel}","templated":true}]}}