{"id":19622,"date":"2025-04-16T16:22:24","date_gmt":"2025-04-16T14:22:24","guid":{"rendered":"https:\/\/vivarapro.nl\/product\/nv-bo-01-borstel-90mm\/"},"modified":"2025-09-18T14:59:17","modified_gmt":"2025-09-18T12:59:17","slug":"nv-bo-01-ausschlussbuerste-90mm","status":"publish","type":"product","link":"https:\/\/viva.ezxdemo.com\/de\/produkt\/nv-bo-01-ausschlussbuerste-90mm\/","title":{"rendered":"NV BO 01 Ausschlussb\u00fcrste 90mm"},"content":{"rendered":"<p>Vivara Pro bietet Abwehrb\u00fcrsten in vier verschiedenen Durchmessern an, die sich ideal f\u00fcr das professionelle Verschlie\u00dfen von Dachr\u00e4ndern, Dachziegeln und anderen \u00d6ffnungen in Geb\u00e4uden eignen. Diese Abwehrb\u00fcrsten sind besonders geeignet, um Tiere wie Haussperlinge und Flederm\u00e4use davon abzuhalten, sich in Geb\u00e4uden niederzulassen \u2013 so kann unbesorgt renoviert und\/oder ged\u00e4mmt werden. Dank ihrer robusten Borsten und des gro\u00dfen Durchmessers bilden sie eine effektive Barriere, ohne die Dachkonstruktion zu besch\u00e4digen.<\/p>\n","protected":false},"excerpt":{"rendered":"<div class=\"serp-preview\">\n<div class=\"serp-preview-wrapper\">\n<div class=\"serp-preview-body\" tabindex=\"0\" role=\"button\">\n<div class=\"group\">\n<div class=\"serp-description\">NV BO 01 Ausschlussb\u00fcrste 90mm | Robuste Abwehrb\u00fcrsten |ideal zum Verschlie\u00dfen von Dachr\u00e4ndern und \u00d6ffnungen, sch\u00fctzen vor Tieren.<\/div>\n<\/div>\n<\/div>\n<\/div>\n<\/div>\n","protected":false},"featured_media":19278,"template":"","meta":{"_acf_changed":false,"_relevanssi_hide_post":"","_relevanssi_hide_content":"","_relevanssi_pin_for_all":"","_relevanssi_pin_keywords":"","_relevanssi_unpin_keywords":"","_relevanssi_related_keywords":"","_relevanssi_related_include_ids":"","_relevanssi_related_exclude_ids":"","_relevanssi_related_no_append":"","_relevanssi_related_not_related":"","_relevanssi_related_posts":"","_relevanssi_noindex_reason":""},"product_brand":[],"product_cat":[4641,4584,4582],"product_tag":[7388,7385,7386,7387,7390,7389,7279],"class_list":{"0":"post-19622","1":"product","2":"type-product","3":"status-publish","4":"has-post-thumbnail","6":"product_cat-entmutigung","7":"product_cat-fledermause","8":"product_cat-nicht-teil-einer-kategorie","9":"product_tag-7388","10":"product_tag-abwehrbuerste","11":"product_tag-ausschlussbuerste","12":"product_tag-buerste","13":"product_tag-entmutigung","14":"product_tag-mm","15":"product_tag-schwarz","17":"first","18":"instock","19":"shipping-taxable","20":"purchasable","21":"product-type-simple"},"acf":[],"_links":{"self":[{"href":"https:\/\/viva.ezxdemo.com\/de\/wp-json\/wp\/v2\/product\/19622","targetHints":{"allow":["GET"]}}],"collection":[{"href":"https:\/\/viva.ezxdemo.com\/de\/wp-json\/wp\/v2\/product"}],"about":[{"href":"https:\/\/viva.ezxdemo.com\/de\/wp-json\/wp\/v2\/types\/product"}],"wp:featuredmedia":[{"embeddable":true,"href":"https:\/\/viva.ezxdemo.com\/de\/wp-json\/wp\/v2\/media\/19278"}],"wp:attachment":[{"href":"https:\/\/viva.ezxdemo.com\/de\/wp-json\/wp\/v2\/media?parent=19622"}],"wp:term":[{"taxonomy":"product_brand","embeddable":true,"href":"https:\/\/viva.ezxdemo.com\/de\/wp-json\/wp\/v2\/product_brand?post=19622"},{"taxonomy":"product_cat","embeddable":true,"href":"https:\/\/viva.ezxdemo.com\/de\/wp-json\/wp\/v2\/product_cat?post=19622"},{"taxonomy":"product_tag","embeddable":true,"href":"https:\/\/viva.ezxdemo.com\/de\/wp-json\/wp\/v2\/product_tag?post=19622"}],"curies":[{"name":"wp","href":"https:\/\/api.w.org\/{rel}","templated":true}]}}