{"id":19768,"date":"2024-10-10T16:40:28","date_gmt":"2024-10-10T14:40:28","guid":{"rendered":"https:\/\/vivarapro.nl\/product\/ib-vl-18-vleermuis-inbouwkast\/"},"modified":"2026-01-15T16:47:32","modified_gmt":"2026-01-15T15:47:32","slug":"ib-vl-18-fledermaus-einbaukasten","status":"publish","type":"product","link":"https:\/\/viva.ezxdemo.com\/de\/produkt\/ib-vl-18-fledermaus-einbaukasten\/","title":{"rendered":"IB VL 18 Fledermaus Einbaustein"},"content":{"rendered":"<ul>\n<li data-start=\"140\" data-end=\"329\">Dieser Fledermaus Einbaukasten eignet sich als Ausgleichsma\u00dfnahme f\u00fcr Sommer- oder Paarungsquartiere von Flederm\u00e4usen. Die Nistkasten ist ideal f\u00fcr Fassaden, die mit Putz versehen sind.<\/li>\n<li data-start=\"331\" data-end=\"461\">Arten wie die Zwergfledermaus, die M\u00fcckenfledermaus, die Rauhautfledermaus und die Zweifarbfledermaus k\u00f6nnen diesen Kasten nutzen.<\/li>\n<li data-start=\"463\" data-end=\"605\">Der Einbaukasten besteht aus 100\u202f% FSC\u00ae-zertifiziertem Holzbeton und erf\u00fcllt alle Anforderungen zum Schutz des Zwergfledermaus.<\/li>\n<li data-start=\"607\" data-end=\"810\">Der Kasten kann einzeln oder seitlich kombiniert mit mehreren IB VL 18-Elementen eingebaut werden. Diese Kombination bietet den Flederm\u00e4usen mehr Platz und kann somit auch als Wochenstube genutzt werden.<\/li>\n<\/ul>\n<p>F\u00fcr Flederm\u00e4use gilt: Je mehr Raum sie zur Verf\u00fcgung haben, desto besser!<\/p>\n","protected":false},"excerpt":{"rendered":"<p>Fledermaus Einbaukasten B VL 18|FSC\u00ae-zertifiert Holzbeton | ideal f\u00fcr verputzte Fassaden, solo oder kombinierbar f\u00fcr mehr Platz.<\/p>\n","protected":false},"featured_media":29886,"template":"","meta":{"_acf_changed":false,"_relevanssi_hide_post":"","_relevanssi_hide_content":"","_relevanssi_pin_for_all":"","_relevanssi_pin_keywords":"","_relevanssi_unpin_keywords":"","_relevanssi_related_keywords":"","_relevanssi_related_include_ids":"","_relevanssi_related_exclude_ids":"","_relevanssi_related_no_append":"","_relevanssi_related_not_related":"","_relevanssi_related_posts":"","_relevanssi_noindex_reason":""},"product_brand":[],"product_cat":[4583,4596,4584],"product_tag":[7376,7278,7375,7287,7302,7377],"class_list":{"0":"post-19768","1":"product","2":"type-product","3":"status-publish","4":"has-post-thumbnail","6":"product_cat-einbausteine","7":"product_cat-einbausteine-fledermaeuse","8":"product_cat-fledermause","9":"product_tag-einbaustein","10":"product_tag-fledermaus","11":"product_tag-fledermauese","12":"product_tag-holzbeton","13":"product_tag-nistkasten","14":"product_tag-stein","15":"pa_binnenmaat-b-x-h-x-d-cm-16-x-37-x-18-de","16":"pa_buitenmaat-b-x-h-x-d-cm-21-x-50-x-11-de","17":"pa_gewicht-kg-83-de","18":"pa_kleur-grau","19":"pa_materiaal-holzbeton","20":"pa_materiaal-voor-filter-holzbeton","21":"pa_soort-muckenfledermaus","22":"pa_soort-rauhautfledermaus","23":"pa_soort-zwergfledermaus","24":"pa_soortgroep-fledermause","26":"first","27":"instock","28":"purchasable","29":"product-type-simple"},"acf":[],"_links":{"self":[{"href":"https:\/\/viva.ezxdemo.com\/de\/wp-json\/wp\/v2\/product\/19768","targetHints":{"allow":["GET"]}}],"collection":[{"href":"https:\/\/viva.ezxdemo.com\/de\/wp-json\/wp\/v2\/product"}],"about":[{"href":"https:\/\/viva.ezxdemo.com\/de\/wp-json\/wp\/v2\/types\/product"}],"wp:featuredmedia":[{"embeddable":true,"href":"https:\/\/viva.ezxdemo.com\/de\/wp-json\/wp\/v2\/media\/29886"}],"wp:attachment":[{"href":"https:\/\/viva.ezxdemo.com\/de\/wp-json\/wp\/v2\/media?parent=19768"}],"wp:term":[{"taxonomy":"product_brand","embeddable":true,"href":"https:\/\/viva.ezxdemo.com\/de\/wp-json\/wp\/v2\/product_brand?post=19768"},{"taxonomy":"product_cat","embeddable":true,"href":"https:\/\/viva.ezxdemo.com\/de\/wp-json\/wp\/v2\/product_cat?post=19768"},{"taxonomy":"product_tag","embeddable":true,"href":"https:\/\/viva.ezxdemo.com\/de\/wp-json\/wp\/v2\/product_tag?post=19768"}],"curies":[{"name":"wp","href":"https:\/\/api.w.org\/{rel}","templated":true}]}}