{"id":19782,"date":"2025-04-14T10:52:34","date_gmt":"2025-04-14T08:52:34","guid":{"rendered":"https:\/\/vivarapro.nl\/product\/rv-zp-01-roofvogelzitpaal\/"},"modified":"2026-02-03T12:36:14","modified_gmt":"2026-02-03T11:36:14","slug":"rv-zp-01-greifvogel-ansitzstange","status":"publish","type":"product","link":"https:\/\/viva.ezxdemo.com\/de\/produkt\/rv-zp-01-greifvogel-ansitzstange\/","title":{"rendered":"RV ZP 01 Greifvogel Ansitzstange"},"content":{"rendered":"<p data-start=\"144\" data-end=\"177\">Greifvogel Ansitzstange: Greifv\u00f6gel wie M\u00e4usebussarde, Turmfalken und Eulen bevorzugen erh\u00f6hte Sitzpl\u00e4tze, um ihre Umgebung zu \u00fcberblicken und zu jagen. Diese Sitzstangen werden unter anderem in Obstplantagen und Baumschulen eingesetzt, um zu verhindern, dass sich V\u00f6gel auf die Spitzen junger B\u00e4ume setzen, was zu Astbr\u00fcchen f\u00fchren kann.<\/p>\n<p class=\"\" data-start=\"495\" data-end=\"821\">Dar\u00fcber hinaus werden die Stangen entlang von (Schnell)stra\u00dfen aufgestellt, um zu vermeiden, dass Greifv\u00f6gel in niedriger H\u00f6he \u00fcber die Fahrbahn fliegen und mit Fahrzeugen kollidieren. Durch das Anbringen dieser Sitzpl\u00e4tze wird es f\u00fcr die V\u00f6gel attraktiver, Stra\u00dfen aus gr\u00f6\u00dferer H\u00f6he zu \u00fcberqueren, was ihre Sicherheit erh\u00f6ht.<\/p>\n","protected":false},"excerpt":{"rendered":"<p>RV ZP 01 Greifvogel-Sitzplatz | Vivara Pro | Experte f\u00fcr Nistl\u00f6sungen f\u00fcr Flederm\u00e4use, V\u00f6gel und Insekten | Greifvogel-Sitzplatz<\/p>\n","protected":false},"featured_media":18885,"template":"","meta":{"_acf_changed":false,"_relevanssi_hide_post":"","_relevanssi_hide_content":"","_relevanssi_pin_for_all":"","_relevanssi_pin_keywords":"","_relevanssi_unpin_keywords":"","_relevanssi_related_keywords":"","_relevanssi_related_include_ids":"","_relevanssi_related_exclude_ids":"","_relevanssi_related_no_append":"","_relevanssi_related_not_related":"","_relevanssi_related_posts":"","_relevanssi_noindex_reason":""},"product_brand":[],"product_cat":[5101,4636],"product_tag":[7575,7300,7576,7293],"class_list":{"0":"post-19782","1":"product","2":"type-product","3":"status-publish","4":"has-post-thumbnail","6":"product_cat-nisthilfen-fur-greifvogel-und-eulen","7":"product_cat-haus-und-pfahlkasten","8":"product_tag-greifvogel","9":"product_tag-holz","10":"product_tag-platz","11":"product_tag-voegel","12":"pa_buitenmaat-b-x-h-x-d-cm-90-x-600-x-15-de","13":"pa_gewicht-kg-26-2-de","14":"pa_materiaal-douglas-pfahl-mit-sitzbalken-aus-kastanienholz","15":"pa_soort-bussard","16":"pa_soort-turmfalke","17":"pa_soortgroep-raubvogel","19":"first","20":"instock","21":"shipping-taxable","22":"purchasable","23":"product-type-simple"},"acf":[],"_links":{"self":[{"href":"https:\/\/viva.ezxdemo.com\/de\/wp-json\/wp\/v2\/product\/19782","targetHints":{"allow":["GET"]}}],"collection":[{"href":"https:\/\/viva.ezxdemo.com\/de\/wp-json\/wp\/v2\/product"}],"about":[{"href":"https:\/\/viva.ezxdemo.com\/de\/wp-json\/wp\/v2\/types\/product"}],"wp:featuredmedia":[{"embeddable":true,"href":"https:\/\/viva.ezxdemo.com\/de\/wp-json\/wp\/v2\/media\/18885"}],"wp:attachment":[{"href":"https:\/\/viva.ezxdemo.com\/de\/wp-json\/wp\/v2\/media?parent=19782"}],"wp:term":[{"taxonomy":"product_brand","embeddable":true,"href":"https:\/\/viva.ezxdemo.com\/de\/wp-json\/wp\/v2\/product_brand?post=19782"},{"taxonomy":"product_cat","embeddable":true,"href":"https:\/\/viva.ezxdemo.com\/de\/wp-json\/wp\/v2\/product_cat?post=19782"},{"taxonomy":"product_tag","embeddable":true,"href":"https:\/\/viva.ezxdemo.com\/de\/wp-json\/wp\/v2\/product_tag?post=19782"}],"curies":[{"name":"wp","href":"https:\/\/api.w.org\/{rel}","templated":true}]}}