{"id":19835,"date":"2024-11-06T08:43:30","date_gmt":"2024-11-06T07:43:30","guid":{"rendered":"https:\/\/vivarapro.nl\/product\/ib-mu-10-huismus-inbouw-nestkast\/"},"modified":"2026-01-16T12:33:51","modified_gmt":"2026-01-16T11:33:51","slug":"ib-mu-10-haussperling-einbau-nistkasten","status":"publish","type":"product","link":"https:\/\/viva.ezxdemo.com\/de\/produkt\/ib-mu-10-haussperling-einbau-nistkasten\/","title":{"rendered":"IB MU 10 Haussperling Aufbau\/Einbaukasten"},"content":{"rendered":"<p data-start=\"127\" data-end=\"168\">Dieser Aufbau\/Einbaukasten f\u00fcr Haussperlinge wurde in Zusammenarbeit mit Vogelbescherming Vlaanderen entwickelt und ist ein bevorzugter Brutplatz f\u00fcr Haussperlinge. Der Nistkasten kann einfach an einer Fassade befestigt oder in eine Wand eingebaut werden. Eine Trennung zwischen dem Vorbau (Terrasse) und dem Brutraum bietet zus\u00e4tzlichen Schutz vor Fressfeinden. Vom Vorbau aus k\u00f6nnen Haussperlinge sicher die Umgebung beobachten, bevor sie den Nistkasten verlassen.<\/p>\n<p data-start=\"35\" data-end=\"48\"><strong data-start=\"35\" data-end=\"48\">Merkmale:<\/strong><\/p>\n<ul data-start=\"50\" data-end=\"106\">\n<li data-start=\"50\" data-end=\"76\">\n<p data-start=\"52\" data-end=\"76\">Nachhaltiger Holzbeton<\/p>\n<\/li>\n<li data-start=\"77\" data-end=\"106\">\n<p data-start=\"79\" data-end=\"106\">Schrauben nicht enthalten<\/p>\n<\/li>\n<\/ul>\n<p data-start=\"108\" data-end=\"117\"><strong data-start=\"108\" data-end=\"117\">Ma\u00dfe:<\/strong><\/p>\n<ul data-start=\"119\" data-end=\"220\">\n<li data-start=\"119\" data-end=\"143\">\n<p data-start=\"121\" data-end=\"143\">Au\u00dfenma\u00df: 32 x 15 cm<\/p>\n<\/li>\n<li data-start=\"144\" data-end=\"182\">\n<p data-start=\"146\" data-end=\"182\">Innenma\u00df kleinstes Fach: 9 x 12 cm<\/p>\n<\/li>\n<li data-start=\"183\" data-end=\"220\">\n<p data-start=\"185\" data-end=\"220\">Innenma\u00df gr\u00f6\u00dftes Fach: 17 x 12 cm<\/p>\n<\/li>\n<\/ul>\n","protected":false},"excerpt":{"rendered":"<p>Robuster FSC\u00ae-Holzbeton-Nistkasten f\u00fcr Haussperlinge. Sicher, bequem und raubtiersicher. Haussperling einbau Nistkasten zum Einbauen oder Aufh\u00e4ngen. Mit Vogelschutzexperten entwickelt.<\/p>\n","protected":false},"featured_media":31505,"template":"","meta":{"_acf_changed":false,"_relevanssi_hide_post":"","_relevanssi_hide_content":"","_relevanssi_pin_for_all":"","_relevanssi_pin_keywords":"","_relevanssi_unpin_keywords":"","_relevanssi_related_keywords":"","_relevanssi_related_include_ids":"","_relevanssi_related_exclude_ids":"","_relevanssi_related_no_append":"","_relevanssi_related_not_related":"","_relevanssi_related_posts":"","_relevanssi_noindex_reason":""},"product_brand":[],"product_cat":[4586,4583,4595,4601,4604,4612,7870],"product_tag":[],"class_list":{"0":"post-19835","1":"product","2":"type-product","3":"status-publish","4":"has-post-thumbnail","6":"product_cat-haussperlinge","7":"product_cat-einbausteine","8":"product_cat-einbausteine-sperlinge","9":"product_cat-fassadenkaesten","10":"product_cat-fassadenkaesten-haussperlinge","11":"product_cat-nistkaesten-haussperlinge","12":"product_cat-nistkaesten","13":"pa_buitenmaat-b-x-h-x-d-cm-15-x-15-x-32-de","14":"pa_kleur-grau","15":"pa_materiaal-holzbeton","16":"pa_soort-feldsperling","17":"pa_soort-haussperling","18":"pa_soortgroep-sperlingen","20":"first","21":"instock","22":"purchasable","23":"product-type-simple"},"acf":[],"_links":{"self":[{"href":"https:\/\/viva.ezxdemo.com\/de\/wp-json\/wp\/v2\/product\/19835","targetHints":{"allow":["GET"]}}],"collection":[{"href":"https:\/\/viva.ezxdemo.com\/de\/wp-json\/wp\/v2\/product"}],"about":[{"href":"https:\/\/viva.ezxdemo.com\/de\/wp-json\/wp\/v2\/types\/product"}],"wp:featuredmedia":[{"embeddable":true,"href":"https:\/\/viva.ezxdemo.com\/de\/wp-json\/wp\/v2\/media\/31505"}],"wp:attachment":[{"href":"https:\/\/viva.ezxdemo.com\/de\/wp-json\/wp\/v2\/media?parent=19835"}],"wp:term":[{"taxonomy":"product_brand","embeddable":true,"href":"https:\/\/viva.ezxdemo.com\/de\/wp-json\/wp\/v2\/product_brand?post=19835"},{"taxonomy":"product_cat","embeddable":true,"href":"https:\/\/viva.ezxdemo.com\/de\/wp-json\/wp\/v2\/product_cat?post=19835"},{"taxonomy":"product_tag","embeddable":true,"href":"https:\/\/viva.ezxdemo.com\/de\/wp-json\/wp\/v2\/product_tag?post=19835"}],"curies":[{"name":"wp","href":"https:\/\/api.w.org\/{rel}","templated":true}]}}