{"id":19847,"date":"2025-05-07T15:23:29","date_gmt":"2025-05-07T13:23:29","guid":{"rendered":"https:\/\/vivarapro.nl\/?post_type=product&#038;p=19847"},"modified":"2026-01-12T13:53:53","modified_gmt":"2026-01-12T12:53:53","slug":"ip-bl-02-insektenblock-gelb","status":"publish","type":"product","link":"https:\/\/viva.ezxdemo.com\/de\/produkt\/ip-bl-02-insektenblock-gelb\/","title":{"rendered":"IP BL 02 Insektenblock gelb"},"content":{"rendered":"<p><span lang=\"DE\" style=\"color: black;\">Dieser Insektenblock bietet Solit\u00e4rbienen einen sicheren Nistplatz und unterst\u00fctzt aktiv die Artenvielfalt in Ihrem Garten oder auf dem Balkon. Obwohl Solit\u00e4rbienen Einzelg\u00e4nger sind, k\u00f6nnen sie die Bl\u00f6cke mit der Zeit kolonieartig besiedeln. Durch ihre Aktivit\u00e4t tragen sie zur Best\u00e4ubung von Blumen, Obstb\u00e4umen und Nutzpflanzen bei.<\/span><\/p>\n<p><span lang=\"DE\" style=\"color: black;\">Der Block ist aus FSC-zertifiziertem Holzbeton gefertigt und mit hohlen Bambusrohren unterschiedlicher Durchmesser gef\u00fcllt, sodass verschiedene Solit\u00e4rbienenarten optimal gef\u00f6rdert werden. Diese Bienen sind vollkommen friedlich \u2013 sie stechen nicht und bel\u00e4stigen Menschen nicht.<\/span><\/p>\n","protected":false},"excerpt":{"rendered":"<p>IP BL 02 Insektenblock | Insektenblock aus Holzbeton mit Bambusr\u00f6hren | Sicherer Nistplatz f\u00fcr friedliche Solit\u00e4rbienen und mehr Artenvielfalt<\/p>\n","protected":false},"featured_media":16023,"template":"","meta":{"_acf_changed":false,"_relevanssi_hide_post":"","_relevanssi_hide_content":"","_relevanssi_pin_for_all":"","_relevanssi_pin_keywords":"","_relevanssi_unpin_keywords":"","_relevanssi_related_keywords":"","_relevanssi_related_include_ids":"","_relevanssi_related_exclude_ids":"","_relevanssi_related_no_append":"","_relevanssi_related_not_related":"","_relevanssi_related_posts":"","_relevanssi_noindex_reason":""},"product_brand":[],"product_cat":[4583,4613,4618,4591,7838],"product_tag":[],"class_list":{"0":"post-19847","1":"product","2":"type-product","3":"status-publish","4":"has-post-thumbnail","6":"product_cat-einbausteine","7":"product_cat-einbausteine-insekten","8":"product_cat-insektenhotel","9":"product_cat-insektennisthilfen","10":"product_cat-nabu-empfohlen","11":"pa_buitenmaat-b-x-h-x-d-cm-185-x-27-x-9-de","12":"pa_gewicht-kg-32-de","14":"first","15":"instock","16":"purchasable","17":"product-type-simple"},"acf":[],"_links":{"self":[{"href":"https:\/\/viva.ezxdemo.com\/de\/wp-json\/wp\/v2\/product\/19847","targetHints":{"allow":["GET"]}}],"collection":[{"href":"https:\/\/viva.ezxdemo.com\/de\/wp-json\/wp\/v2\/product"}],"about":[{"href":"https:\/\/viva.ezxdemo.com\/de\/wp-json\/wp\/v2\/types\/product"}],"wp:featuredmedia":[{"embeddable":true,"href":"https:\/\/viva.ezxdemo.com\/de\/wp-json\/wp\/v2\/media\/16023"}],"wp:attachment":[{"href":"https:\/\/viva.ezxdemo.com\/de\/wp-json\/wp\/v2\/media?parent=19847"}],"wp:term":[{"taxonomy":"product_brand","embeddable":true,"href":"https:\/\/viva.ezxdemo.com\/de\/wp-json\/wp\/v2\/product_brand?post=19847"},{"taxonomy":"product_cat","embeddable":true,"href":"https:\/\/viva.ezxdemo.com\/de\/wp-json\/wp\/v2\/product_cat?post=19847"},{"taxonomy":"product_tag","embeddable":true,"href":"https:\/\/viva.ezxdemo.com\/de\/wp-json\/wp\/v2\/product_tag?post=19847"}],"curies":[{"name":"wp","href":"https:\/\/api.w.org\/{rel}","templated":true}]}}