{"id":20049,"date":"2024-10-16T15:54:47","date_gmt":"2024-10-16T13:54:47","guid":{"rendered":"https:\/\/vivarapro.nl\/product\/ib-vl-19-vleermuis-inbouwkast\/"},"modified":"2025-12-01T17:46:00","modified_gmt":"2025-12-01T16:46:00","slug":"ib-vl-19-fledermaus-einbaukasten","status":"publish","type":"product","link":"https:\/\/viva.ezxdemo.com\/de\/produkt\/ib-vl-19-fledermaus-einbaukasten\/","title":{"rendered":"IB VL 19 Fledermaus Einbaukasten"},"content":{"rendered":"<article class=\"text-token-text-primary w-full\" dir=\"auto\" data-testid=\"conversation-turn-20\" data-scroll-anchor=\"true\">\n<div class=\"text-base my-auto mx-auto py-5 [--thread-content-margin:--spacing(4)] @[37rem]:[--thread-content-margin:--spacing(6)] @[72rem]:[--thread-content-margin:--spacing(16)] px-(--thread-content-margin)\">\n<div class=\"[--thread-content-max-width:32rem] @[34rem]:[--thread-content-max-width:40rem] @[64rem]:[--thread-content-max-width:48rem] mx-auto flex max-w-(--thread-content-max-width) flex-1 text-base gap-4 md:gap-5 lg:gap-6 group\/turn-messages focus-visible:outline-hidden\" tabindex=\"-1\">\n<div class=\"group\/conversation-turn relative flex w-full min-w-0 flex-col agent-turn\">\n<div class=\"relative flex-col gap-1 md:gap-3\">\n<div class=\"flex max-w-full flex-col grow\">\n<div class=\"min-h-8 text-message relative flex w-full flex-col items-end gap-2 text-start break-words whitespace-normal [.text-message+&amp;]:mt-5\" dir=\"auto\" data-message-author-role=\"assistant\" data-message-id=\"aa3de769-649a-4367-a9b8-8041d1fb760c\" data-message-model-slug=\"gpt-4o\">\n<div class=\"flex w-full flex-col gap-1 empty:hidden first:pt-[3px]\">\n<div class=\"markdown prose dark:prose-invert w-full break-words dark\">\n<ul>\n<li data-start=\"0\" data-end=\"370\">Dieser Fledermaus-Einbaukasten wurde f\u00fcr Fassaden entwickelt, die mit Fassadenverkleidungen wie bei Holzrahmenbau (HSB) versehen werden.<\/li>\n<li>W\u00e4hlen Sie vor dem Einbau zun\u00e4chst die gew\u00fcnschte St\u00e4rke der Einflug\u00f6ffnung \u2013 diese h\u00e4ngt von der St\u00e4rke der verwendeten Fassadenverkleidung ab.<\/li>\n<li>Es stehen zwei Varianten zur Auswahl: 20 mm (72005) und 28 mm (72006).<\/li>\n<\/ul>\n<\/div>\n<\/div>\n<\/div>\n<\/div>\n<\/div>\n<\/div>\n<\/div>\n<\/div>\n<\/article>\n","protected":false},"excerpt":{"rendered":"<article class=\"text-token-text-primary w-full\" dir=\"auto\" data-testid=\"conversation-turn-28\" data-scroll-anchor=\"true\">\n<div class=\"text-base my-auto mx-auto py-5 [--thread-content-margin:--spacing(4)] @[37rem]:[--thread-content-margin:--spacing(6)] @[72rem]:[--thread-content-margin:--spacing(16)] px-(--thread-content-margin)\">\n<div class=\"[--thread-content-max-width:32rem] @[34rem]:[--thread-content-max-width:40rem] @[64rem]:[--thread-content-max-width:48rem] mx-auto flex max-w-(--thread-content-max-width) flex-1 text-base gap-4 md:gap-5 lg:gap-6 group\/turn-messages focus-visible:outline-hidden\" tabindex=\"-1\">\n<div class=\"group\/conversation-turn relative flex w-full min-w-0 flex-col agent-turn\">\n<div class=\"relative flex-col gap-1 md:gap-3\">\n<div class=\"flex max-w-full flex-col grow\">\n<div class=\"min-h-8 text-message relative flex w-full flex-col items-end gap-2 text-start break-words whitespace-normal [.text-message+&amp;]:mt-5\" dir=\"auto\" data-message-author-role=\"assistant\" data-message-id=\"547d0583-e20a-43cb-9a06-cfc2ae00ca5b\" data-message-model-slug=\"gpt-4o\">\n<div class=\"flex w-full flex-col gap-1 empty:hidden first:pt-[3px]\">\n<div class=\"markdown prose dark:prose-invert w-full break-words dark\">\n<p class=\"\" data-start=\"0\" data-end=\"149\">IB VL 19 Fledermaus-Einbaukasten | Gemeinsam erfolgreich naturnah bauen | Nachhaltig hergestellte Produkte | Fledermaus-Einbaukasten | Vivara Pro<\/p>\n<\/div>\n<\/div>\n<\/div>\n<\/div>\n<\/div>\n<\/div>\n<\/div>\n<\/div>\n<\/article>\n","protected":false},"featured_media":29914,"template":"","meta":{"_acf_changed":false,"_relevanssi_hide_post":"","_relevanssi_hide_content":"","_relevanssi_pin_for_all":"","_relevanssi_pin_keywords":"","_relevanssi_unpin_keywords":"","_relevanssi_related_keywords":"","_relevanssi_related_include_ids":"","_relevanssi_related_exclude_ids":"","_relevanssi_related_no_append":"","_relevanssi_related_not_related":"","_relevanssi_related_posts":"","_relevanssi_noindex_reason":""},"product_brand":[],"product_cat":[4583,4596,4584],"product_tag":[],"class_list":{"0":"post-20049","1":"product","2":"type-product","3":"status-publish","4":"has-post-thumbnail","6":"product_cat-einbausteine","7":"product_cat-einbausteine-fledermaeuse","8":"product_cat-fledermause","9":"pa_binnenmaat-b-x-h-x-d-cm-24-x-48-x-2-de","10":"pa_buitenmaat-b-x-h-x-d-cm-28-x-56-x-5-de","11":"pa_gewicht-kg-55-de","12":"pa_kleur-grau","13":"pa_materiaal-holzbeton","14":"pa_materiaal-multiplex-fur-den-ausenbereich-fsc","15":"pa_materiaal-voor-filter-holzbeton","16":"pa_soort-breitflugelfledermaus","17":"pa_soort-kleine-bartfledermaus","18":"pa_soort-muckenfledermaus","19":"pa_soort-rauhautfledermaus","20":"pa_soort-zwergfledermaus","21":"pa_soortgroep-fledermause","23":"first","24":"instock","25":"purchasable","26":"product-type-simple"},"acf":[],"_links":{"self":[{"href":"https:\/\/viva.ezxdemo.com\/de\/wp-json\/wp\/v2\/product\/20049","targetHints":{"allow":["GET"]}}],"collection":[{"href":"https:\/\/viva.ezxdemo.com\/de\/wp-json\/wp\/v2\/product"}],"about":[{"href":"https:\/\/viva.ezxdemo.com\/de\/wp-json\/wp\/v2\/types\/product"}],"wp:featuredmedia":[{"embeddable":true,"href":"https:\/\/viva.ezxdemo.com\/de\/wp-json\/wp\/v2\/media\/29914"}],"wp:attachment":[{"href":"https:\/\/viva.ezxdemo.com\/de\/wp-json\/wp\/v2\/media?parent=20049"}],"wp:term":[{"taxonomy":"product_brand","embeddable":true,"href":"https:\/\/viva.ezxdemo.com\/de\/wp-json\/wp\/v2\/product_brand?post=20049"},{"taxonomy":"product_cat","embeddable":true,"href":"https:\/\/viva.ezxdemo.com\/de\/wp-json\/wp\/v2\/product_cat?post=20049"},{"taxonomy":"product_tag","embeddable":true,"href":"https:\/\/viva.ezxdemo.com\/de\/wp-json\/wp\/v2\/product_tag?post=20049"}],"curies":[{"name":"wp","href":"https:\/\/api.w.org\/{rel}","templated":true}]}}