{"id":20067,"date":"2025-05-14T11:26:52","date_gmt":"2025-05-14T09:26:52","guid":{"rendered":"https:\/\/vivarapro.nl\/?post_type=product&#038;p=20067"},"modified":"2025-07-31T13:24:58","modified_gmt":"2025-07-31T11:24:58","slug":"ib-mu-08-haussperling-eingebauter-nistkasten-einzeln-neubau-kopie","status":"publish","type":"product","link":"https:\/\/viva.ezxdemo.com\/de\/produkt\/ib-mu-08-haussperling-eingebauter-nistkasten-einzeln-neubau-kopie\/","title":{"rendered":"IB MU 08 Einbaunistkasten f\u00fcr Sperlinge (Neubau)"},"content":{"rendered":"<p>Dieser Einbaunistkasten eignet sich bei Neubauten als Ausgleich f\u00fcr Haussperlingnistpl\u00e4tze in der Fassade. Die Innenma\u00dfe sind ideal f\u00fcr nistende Haussperlinge.<\/p>\n<p>Die H\u00f6he dieses Einbausteins passt perfekt in das 4-Lagen-Waal-Format. Haussperlinge leben in Kolonien, daher empfiehlt es sich, mehrere Einbausteine zusammen zu platzieren. Der eingebaute Nistkasten wird auch regelm\u00e4\u00dfig von anderen Arten wie Meisen bewohnt.<\/p>\n<p>Dieser Einbaunistkasten ist aus FSC\u00ae-Holzbeton gefertigt und kann bei Bedarf an der Vorderseite zur Reinigung ge\u00f6ffnet werden.<\/p>\n","protected":false},"excerpt":{"rendered":"<p>IB MU 07 Haussperling Eingebauter Nistkasten einzeln (Neubau)<\/p>\n","protected":false},"featured_media":31448,"template":"","meta":{"_acf_changed":false,"_relevanssi_hide_post":"","_relevanssi_hide_content":"","_relevanssi_pin_for_all":"","_relevanssi_pin_keywords":"","_relevanssi_unpin_keywords":"","_relevanssi_related_keywords":"","_relevanssi_related_include_ids":"","_relevanssi_related_exclude_ids":"","_relevanssi_related_no_append":"","_relevanssi_related_not_related":"","_relevanssi_related_posts":"","_relevanssi_noindex_reason":""},"product_brand":[],"product_cat":[4583,4595,4586],"product_tag":[],"class_list":{"0":"post-20067","1":"product","2":"type-product","3":"status-publish","4":"has-post-thumbnail","6":"product_cat-einbausteine","7":"product_cat-einbausteine-sperlinge","8":"product_cat-haussperlinge","9":"pa_buitenmaat-b-x-h-x-d-cm-29x22x165-de","10":"pa_gewicht-kg-7-de","11":"pa_invliegopening-34-mm-de","12":"pa_kleur-grau-weis","13":"pa_materiaal-woodstone-de","14":"pa_materiaal-voor-filter-holzbeton","15":"pa_soort-haussperling","16":"pa_soortgroep-sperlingen","18":"first","19":"instock","20":"purchasable","21":"product-type-simple"},"acf":[],"_links":{"self":[{"href":"https:\/\/viva.ezxdemo.com\/de\/wp-json\/wp\/v2\/product\/20067","targetHints":{"allow":["GET"]}}],"collection":[{"href":"https:\/\/viva.ezxdemo.com\/de\/wp-json\/wp\/v2\/product"}],"about":[{"href":"https:\/\/viva.ezxdemo.com\/de\/wp-json\/wp\/v2\/types\/product"}],"wp:featuredmedia":[{"embeddable":true,"href":"https:\/\/viva.ezxdemo.com\/de\/wp-json\/wp\/v2\/media\/31448"}],"wp:attachment":[{"href":"https:\/\/viva.ezxdemo.com\/de\/wp-json\/wp\/v2\/media?parent=20067"}],"wp:term":[{"taxonomy":"product_brand","embeddable":true,"href":"https:\/\/viva.ezxdemo.com\/de\/wp-json\/wp\/v2\/product_brand?post=20067"},{"taxonomy":"product_cat","embeddable":true,"href":"https:\/\/viva.ezxdemo.com\/de\/wp-json\/wp\/v2\/product_cat?post=20067"},{"taxonomy":"product_tag","embeddable":true,"href":"https:\/\/viva.ezxdemo.com\/de\/wp-json\/wp\/v2\/product_tag?post=20067"}],"curies":[{"name":"wp","href":"https:\/\/api.w.org\/{rel}","templated":true}]}}