{"id":20125,"date":"2025-05-14T11:48:12","date_gmt":"2025-05-14T09:48:12","guid":{"rendered":"https:\/\/vivarapro.nl\/?post_type=product&#038;p=20125"},"modified":"2025-08-01T12:58:20","modified_gmt":"2025-08-01T10:58:20","slug":"ib-di-04-nistkasten-einbau-halb-offen-kopie","status":"publish","type":"product","link":"https:\/\/viva.ezxdemo.com\/de\/produkt\/ib-di-04-nistkasten-einbau-halb-offen-kopie\/","title":{"rendered":"IB DI 03  Einbaunistkasten halboffen"},"content":{"rendered":"<p class=\"\" data-start=\"225\" data-end=\"521\">Dieser halboffene Einbaunistkasten eignet sich als Ausgleichsma\u00dfnahme f\u00fcr Brutpl\u00e4tze, insbesondere f\u00fcr den Hausrotschwanz, und ist ideal f\u00fcr verputzte Fassaden. Der Nistkasten ist geeignet f\u00fcr Neubau, Sanierung und nachtr\u00e4gliche D\u00e4mmung und passt perfekt in ein 3-Schichten-Waalformat-Mauerwerk.<\/p>\n<p class=\"\" data-start=\"523\" data-end=\"637\">Auch Arten wie Bachstelze, Gebirgsstelze, Rotkehlchen, Grauschn\u00e4pper und Haussperling k\u00f6nnen diesen Kasten nutzen.<\/p>\n<p class=\"\" data-start=\"639\" data-end=\"707\">Der Nistkasten besteht vollst\u00e4ndig aus FSC\u00ae-zertifiziertem Holzbeton.<\/p>\n","protected":false},"excerpt":{"rendered":"<p data-start=\"1989\" data-end=\"2039\">IB DI 04 Nistkasten Einbau halb offen Gemeinsam erfolgreich naturnah bauen | Halboffener Einbau-Nistkasten f\u00fcr Mauersegler | Vivara Pro<\/p>\n","protected":false},"featured_media":20129,"template":"","meta":{"_acf_changed":false,"_relevanssi_hide_post":"","_relevanssi_hide_content":"","_relevanssi_pin_for_all":"","_relevanssi_pin_keywords":"","_relevanssi_unpin_keywords":"","_relevanssi_related_keywords":"","_relevanssi_related_include_ids":"","_relevanssi_related_exclude_ids":"","_relevanssi_related_no_append":"","_relevanssi_related_not_related":"","_relevanssi_related_posts":"","_relevanssi_noindex_reason":""},"product_brand":[],"product_cat":[4583,4597,4586,4589],"product_tag":[],"class_list":{"0":"post-20125","1":"product","2":"type-product","3":"status-publish","4":"has-post-thumbnail","6":"product_cat-einbausteine","7":"product_cat-einbausteine-andere","8":"product_cat-haussperlinge","9":"product_cat-singvogel","10":"pa_buitenmaat-b-x-h-x-d-cm-215x215x15-de","11":"pa_kleur-grau","12":"pa_materiaal-holzbeton","13":"pa_materiaal-voor-filter-holzbeton","14":"pa_soort-bachstelze","15":"pa_soort-grauschnapper","16":"pa_soort-hausrotschwanz","17":"pa_soort-haussperling","18":"pa_soort-rotkehlchen","19":"pa_soort-schafstelze","20":"pa_soortgroep-singvogel","22":"first","23":"instock","24":"purchasable","25":"product-type-simple"},"acf":[],"_links":{"self":[{"href":"https:\/\/viva.ezxdemo.com\/de\/wp-json\/wp\/v2\/product\/20125","targetHints":{"allow":["GET"]}}],"collection":[{"href":"https:\/\/viva.ezxdemo.com\/de\/wp-json\/wp\/v2\/product"}],"about":[{"href":"https:\/\/viva.ezxdemo.com\/de\/wp-json\/wp\/v2\/types\/product"}],"wp:featuredmedia":[{"embeddable":true,"href":"https:\/\/viva.ezxdemo.com\/de\/wp-json\/wp\/v2\/media\/20129"}],"wp:attachment":[{"href":"https:\/\/viva.ezxdemo.com\/de\/wp-json\/wp\/v2\/media?parent=20125"}],"wp:term":[{"taxonomy":"product_brand","embeddable":true,"href":"https:\/\/viva.ezxdemo.com\/de\/wp-json\/wp\/v2\/product_brand?post=20125"},{"taxonomy":"product_cat","embeddable":true,"href":"https:\/\/viva.ezxdemo.com\/de\/wp-json\/wp\/v2\/product_cat?post=20125"},{"taxonomy":"product_tag","embeddable":true,"href":"https:\/\/viva.ezxdemo.com\/de\/wp-json\/wp\/v2\/product_tag?post=20125"}],"curies":[{"name":"wp","href":"https:\/\/api.w.org\/{rel}","templated":true}]}}