{"id":20211,"date":"2024-10-10T13:20:12","date_gmt":"2024-10-10T11:20:12","guid":{"rendered":"https:\/\/vivarapro.nl\/product\/ib-vl-11-vleermuis-inbouwkast\/"},"modified":"2026-01-15T16:53:11","modified_gmt":"2026-01-15T15:53:11","slug":"ib-vl-11-vleermuis-inbouwkast","status":"publish","type":"product","link":"https:\/\/viva.ezxdemo.com\/de\/produkt\/ib-vl-11-vleermuis-inbouwkast\/","title":{"rendered":"IB VL 11 Fledermaus Einbaukasten"},"content":{"rendered":"<p data-start=\"2368\" data-end=\"2582\">Diese Einbaukasten ist ideal zur Kompensation eines Sommer- oder Paarungsquartiers f\u00fcr Flederm\u00e4use bei Neubauprojekten.<\/p>\n<p data-start=\"2584\" data-end=\"2864\">Die Fledermausnistkasten wird in Kombination mit dem Einlassstein IB VL 09 verwendet, der in die Au\u00dfenwand eingemauert wird. Bei W\u00e4nden mit eigener Fassadenverkleidung, wie z.\u202fB. Holzrahmenbau (HRB), muss vor Ort ein passender Anschluss an die Einflug\u00f6ffnung hergestellt werden.<\/p>\n<p data-start=\"2866\" data-end=\"3119\">Die Box besteht aus witterungsbest\u00e4ndigem Sperrholz und ist au\u00dfen sowie auf zwei Innenfl\u00e4chen mit Spr\u00fchkork beschichtet. Durch die zwei ger\u00e4umigen Kammern entstehen unterschiedliche Mikroklimata, sodass Flederm\u00e4use stets einen geeigneten Platz finden.<\/p>\n<p data-start=\"3121\" data-end=\"3314\">Das abgeschr\u00e4gte Design im Inneren des IB VL 11 sorgt daf\u00fcr, dass der Kot der Flederm\u00e4use automatisch \u00fcber den Einlassstein abgef\u00fchrt wird, sodass sich im Kasten keine Kotansammlungen bilden.<\/p>\n<p data-start=\"3316\" data-end=\"3370\"><strong data-start=\"3316\" data-end=\"3368\">Geeignet als Wochenstube und Winterquartier f\u00fcr:<\/strong><\/p>\n<ul data-start=\"3371\" data-end=\"3433\">\n<li data-start=\"3371\" data-end=\"3390\">\n<p data-start=\"3373\" data-end=\"3390\">Zwergfledermaus<\/p>\n<\/li>\n<li data-start=\"3391\" data-end=\"3412\">\n<p data-start=\"3393\" data-end=\"3412\">Rauhautfledermaus<\/p>\n<\/li>\n<li data-start=\"3413\" data-end=\"3433\">\n<p data-start=\"3415\" data-end=\"3433\">M\u00fcckenfledermaus<\/p>\n<\/li>\n<\/ul>\n<p data-start=\"3435\" data-end=\"3508\">M\u00f6glicherweise auch geeignet f\u00fcr den Gro\u00dfen Abendsegler und andere Arten.<\/p>\n","protected":false},"excerpt":{"rendered":"<p data-start=\"304\" data-end=\"458\">IB VL 11 Fledermaus-Einbaukasten | Gemeinsam erfolgreich naturinklusive bauen | Nachhaltig produzierte Produkte | Fledermaus-Einbaukasten | Vivara Pro<\/p>\n","protected":false},"featured_media":12767,"template":"","meta":{"_acf_changed":false,"_relevanssi_hide_post":"","_relevanssi_hide_content":"","_relevanssi_pin_for_all":"","_relevanssi_pin_keywords":"","_relevanssi_unpin_keywords":"","_relevanssi_related_keywords":"","_relevanssi_related_include_ids":"","_relevanssi_related_exclude_ids":"","_relevanssi_related_no_append":"","_relevanssi_related_not_related":"","_relevanssi_related_posts":"","_relevanssi_noindex_reason":""},"product_brand":[],"product_cat":[4583,4596,4584,4600],"product_tag":[],"class_list":{"0":"post-20211","1":"product","2":"type-product","3":"status-publish","4":"has-post-thumbnail","6":"product_cat-einbausteine","7":"product_cat-einbausteine-fledermaeuse","8":"product_cat-fledermause","9":"product_cat-wochenstube-fledermause","10":"pa_binnenmaat-b-x-h-x-d-cm-76-x-111-de","11":"pa_buitenmaat-b-x-h-x-d-cm-78-x-119-x-7-de","12":"pa_gewicht-kg-18-de","13":"pa_kleur-grau","14":"pa_materiaal-spruhkorken","15":"pa_materiaal-wasserdichtes-mulitplex","16":"pa_materiaal-voor-filter-fsc-holz","17":"pa_soort-breitflugelfledermaus","18":"pa_soort-kleine-bartfledermaus","19":"pa_soort-muckenfledermaus","20":"pa_soort-rauhautfledermaus","21":"pa_soort-teichfledermaus","22":"pa_soort-zwergfledermaus","23":"pa_soortgroep-fledermause","25":"first","26":"instock","27":"purchasable","28":"product-type-simple"},"acf":[],"_links":{"self":[{"href":"https:\/\/viva.ezxdemo.com\/de\/wp-json\/wp\/v2\/product\/20211","targetHints":{"allow":["GET"]}}],"collection":[{"href":"https:\/\/viva.ezxdemo.com\/de\/wp-json\/wp\/v2\/product"}],"about":[{"href":"https:\/\/viva.ezxdemo.com\/de\/wp-json\/wp\/v2\/types\/product"}],"wp:featuredmedia":[{"embeddable":true,"href":"https:\/\/viva.ezxdemo.com\/de\/wp-json\/wp\/v2\/media\/12767"}],"wp:attachment":[{"href":"https:\/\/viva.ezxdemo.com\/de\/wp-json\/wp\/v2\/media?parent=20211"}],"wp:term":[{"taxonomy":"product_brand","embeddable":true,"href":"https:\/\/viva.ezxdemo.com\/de\/wp-json\/wp\/v2\/product_brand?post=20211"},{"taxonomy":"product_cat","embeddable":true,"href":"https:\/\/viva.ezxdemo.com\/de\/wp-json\/wp\/v2\/product_cat?post=20211"},{"taxonomy":"product_tag","embeddable":true,"href":"https:\/\/viva.ezxdemo.com\/de\/wp-json\/wp\/v2\/product_tag?post=20211"}],"curies":[{"name":"wp","href":"https:\/\/api.w.org\/{rel}","templated":true}]}}