{"id":20213,"date":"2025-04-16T08:54:39","date_gmt":"2025-04-16T06:54:39","guid":{"rendered":"https:\/\/vivarapro.nl\/product\/kn-bz-03-boerenzwaluwnest-houtbeton\/"},"modified":"2026-02-03T12:29:10","modified_gmt":"2026-02-03T11:29:10","slug":"kn-bz-03-nistkasten-rauchschwalben","status":"publish","type":"product","link":"https:\/\/viva.ezxdemo.com\/de\/produkt\/kn-bz-03-nistkasten-rauchschwalben\/","title":{"rendered":"KN BZ 03 Nistkasten Rauchschwalben"},"content":{"rendered":"<p data-start=\"221\" data-end=\"297\"><span class=\"relative -mx-px my-[-0.2rem] rounded px-px py-[0.2rem] transition-colors duration-100 ease-in-out\">Dieses Graue k\u00fcnstliche Nest bietet Rauchschwalben eine geeignete Brutgelegenheit. Die Nestschale besteht aus langlebigem Holzbeton und verf\u00fcgt \u00fcber eine R\u00fcckwand aus Gussbeton. F\u00fcr eine stabile Montage wird das k\u00fcnstliche Nest mit zwei Edelstahlschrauben und passenden D\u00fcbeln geliefert.<\/span><\/p>\n","protected":false},"excerpt":{"rendered":"<p>KN BZ 03 Nistkasten Rauchschwalbe | Graues Rauchschwalben-Kunstnest aus Holzbeton | langlebig, stabil und einfach zu montieren.<\/p>\n","protected":false},"featured_media":31521,"template":"","meta":{"_acf_changed":false,"_relevanssi_hide_post":"","_relevanssi_hide_content":"","_relevanssi_pin_for_all":"","_relevanssi_pin_keywords":"","_relevanssi_unpin_keywords":"","_relevanssi_related_keywords":"","_relevanssi_related_include_ids":"","_relevanssi_related_exclude_ids":"","_relevanssi_related_no_append":"","_relevanssi_related_not_related":"","_relevanssi_related_posts":"","_relevanssi_noindex_reason":""},"product_brand":[],"product_cat":[4609,4601,4606,4587,7870],"product_tag":[7313,7287,7286,7302,7359,7305,7284],"class_list":{"0":"post-20213","1":"product","2":"type-product","3":"status-publish","4":"has-post-thumbnail","6":"product_cat-fassadenkaesten-schwalben","7":"product_cat-fassadenkaesten","8":"product_cat-nistkasten-fur-rauchschwalben","9":"product_cat-schwalben","10":"product_cat-nistkaesten","11":"product_tag-grau","12":"product_tag-holzbeton","13":"product_tag-kasten","14":"product_tag-nistkasten","15":"product_tag-rauchschwalbe","16":"product_tag-schwalbe","17":"product_tag-weiss","18":"pa_binnenmaat-b-x-h-x-d-cm-12-x-11-x-6-de","19":"pa_buitenmaat-b-x-h-x-d-cm-19-x-13-x-15-de","20":"pa_gewicht-kg-0-9-2-de","21":"pa_kleur-grau","22":"pa_materiaal-woodstone-de","23":"pa_soort-rauchschwalbe","24":"pa_soortgroep-schwalben","26":"first","27":"instock","28":"shipping-taxable","29":"purchasable","30":"product-type-simple"},"acf":[],"_links":{"self":[{"href":"https:\/\/viva.ezxdemo.com\/de\/wp-json\/wp\/v2\/product\/20213","targetHints":{"allow":["GET"]}}],"collection":[{"href":"https:\/\/viva.ezxdemo.com\/de\/wp-json\/wp\/v2\/product"}],"about":[{"href":"https:\/\/viva.ezxdemo.com\/de\/wp-json\/wp\/v2\/types\/product"}],"wp:featuredmedia":[{"embeddable":true,"href":"https:\/\/viva.ezxdemo.com\/de\/wp-json\/wp\/v2\/media\/31521"}],"wp:attachment":[{"href":"https:\/\/viva.ezxdemo.com\/de\/wp-json\/wp\/v2\/media?parent=20213"}],"wp:term":[{"taxonomy":"product_brand","embeddable":true,"href":"https:\/\/viva.ezxdemo.com\/de\/wp-json\/wp\/v2\/product_brand?post=20213"},{"taxonomy":"product_cat","embeddable":true,"href":"https:\/\/viva.ezxdemo.com\/de\/wp-json\/wp\/v2\/product_cat?post=20213"},{"taxonomy":"product_tag","embeddable":true,"href":"https:\/\/viva.ezxdemo.com\/de\/wp-json\/wp\/v2\/product_tag?post=20213"}],"curies":[{"name":"wp","href":"https:\/\/api.w.org\/{rel}","templated":true}]}}