{"id":20219,"date":"2024-11-07T11:00:55","date_gmt":"2024-11-07T10:00:55","guid":{"rendered":"https:\/\/vivarapro.nl\/product\/ib-vl-31-vleermuis-inbouwkast\/"},"modified":"2026-01-15T16:53:53","modified_gmt":"2026-01-15T15:53:53","slug":"ib-vl-31-fledermaus-einbaukasten","status":"publish","type":"product","link":"https:\/\/viva.ezxdemo.com\/de\/produkt\/ib-vl-31-fledermaus-einbaukasten\/","title":{"rendered":"IB VL 31 Fledermaus Einbaukasten"},"content":{"rendered":"<p>Dieser Einbaukasten f\u00fcr Flederm\u00e4use ist ideal zur Kompensation eines Sommer- und\/oder Paarungsquartiers.<\/p>\n<p>Der Einbaustein wird in Kombination mit dem Eingangstein IB VL 09 eingebaut oder in W\u00e4nde integriert, bei denen die Fassadenverkleidung frei gew\u00e4hlt wird, wie zum Beispiel bei Holzrahmenbau (HSB). In letzterem Fall ist es notwendig, eine passende Verbindung zur Einschlupf\u00f6ffnung der Box in der Fassadenverkleidung herzustellen. Dieser Einbaustein eignet sich auch f\u00fcr die Aufputzmontage.<\/p>\n<p>Der Einbaustein besteht aus wetterfestem Sperrholz, wobei eine Innenseite mit Spr\u00fchkork beschichtet ist. Die Au\u00dfenschicht aus Spr\u00fchkork bietet zudem zus\u00e4tzliche Isolierung.<\/p>\n<p>Das abgeschr\u00e4gte Design im Inneren der IB VL 31 sorgt daf\u00fcr, dass der Kot der Flederm\u00e4use automatisch \u00fcber den Eingangstein abgef\u00fchrt wird, sodass sich kein Kot in den Einbaustein ansammelt.<\/p>\n<p>Geeignet als Sommer- und Paarungsquartier f\u00fcr:<\/p>\n<p>&#8211; Zwergfledermaus<br \/>\n&#8211; Rauhhautfledermaus<br \/>\n&#8211; M\u00fcckenfledermaus<\/p>\n<p>Auch der Gro\u00dfe Abendsegler und kleine Wochenstuben von Zwergflederm\u00e4usen k\u00f6nnen diese Box nutzen. Dar\u00fcber hinaus kann die Box als Winterquartier verwendet werden. Es ist m\u00f6glich, dass auch andere Arten dieser Einbaustein nutzen.<\/p>\n<p>&nbsp;<\/p>\n","protected":false},"excerpt":{"rendered":"<p>IB VL 32 Fledermaus-Einbaukasten | Gemeinsam erfolgreich naturnah bauen | Nachhaltig produzierte Produkte | Fledermaus-Einbaukasten | Vivara Pro<\/p>\n","protected":false},"featured_media":16774,"template":"","meta":{"_acf_changed":false,"_relevanssi_hide_post":"","_relevanssi_hide_content":"","_relevanssi_pin_for_all":"","_relevanssi_pin_keywords":"","_relevanssi_unpin_keywords":"","_relevanssi_related_keywords":"","_relevanssi_related_include_ids":"","_relevanssi_related_exclude_ids":"","_relevanssi_related_no_append":"","_relevanssi_related_not_related":"","_relevanssi_related_posts":"","_relevanssi_noindex_reason":""},"product_brand":[],"product_cat":[4583,4596,4584],"product_tag":[],"class_list":{"0":"post-20219","1":"product","2":"type-product","3":"status-publish","4":"has-post-thumbnail","6":"product_cat-einbausteine","7":"product_cat-einbausteine-fledermaeuse","8":"product_cat-fledermause","9":"pa_binnenmaat-b-x-h-x-d-cm-50-x-81-x-3-de","10":"pa_buitenmaat-b-x-h-x-d-cm-52-x-83-x-5-de","11":"pa_gewicht-kg-6-de","12":"pa_materiaal-spruhkorken","13":"pa_materiaal-wasserdichtes-mulitplex","14":"pa_materiaal-voor-filter-fsc-holz","15":"pa_soort-breitflugelfledermaus","16":"pa_soort-kleine-bartfledermaus","17":"pa_soort-rauhautfledermaus","18":"pa_soort-teichfledermaus","19":"pa_soort-zwergfledermaus","20":"pa_soortgroep-fledermause","22":"first","23":"instock","24":"purchasable","25":"product-type-simple"},"acf":[],"_links":{"self":[{"href":"https:\/\/viva.ezxdemo.com\/de\/wp-json\/wp\/v2\/product\/20219","targetHints":{"allow":["GET"]}}],"collection":[{"href":"https:\/\/viva.ezxdemo.com\/de\/wp-json\/wp\/v2\/product"}],"about":[{"href":"https:\/\/viva.ezxdemo.com\/de\/wp-json\/wp\/v2\/types\/product"}],"wp:featuredmedia":[{"embeddable":true,"href":"https:\/\/viva.ezxdemo.com\/de\/wp-json\/wp\/v2\/media\/16774"}],"wp:attachment":[{"href":"https:\/\/viva.ezxdemo.com\/de\/wp-json\/wp\/v2\/media?parent=20219"}],"wp:term":[{"taxonomy":"product_brand","embeddable":true,"href":"https:\/\/viva.ezxdemo.com\/de\/wp-json\/wp\/v2\/product_brand?post=20219"},{"taxonomy":"product_cat","embeddable":true,"href":"https:\/\/viva.ezxdemo.com\/de\/wp-json\/wp\/v2\/product_cat?post=20219"},{"taxonomy":"product_tag","embeddable":true,"href":"https:\/\/viva.ezxdemo.com\/de\/wp-json\/wp\/v2\/product_tag?post=20219"}],"curies":[{"name":"wp","href":"https:\/\/api.w.org\/{rel}","templated":true}]}}