{"id":20222,"date":"2024-11-07T09:09:02","date_gmt":"2024-11-07T08:09:02","guid":{"rendered":"https:\/\/vivarapro.nl\/product\/ib-vl-32-vleermuis-inbouwkast\/"},"modified":"2026-01-15T16:54:52","modified_gmt":"2026-01-15T15:54:52","slug":"ib-vl-32-fledermaus-einbaukasten","status":"publish","type":"product","link":"https:\/\/viva.ezxdemo.com\/de\/produkt\/ib-vl-32-fledermaus-einbaukasten\/","title":{"rendered":"IB VL 32 Fledermaus Einbaukasten"},"content":{"rendered":"<p data-start=\"1330\" data-end=\"1717\">Die Fledermauskasten wird in Kombination mit dem Einflugstein <a href=\"https:\/\/www.vivarapro.de\/produkt\/ib-vl-09-fledermauseingangsstein\/\" target=\"_blank\" rel=\"noopener\"><strong data-start=\"1392\" data-end=\"1404\">IB VL 09<\/strong><\/a> eingebaut oder in W\u00e4nde integriert, bei denen die Fassadenverkleidung frei gew\u00e4hlt wird, wie z.\u202fB. beim Holzrahmenbau (HRB). In letzterem Fall muss ein passender Anschluss an die Einflug\u00f6ffnung in der Fassadenverkleidung geschaffen werden. Dieser Fledermaus-Einbaukasten ist auch f\u00fcr die Aufputzmontage geeignet.<\/p>\n<p data-start=\"1719\" data-end=\"2048\">Der Kasten besteht aus witterungsbest\u00e4ndigem Sperrholz und ist an zwei Innenseiten mit Spritzkork ausgekleidet. Die au\u00dfen aufgetragene Schicht aus Spritzkork sorgt zus\u00e4tzlich f\u00fcr eine gute Isolierung. Dank der zwei ger\u00e4umigen Kammern entstehen unterschiedliche Mikroklimata, sodass Flederm\u00e4use stets einen passenden Platz finden.<\/p>\n<p data-start=\"2050\" data-end=\"2225\">Das abgeschr\u00e4gte Design im Inneren des <strong data-start=\"2089\" data-end=\"2101\">IB VL 32<\/strong> sorgt daf\u00fcr, dass Kot \u00fcber den Einflugstein automatisch abgef\u00fchrt wird, sodass sich im Kasten keine Kotansammlungen bilden.<\/p>\n<p data-start=\"2227\" data-end=\"2277\"><strong data-start=\"2227\" data-end=\"2277\">Geeignet als Sommer- und Paarungsquartier f\u00fcr:<\/strong><\/p>\n<ul data-start=\"2278\" data-end=\"2340\">\n<li data-start=\"2278\" data-end=\"2297\">\n<p data-start=\"2280\" data-end=\"2297\">Zwergfledermaus<\/p>\n<\/li>\n<li data-start=\"2298\" data-end=\"2319\">\n<p data-start=\"2300\" data-end=\"2319\">Rauhautfledermaus<\/p>\n<\/li>\n<li data-start=\"2320\" data-end=\"2340\">\n<p data-start=\"2322\" data-end=\"2340\">M\u00fcckenfledermaus<\/p>\n<\/li>\n<\/ul>\n<p data-start=\"2342\" data-end=\"2593\">Auch der Gro\u00dfe Abendsegler sowie kleine Wochenstubengruppen von Zwergflederm\u00e4usen k\u00f6nnen diesen Kasten nutzen. Dar\u00fcber hinaus kann der Kasten auch als Winterquartier dienen. M\u00f6glicherweise werden auch andere Fledermausarten diesen Einbaukasten nutzen.<\/p>\n","protected":false},"excerpt":{"rendered":"<p data-start=\"400\" data-end=\"562\">IB VL 32 Fledermaus-Einbaukasten | Gemeinsam erfolgreich naturnah bauen | Nachhaltig produzierte Produkte | Fledermaus-Einbaukasten<\/p>\n","protected":false},"featured_media":16774,"template":"","meta":{"_acf_changed":false,"_relevanssi_hide_post":"","_relevanssi_hide_content":"","_relevanssi_pin_for_all":"","_relevanssi_pin_keywords":"","_relevanssi_unpin_keywords":"","_relevanssi_related_keywords":"","_relevanssi_related_include_ids":"","_relevanssi_related_exclude_ids":"","_relevanssi_related_no_append":"","_relevanssi_related_not_related":"","_relevanssi_related_posts":"","_relevanssi_noindex_reason":""},"product_brand":[],"product_cat":[4583,4596,4584],"product_tag":[7418,7278,7375,7313,7427,7426,7430,7431,7429,7428],"class_list":{"0":"post-20222","1":"product","2":"type-product","3":"status-publish","4":"has-post-thumbnail","6":"product_cat-einbausteine","7":"product_cat-einbausteine-fledermaeuse","8":"product_cat-fledermause","9":"product_tag-fassaden","10":"product_tag-fledermaus","11":"product_tag-fledermauese","12":"product_tag-grau","13":"product_tag-holzrahmenbau","14":"product_tag-nistkaten","15":"product_tag-paarung","16":"product_tag-quartier","17":"product_tag-sommer","18":"product_tag-spritzkork","19":"pa_binnenmaat-b-x-h-x-d-cm-50-x-81-x-2-x-2-5-de","20":"pa_buitenmaat-b-x-h-x-d-cm-52-x-83-x-7-de","21":"pa_gewicht-kg-9-de","22":"pa_kleur-grau","23":"pa_materiaal-spruhkorken","24":"pa_materiaal-wasserdichtes-mulitplex","25":"pa_materiaal-voor-filter-fsc-holz","26":"pa_soort-breitflugelfledermaus","27":"pa_soort-kleine-bartfledermaus","28":"pa_soort-muckenfledermaus","29":"pa_soort-rauhautfledermaus","30":"pa_soort-teichfledermaus","31":"pa_soort-zwergfledermaus","32":"pa_soortgroep-fledermause","34":"first","35":"instock","36":"purchasable","37":"product-type-simple"},"acf":[],"_links":{"self":[{"href":"https:\/\/viva.ezxdemo.com\/de\/wp-json\/wp\/v2\/product\/20222","targetHints":{"allow":["GET"]}}],"collection":[{"href":"https:\/\/viva.ezxdemo.com\/de\/wp-json\/wp\/v2\/product"}],"about":[{"href":"https:\/\/viva.ezxdemo.com\/de\/wp-json\/wp\/v2\/types\/product"}],"wp:featuredmedia":[{"embeddable":true,"href":"https:\/\/viva.ezxdemo.com\/de\/wp-json\/wp\/v2\/media\/16774"}],"wp:attachment":[{"href":"https:\/\/viva.ezxdemo.com\/de\/wp-json\/wp\/v2\/media?parent=20222"}],"wp:term":[{"taxonomy":"product_brand","embeddable":true,"href":"https:\/\/viva.ezxdemo.com\/de\/wp-json\/wp\/v2\/product_brand?post=20222"},{"taxonomy":"product_cat","embeddable":true,"href":"https:\/\/viva.ezxdemo.com\/de\/wp-json\/wp\/v2\/product_cat?post=20222"},{"taxonomy":"product_tag","embeddable":true,"href":"https:\/\/viva.ezxdemo.com\/de\/wp-json\/wp\/v2\/product_tag?post=20222"}],"curies":[{"name":"wp","href":"https:\/\/api.w.org\/{rel}","templated":true}]}}