{"id":20226,"date":"2024-11-05T08:48:04","date_gmt":"2024-11-05T07:48:04","guid":{"rendered":"https:\/\/vivarapro.nl\/product\/woodstone-nestkast-malaga-32-mm-groen\/"},"modified":"2026-01-16T13:58:02","modified_gmt":"2026-01-16T12:58:02","slug":"nk-ma-01-nistkasten-32mm","status":"publish","type":"product","link":"https:\/\/viva.ezxdemo.com\/de\/produkt\/nk-ma-01-nistkasten-32mm\/","title":{"rendered":"NK MA 01 Nistkasten 32mm"},"content":{"rendered":"<p data-start=\"731\" data-end=\"1039\">Dieser Nistkasten Malaga von Holzbeton\/Woodstone\u00ae imitiert eine nat\u00fcrliche Brutplatz und \u00fcberzeugt durch ein stilvolles Design. Der Kasten besteht aus zwei Teilen, die einfach ineinandergedreht werden. Mit der stabilen Aufh\u00e4ngevorrichtung l\u00e4sst er sich leicht an einem Ast oder einem anderen geeigneten Ort befestigen.<\/p>\n<p data-start=\"1041\" data-end=\"1317\">Die Einflug\u00f6ffnung von 32 mm macht ihn besonders attraktiv f\u00fcr gr\u00f6\u00dfere Meisenarten wie die Kohlmeise, aber auch andere Vogelarten profitieren vom isolierenden und atmungsaktiven FSC\u00ae-Holzbeton. Dieses Material sorgt f\u00fcr eine stabile Temperatur und verbessert so den Bruterfolg.<\/p>\n<p data-start=\"1319\" data-end=\"1353\"><strong data-start=\"1319\" data-end=\"1333\">Innenma\u00dfe:<\/strong> 19 x 13,5 x 13,5 cm<\/p>\n","protected":false},"excerpt":{"rendered":"<p>NK MA 01 Nistkasten 32 mm | Hergestellt aus Holzbeton |\u00a0isolierend, robust und ideal f\u00fcr Kohlmeisen sowie viele andere Vogelarten.<\/p>\n","protected":false},"featured_media":15551,"template":"","meta":{"_acf_changed":false,"_relevanssi_hide_post":"","_relevanssi_hide_content":"","_relevanssi_pin_for_all":"","_relevanssi_pin_keywords":"","_relevanssi_unpin_keywords":"","_relevanssi_related_keywords":"","_relevanssi_related_include_ids":"","_relevanssi_related_exclude_ids":"","_relevanssi_related_no_append":"","_relevanssi_related_not_related":"","_relevanssi_related_posts":"","_relevanssi_noindex_reason":""},"product_brand":[],"product_cat":[4589,4624,4621,4640,4622,7870],"product_tag":[7306,7332,7403,7322,7287,7286,7312,7315,7329,7302,7318,7293],"class_list":{"0":"post-20226","1":"product","2":"type-product","3":"status-publish","4":"has-post-thumbnail","6":"product_cat-singvogel","7":"product_cat-nistkasten-andere","8":"product_cat-nistkasten-fur-fliegenschnapper","9":"product_cat-nistkasten-fur-kleiber","10":"product_cat-nistkasten-fur-meisen","11":"product_cat-nistkaesten","12":"product_tag-brutplatz","13":"product_tag-feldsperlingen","14":"product_tag-gartenrotschwanz","15":"product_tag-gruen","16":"product_tag-holzbeton","17":"product_tag-kasten","18":"product_tag-kohlmeise","19":"product_tag-meise","20":"product_tag-meisen","21":"product_tag-nistkasten","22":"product_tag-oval","23":"product_tag-voegel","24":"pa_invliegopening-32mm-de","25":"pa_kleur-grun","26":"pa_materiaal-holzbeton","27":"pa_soort-feldsperling","28":"pa_soort-haubenmeise","29":"pa_soort-kleiber","30":"pa_soort-kohlmeise","31":"pa_soort-trauerschnapper","32":"pa_soortgroep-singvogel","34":"first","35":"instock","36":"purchasable","37":"product-type-simple"},"acf":[],"_links":{"self":[{"href":"https:\/\/viva.ezxdemo.com\/de\/wp-json\/wp\/v2\/product\/20226","targetHints":{"allow":["GET"]}}],"collection":[{"href":"https:\/\/viva.ezxdemo.com\/de\/wp-json\/wp\/v2\/product"}],"about":[{"href":"https:\/\/viva.ezxdemo.com\/de\/wp-json\/wp\/v2\/types\/product"}],"wp:featuredmedia":[{"embeddable":true,"href":"https:\/\/viva.ezxdemo.com\/de\/wp-json\/wp\/v2\/media\/15551"}],"wp:attachment":[{"href":"https:\/\/viva.ezxdemo.com\/de\/wp-json\/wp\/v2\/media?parent=20226"}],"wp:term":[{"taxonomy":"product_brand","embeddable":true,"href":"https:\/\/viva.ezxdemo.com\/de\/wp-json\/wp\/v2\/product_brand?post=20226"},{"taxonomy":"product_cat","embeddable":true,"href":"https:\/\/viva.ezxdemo.com\/de\/wp-json\/wp\/v2\/product_cat?post=20226"},{"taxonomy":"product_tag","embeddable":true,"href":"https:\/\/viva.ezxdemo.com\/de\/wp-json\/wp\/v2\/product_tag?post=20226"}],"curies":[{"name":"wp","href":"https:\/\/api.w.org\/{rel}","templated":true}]}}