{"id":20232,"date":"2024-11-05T15:12:46","date_gmt":"2024-11-05T14:12:46","guid":{"rendered":"https:\/\/vivarapro.nl\/product\/nk-al-02-nestkast-28mm\/"},"modified":"2026-01-16T13:40:02","modified_gmt":"2026-01-16T12:40:02","slug":"nk-al-02-nistkasten-28-mm","status":"publish","type":"product","link":"https:\/\/viva.ezxdemo.com\/de\/produkt\/nk-al-02-nistkasten-28-mm\/","title":{"rendered":"NK AL 02 Nistkasten 28\u202fmm"},"content":{"rendered":"<p data-start=\"622\" data-end=\"778\">Dieser ovale Nistkasten aus FSC\u00ae-zertifiziertem Holzbeton ist bei V\u00f6geln sehr beliebt. Mit einem Marderschutz ausgestattet, bietet er zus\u00e4tzliche Sicherheit.<\/p>\n<p data-start=\"780\" data-end=\"809\"><strong data-start=\"780\" data-end=\"807\">Vorteile von Holzbeton\/WoodStone\u00ae<\/strong><\/p>\n<ul data-start=\"810\" data-end=\"958\">\n<li data-start=\"810\" data-end=\"883\">\n<p data-start=\"812\" data-end=\"883\">Isolierendes und atmungsaktives Material f\u00fcr stabile Nesttemperaturen<\/p>\n<\/li>\n<li data-start=\"884\" data-end=\"907\">\n<p data-start=\"886\" data-end=\"907\">Erh\u00f6hte Bruterfolge<\/p>\n<\/li>\n<li data-start=\"908\" data-end=\"935\">\n<p data-start=\"910\" data-end=\"935\">Schutz vor Fressfeinden<\/p>\n<\/li>\n<li data-start=\"936\" data-end=\"958\">\n<p data-start=\"938\" data-end=\"958\">Langlebig und robust<\/p>\n<\/li>\n<\/ul>\n<p data-start=\"960\" data-end=\"1079\">Holzbeton\/WoodStone\u00ae Nistk\u00e4sten werden von Vogelbescherming Nederland aufgrund ihrer hohen Qualit\u00e4t und ihres Schutzes empfohlen.<\/p>\n","protected":false},"excerpt":{"rendered":"<p>NK AL 02 Nistkasten | Ovale Holzbeton-Nistkasten mit Marderschutz, langlebig, isolierend | Verf\u00fcgbar in Gr\u00fcn mit Wei\u00df<\/p>\n","protected":false},"featured_media":15723,"template":"","meta":{"_acf_changed":false,"_relevanssi_hide_post":"","_relevanssi_hide_content":"","_relevanssi_pin_for_all":"","_relevanssi_pin_keywords":"","_relevanssi_unpin_keywords":"","_relevanssi_related_keywords":"","_relevanssi_related_include_ids":"","_relevanssi_related_exclude_ids":"","_relevanssi_related_no_append":"","_relevanssi_related_not_related":"","_relevanssi_related_posts":"","_relevanssi_noindex_reason":""},"product_brand":[],"product_cat":[4589,4620,4622,7870],"product_tag":[7440,7332,7322,7331,7300,7287,7286,7311,7329,7302,7318,7441,7293,7284],"class_list":{"0":"post-20232","1":"product","2":"type-product","3":"status-publish","4":"has-post-thumbnail","6":"product_cat-singvogel","7":"product_cat-nistkasten-fur-gartenrotschwanze","8":"product_cat-nistkasten-fur-meisen","9":"product_cat-nistkaesten","10":"product_tag-blaumeisen","11":"product_tag-feldsperlingen","12":"product_tag-gruen","13":"product_tag-haussperlingen","14":"product_tag-holz","15":"product_tag-holzbeton","16":"product_tag-kasten","17":"product_tag-marderschutz","18":"product_tag-meisen","19":"product_tag-nistkasten","20":"product_tag-oval","21":"product_tag-tannenmeisen","22":"product_tag-voegel","23":"product_tag-weiss","24":"pa_invliegopening-28-mm-de","25":"pa_kleur-grun","26":"pa_materiaal-holzbeton","27":"pa_soort-blaumeise","28":"pa_soort-tannenmeise","29":"pa_soortgroep-singvogel","31":"first","32":"instock","33":"purchasable","34":"product-type-simple"},"acf":[],"_links":{"self":[{"href":"https:\/\/viva.ezxdemo.com\/de\/wp-json\/wp\/v2\/product\/20232","targetHints":{"allow":["GET"]}}],"collection":[{"href":"https:\/\/viva.ezxdemo.com\/de\/wp-json\/wp\/v2\/product"}],"about":[{"href":"https:\/\/viva.ezxdemo.com\/de\/wp-json\/wp\/v2\/types\/product"}],"wp:featuredmedia":[{"embeddable":true,"href":"https:\/\/viva.ezxdemo.com\/de\/wp-json\/wp\/v2\/media\/15723"}],"wp:attachment":[{"href":"https:\/\/viva.ezxdemo.com\/de\/wp-json\/wp\/v2\/media?parent=20232"}],"wp:term":[{"taxonomy":"product_brand","embeddable":true,"href":"https:\/\/viva.ezxdemo.com\/de\/wp-json\/wp\/v2\/product_brand?post=20232"},{"taxonomy":"product_cat","embeddable":true,"href":"https:\/\/viva.ezxdemo.com\/de\/wp-json\/wp\/v2\/product_cat?post=20232"},{"taxonomy":"product_tag","embeddable":true,"href":"https:\/\/viva.ezxdemo.com\/de\/wp-json\/wp\/v2\/product_tag?post=20232"}],"curies":[{"name":"wp","href":"https:\/\/api.w.org\/{rel}","templated":true}]}}