{"id":20277,"date":"2025-04-16T16:24:10","date_gmt":"2025-04-16T14:24:10","guid":{"rendered":"https:\/\/vivarapro.nl\/product\/nv-sb-01-spouwborstel-90mm\/"},"modified":"2025-09-09T14:02:40","modified_gmt":"2025-09-09T12:02:40","slug":"nv-sb-01-abwehrbuersten-90mm","status":"publish","type":"product","link":"https:\/\/viva.ezxdemo.com\/de\/produkt\/nv-sb-01-abwehrbuersten-90mm\/","title":{"rendered":"NV SB 01 Abwehrb\u00fcrsten 90mm"},"content":{"rendered":"<p>Vivara Pro bietet Abwehrb\u00fcrsten in vier verschiedenen Durchmessern an, um Dachr\u00e4nder, Dachziegel und andere \u00d6ffnungen in Geb\u00e4uden wirksam zu verschlie\u00dfen. Diese Abwehrb\u00fcrsten eignen sich besonders gut, um Tiere wie Haussperlinge, Mauersegler und Flederm\u00e4use davon abzuhalten, sich in Geb\u00e4uden niederzulassen. So kann unbesorgt renoviert und\/oder ged\u00e4mmt werden. Dank ihrer robusten Borsten und des gro\u00dfen Durchmessers bilden sie eine effektive Barriere, ohne die Dachkonstruktion zu besch\u00e4digen.<\/p>\n","protected":false},"excerpt":{"rendered":"<p>Diese Abwehrb\u00fcrsten eignen sich besonders gut, um Tiere wie Haussperlinge, Mauersegler und Flederm\u00e4use davon abzuhalten, sich in Geb\u00e4uden niederzulassen. So kann unbesorgt renoviert und\/oder ged\u00e4mmt werden.\u00a0Mit Hohlraum-B\u00fcrsten lassen sich zudem Bereiche im Mauerhohlraum abgrenzen, sodass diese w\u00e4hrend der D\u00e4mmarbeiten frei von D\u00e4mmmaterial bleiben und somit sp\u00e4ter f\u00fcr Flederm\u00e4use zug\u00e4nglich bleiben. Die B\u00fcrsten sind 1 Meter lang und werden in Kartons mit 50 St\u00fcck verkauft.<\/p>\n","protected":false},"featured_media":19285,"template":"","meta":{"_acf_changed":false,"_relevanssi_hide_post":"","_relevanssi_hide_content":"","_relevanssi_pin_for_all":"","_relevanssi_pin_keywords":"","_relevanssi_unpin_keywords":"","_relevanssi_related_keywords":"","_relevanssi_related_include_ids":"","_relevanssi_related_exclude_ids":"","_relevanssi_related_no_append":"","_relevanssi_related_not_related":"","_relevanssi_related_posts":"","_relevanssi_noindex_reason":""},"product_brand":[],"product_cat":[4641,4584,4582],"product_tag":[],"class_list":{"0":"post-20277","1":"product","2":"type-product","3":"status-publish","4":"has-post-thumbnail","6":"product_cat-entmutigung","7":"product_cat-fledermause","8":"product_cat-nicht-teil-einer-kategorie","10":"first","11":"instock","12":"shipping-taxable","13":"purchasable","14":"product-type-simple"},"acf":[],"_links":{"self":[{"href":"https:\/\/viva.ezxdemo.com\/de\/wp-json\/wp\/v2\/product\/20277","targetHints":{"allow":["GET"]}}],"collection":[{"href":"https:\/\/viva.ezxdemo.com\/de\/wp-json\/wp\/v2\/product"}],"about":[{"href":"https:\/\/viva.ezxdemo.com\/de\/wp-json\/wp\/v2\/types\/product"}],"wp:featuredmedia":[{"embeddable":true,"href":"https:\/\/viva.ezxdemo.com\/de\/wp-json\/wp\/v2\/media\/19285"}],"wp:attachment":[{"href":"https:\/\/viva.ezxdemo.com\/de\/wp-json\/wp\/v2\/media?parent=20277"}],"wp:term":[{"taxonomy":"product_brand","embeddable":true,"href":"https:\/\/viva.ezxdemo.com\/de\/wp-json\/wp\/v2\/product_brand?post=20277"},{"taxonomy":"product_cat","embeddable":true,"href":"https:\/\/viva.ezxdemo.com\/de\/wp-json\/wp\/v2\/product_cat?post=20277"},{"taxonomy":"product_tag","embeddable":true,"href":"https:\/\/viva.ezxdemo.com\/de\/wp-json\/wp\/v2\/product_tag?post=20277"}],"curies":[{"name":"wp","href":"https:\/\/api.w.org\/{rel}","templated":true}]}}