{"id":20752,"date":"2025-07-01T09:45:55","date_gmt":"2025-07-01T07:45:55","guid":{"rendered":"https:\/\/vivarapro.nl\/?post_type=product&#038;p=20752"},"modified":"2025-12-11T16:48:54","modified_gmt":"2025-12-11T15:48:54","slug":"ip-sw-01-hummelkasten","status":"publish","type":"product","link":"https:\/\/viva.ezxdemo.com\/de\/produkt\/ip-sw-01-hummelkasten\/","title":{"rendered":"IP SW 01 Hummelkasten"},"content":{"rendered":"<p data-start=\"213\" data-end=\"409\">Dieser Nistkasten aus Holzbeton ist f\u00fcr verschiedene Hummelarten sowie f\u00fcr die Hornissen (Vespa crabro) geeignet. Solange diese Insekten nicht gest\u00f6rt werden, zeigen sie kein aggressives Verhalten.<\/p>\n<p data-start=\"411\" data-end=\"676\">Der Kasten kann an Fassaden oder in B\u00e4umen angebracht werden. Durch die zus\u00e4tzlichen Verst\u00e4rkungsrippen auf der R\u00fcckseite h\u00e4ngt der Kasten besonders stabil. Mit der abnehmbaren Aufh\u00e4ngevorrichtung l\u00e4sst sich der Nistkasten auch frei h\u00e4ngend an einem Ast befestigen.<\/p>\n<p data-start=\"678\" data-end=\"868\">Die Wartung wird durch die einfach abnehmbare Frontklappe erleichtert. Holzbeton ist ein besonders langlebiges Material, das aus einer Mischung von Beton und FSC\u00ae-zertifiziertem Holz besteht.<\/p>\n<p data-start=\"678\" data-end=\"868\">Hinweis: Dieser Nistkasten wird ohne Befestigungsmaterial geliefert. Befestigen Sie ihn daher immer an einem Haken, damit er sicher h\u00e4ngt.<\/p>\n","protected":false},"excerpt":{"rendered":"<p>VK SW 01 Hummelkasten | Wetterfester Holzbetonkasten f\u00fcr Hummeln und Hornissen | ideal f\u00fcr Fassade oder Baum<\/p>\n","protected":false},"featured_media":20882,"template":"","meta":{"_acf_changed":false,"_relevanssi_hide_post":"","_relevanssi_hide_content":"","_relevanssi_pin_for_all":"","_relevanssi_pin_keywords":"","_relevanssi_unpin_keywords":"","_relevanssi_related_keywords":"","_relevanssi_related_include_ids":"","_relevanssi_related_exclude_ids":"","_relevanssi_related_no_append":"","_relevanssi_related_not_related":"","_relevanssi_related_posts":"","_relevanssi_noindex_reason":""},"product_brand":[],"product_cat":[4618,4591],"product_tag":[],"class_list":{"0":"post-20752","1":"product","2":"type-product","3":"status-publish","4":"has-post-thumbnail","6":"product_cat-insektenhotel","7":"product_cat-insektennisthilfen","8":"pa_binnenmaat-b-x-h-x-d-cm-13-x-21-x-13-de","9":"pa_buitenmaat-b-x-h-x-d-cm-17-x-26-x-17-de","10":"pa_gewicht-kg-44-de","11":"pa_kleur-grau-mit-weiss-de","12":"pa_materiaal-woodstone-de","13":"pa_soortgroep-insekten","15":"first","16":"instock","17":"shipping-taxable","18":"purchasable","19":"product-type-simple"},"acf":[],"_links":{"self":[{"href":"https:\/\/viva.ezxdemo.com\/de\/wp-json\/wp\/v2\/product\/20752","targetHints":{"allow":["GET"]}}],"collection":[{"href":"https:\/\/viva.ezxdemo.com\/de\/wp-json\/wp\/v2\/product"}],"about":[{"href":"https:\/\/viva.ezxdemo.com\/de\/wp-json\/wp\/v2\/types\/product"}],"wp:featuredmedia":[{"embeddable":true,"href":"https:\/\/viva.ezxdemo.com\/de\/wp-json\/wp\/v2\/media\/20882"}],"wp:attachment":[{"href":"https:\/\/viva.ezxdemo.com\/de\/wp-json\/wp\/v2\/media?parent=20752"}],"wp:term":[{"taxonomy":"product_brand","embeddable":true,"href":"https:\/\/viva.ezxdemo.com\/de\/wp-json\/wp\/v2\/product_brand?post=20752"},{"taxonomy":"product_cat","embeddable":true,"href":"https:\/\/viva.ezxdemo.com\/de\/wp-json\/wp\/v2\/product_cat?post=20752"},{"taxonomy":"product_tag","embeddable":true,"href":"https:\/\/viva.ezxdemo.com\/de\/wp-json\/wp\/v2\/product_tag?post=20752"}],"curies":[{"name":"wp","href":"https:\/\/api.w.org\/{rel}","templated":true}]}}