{"id":21351,"date":"2025-07-23T10:59:53","date_gmt":"2025-07-23T08:59:53","guid":{"rendered":"https:\/\/vivarapro.nl\/?post_type=product&#038;p=21351"},"modified":"2025-10-01T11:11:29","modified_gmt":"2025-10-01T09:11:29","slug":"nk-sw-07-nistkasten-oval","status":"publish","type":"product","link":"https:\/\/viva.ezxdemo.com\/de\/produkt\/nk-sw-07-nistkasten-oval\/","title":{"rendered":"NK SW 07 Nistkasten oval"},"content":{"rendered":"<p>Dieser Nistkasten aus Holzbeton eignet sich f\u00fcr verschiedene H\u00f6hlenbr\u00fcter, darunter Haussperling, Feldsperling, verschiedene Meisenarten, Gartenrotschwanz und Trauerschn\u00e4pper. Der Kasten kann sowohl an Fassaden als auch in B\u00e4umen befestigt werden. Dank der verst\u00e4rkten Rippen auf der R\u00fcckseite h\u00e4ngt der Kasten stabil und sicher. Mit dem abnehmbaren Aufh\u00e4ngeb\u00fcgel ist auch eine frei h\u00e4ngende Platzierung an einem Ast m\u00f6glich.<\/p>\n<p>An der Innenseite der Front ist ein integrierter Marderschutz angebracht, der zur Vermeidung von Pr\u00e4dation beitr\u00e4gt. Die T\u00fcr l\u00e4sst sich leicht entfernen, was eine schnelle und unkomplizierte Reinigung erm\u00f6glicht. Holzbeton \u2013 eine Mischung aus Beton und FSC\u00ae-zertifizierten Holzfasern \u2013 ist besonders langlebig und bietet eine gut isolierte, sichere Nistumgebung.<\/p>\n<p>Hinweis: Dieser Nistkasten wird ohne Befestigungsmaterial geliefert. Befestigen Sie ihn daher immer an einem Haken, damit er sicher h\u00e4ngt.<\/p>\n","protected":false},"excerpt":{"rendered":"<p>Dieser Nistkasten aus Holzbeton eignet sich f\u00fcr verschiedene H\u00f6hlenbr\u00fcter, darunter Haussperling, Feldsperling, verschiedene Meisenarten, Gartenrotschwanz und Trauerschn\u00e4pper. Der Kasten kann sowohl an Fassaden als auch in B\u00e4umen befestigt werden. Dank der verst\u00e4rkten Rippen auf der R\u00fcckseite h\u00e4ngt der Kasten stabil und sicher. Mit dem abnehmbaren Aufh\u00e4ngeb\u00fcgel ist auch eine frei h\u00e4ngende Platzierung an einem Ast [&hellip;]<\/p>\n","protected":false},"featured_media":22534,"template":"","meta":{"_acf_changed":false,"_relevanssi_hide_post":"","_relevanssi_hide_content":"","_relevanssi_pin_for_all":"","_relevanssi_pin_keywords":"","_relevanssi_unpin_keywords":"","_relevanssi_related_keywords":"","_relevanssi_related_include_ids":"","_relevanssi_related_exclude_ids":"","_relevanssi_related_no_append":"","_relevanssi_related_not_related":"","_relevanssi_related_posts":"","_relevanssi_noindex_reason":""},"product_brand":[],"product_cat":[4589,4601,4604,4586,4620,4612,7870],"product_tag":[],"class_list":{"0":"post-21351","1":"product","2":"type-product","3":"status-publish","4":"has-post-thumbnail","6":"product_cat-singvogel","7":"product_cat-fassadenkaesten","8":"product_cat-fassadenkaesten-haussperlinge","9":"product_cat-haussperlinge","10":"product_cat-nistkasten-fur-gartenrotschwanze","11":"product_cat-nistkaesten-haussperlinge","12":"product_cat-nistkaesten","13":"pa_binnenmaat-b-x-h-x-d-cm-13-x-21-x-13-de","14":"pa_buitenmaat-b-x-h-x-d-cm-17-x-26-x-17-de","15":"pa_gewicht-kg-4-de","16":"pa_kleur-grau-weis","17":"pa_materiaal-woodstone-de","18":"pa_soort-gartenrotschwanz","19":"pa_soort-haussperling","20":"pa_soortgroep-singvogel","22":"first","23":"instock","24":"shipping-taxable","25":"purchasable","26":"product-type-simple"},"acf":[],"_links":{"self":[{"href":"https:\/\/viva.ezxdemo.com\/de\/wp-json\/wp\/v2\/product\/21351","targetHints":{"allow":["GET"]}}],"collection":[{"href":"https:\/\/viva.ezxdemo.com\/de\/wp-json\/wp\/v2\/product"}],"about":[{"href":"https:\/\/viva.ezxdemo.com\/de\/wp-json\/wp\/v2\/types\/product"}],"wp:featuredmedia":[{"embeddable":true,"href":"https:\/\/viva.ezxdemo.com\/de\/wp-json\/wp\/v2\/media\/22534"}],"wp:attachment":[{"href":"https:\/\/viva.ezxdemo.com\/de\/wp-json\/wp\/v2\/media?parent=21351"}],"wp:term":[{"taxonomy":"product_brand","embeddable":true,"href":"https:\/\/viva.ezxdemo.com\/de\/wp-json\/wp\/v2\/product_brand?post=21351"},{"taxonomy":"product_cat","embeddable":true,"href":"https:\/\/viva.ezxdemo.com\/de\/wp-json\/wp\/v2\/product_cat?post=21351"},{"taxonomy":"product_tag","embeddable":true,"href":"https:\/\/viva.ezxdemo.com\/de\/wp-json\/wp\/v2\/product_tag?post=21351"}],"curies":[{"name":"wp","href":"https:\/\/api.w.org\/{rel}","templated":true}]}}