{"id":22557,"date":"2025-09-02T15:04:47","date_gmt":"2025-09-02T13:04:47","guid":{"rendered":"https:\/\/vivarapro.nl\/?post_type=product&#038;p=22557"},"modified":"2026-01-28T13:03:49","modified_gmt":"2026-01-28T12:03:49","slug":"nk-sw-06-nistkasten-32-mm","status":"publish","type":"product","link":"https:\/\/viva.ezxdemo.com\/de\/produkt\/nk-sw-06-nistkasten-32-mm\/","title":{"rendered":"NK SW 06 Nistkasten 32 mm"},"content":{"rendered":"<p>Dieser nachhaltige Nistkasten aus Holzbeton eignet sich f\u00fcr Meisen und andere Arten wie den Trauerschn\u00e4pper. Der Kasten kann sowohl an einer Fassade als auch in B\u00e4umen befestigt werden. Die zus\u00e4tzlichen Rippen auf der R\u00fcckseite sorgen f\u00fcr eine stabile Aufh\u00e4ngung. Dank des abnehmbaren B\u00fcgels kann der Kasten auch frei an einem Ast aufgeh\u00e4ngt werden.<\/p>\n<p>Auf der Innenseite der Front ist ein Marderschutz angebracht, wodurch der Kasten zum Schutz vor Pr\u00e4dation beitr\u00e4gt. Die Frontklappe l\u00e4sst sich einfach entfernen, was die Reinigung erleichtert. Holzbeton ist ein langlebiges Material aus Beton und FSC\u00ae-zertifiziertem Holz. Es bietet eine gute Isolierung und eine lange Lebensdauer.<\/p>\n<p>Hinweis: Dieser Nistkasten wird ohne Befestigungsmaterial geliefert. Befestigen Sie ihn daher immer an einem Haken, damit er sicher h\u00e4ngt.<\/p>\n","protected":false},"excerpt":{"rendered":"<p>Dieser nachhaltige Nistkasten aus Holzbeton eignet sich f\u00fcr Meisen und andere Arten wie den Trauerschn\u00e4pper. Der Kasten kann sowohl an einer Fassade als auch in B\u00e4umen befestigt werden. Die zus\u00e4tzlichen Rippen auf der R\u00fcckseite sorgen f\u00fcr eine stabile Aufh\u00e4ngung. Dank des abnehmbaren B\u00fcgels kann der Kasten auch frei an einem Ast aufgeh\u00e4ngt werden. Auf der [&hellip;]<\/p>\n","protected":false},"featured_media":21162,"template":"","meta":{"_acf_changed":false,"_relevanssi_hide_post":"","_relevanssi_hide_content":"","_relevanssi_pin_for_all":"","_relevanssi_pin_keywords":"","_relevanssi_unpin_keywords":"","_relevanssi_related_keywords":"","_relevanssi_related_include_ids":"","_relevanssi_related_exclude_ids":"","_relevanssi_related_no_append":"","_relevanssi_related_not_related":"","_relevanssi_related_posts":"","_relevanssi_noindex_reason":""},"product_brand":[],"product_cat":[4589,4624,4621,4640,4622,7870],"product_tag":[],"class_list":{"0":"post-22557","1":"product","2":"type-product","3":"status-publish","4":"has-post-thumbnail","6":"product_cat-singvogel","7":"product_cat-nistkasten-andere","8":"product_cat-nistkasten-fur-fliegenschnapper","9":"product_cat-nistkasten-fur-kleiber","10":"product_cat-nistkasten-fur-meisen","11":"product_cat-nistkaesten","12":"pa_binnenmaat-b-x-h-x-d-cm-13-x-21-x-13-de","13":"pa_buitenmaat-b-x-h-x-d-cm-17-x-26-x-17-de","14":"pa_gewicht-kg-4-de","15":"pa_kleur-grun","16":"pa_materiaal-woodstone-de","17":"pa_soort-feldsperling","18":"pa_soort-haubenmeise","19":"pa_soort-kleiber","20":"pa_soort-kohlmeise","21":"pa_soort-trauerschnapper","22":"pa_soortgroep-singvogel","24":"first","25":"instock","26":"shipping-taxable","27":"purchasable","28":"product-type-simple"},"acf":[],"_links":{"self":[{"href":"https:\/\/viva.ezxdemo.com\/de\/wp-json\/wp\/v2\/product\/22557","targetHints":{"allow":["GET"]}}],"collection":[{"href":"https:\/\/viva.ezxdemo.com\/de\/wp-json\/wp\/v2\/product"}],"about":[{"href":"https:\/\/viva.ezxdemo.com\/de\/wp-json\/wp\/v2\/types\/product"}],"wp:featuredmedia":[{"embeddable":true,"href":"https:\/\/viva.ezxdemo.com\/de\/wp-json\/wp\/v2\/media\/21162"}],"wp:attachment":[{"href":"https:\/\/viva.ezxdemo.com\/de\/wp-json\/wp\/v2\/media?parent=22557"}],"wp:term":[{"taxonomy":"product_brand","embeddable":true,"href":"https:\/\/viva.ezxdemo.com\/de\/wp-json\/wp\/v2\/product_brand?post=22557"},{"taxonomy":"product_cat","embeddable":true,"href":"https:\/\/viva.ezxdemo.com\/de\/wp-json\/wp\/v2\/product_cat?post=22557"},{"taxonomy":"product_tag","embeddable":true,"href":"https:\/\/viva.ezxdemo.com\/de\/wp-json\/wp\/v2\/product_tag?post=22557"}],"curies":[{"name":"wp","href":"https:\/\/api.w.org\/{rel}","templated":true}]}}