{"id":24128,"date":"2025-09-25T13:34:41","date_gmt":"2025-09-25T11:34:41","guid":{"rendered":"https:\/\/vivarapro.nl\/?post_type=product&#038;p=24128"},"modified":"2025-12-05T08:53:18","modified_gmt":"2025-12-05T07:53:18","slug":"vl-ef-02-fledermaus-umkehrklappe","status":"publish","type":"product","link":"https:\/\/viva.ezxdemo.com\/de\/produkt\/vl-ef-02-fledermaus-umkehrklappe\/","title":{"rendered":"VL EF 02 Biobasiert Fledermaus Umkehrklappe"},"content":{"rendered":"<p>Es gibt Situationen, in denen es notwendig ist, ein Geb\u00e4ude oder einen Baum fledermausfrei zu bekommen. Dies kann der Fall sein, wenn ein Geb\u00e4ude renoviert oder abgerissen wird oder ein Baum gef\u00e4llt werden soll. Daf\u00fcr ist eine Ausnahmegenehmigung vom Naturschutzgesetz erforderlich.<\/p>\n<p>Mit dieser Ausschlussklappe kann ein Standort fledermausfrei gemacht werden. Legen Sie die Ausschlussklappe \u00fcber die Einflug\u00f6ffnung. So k\u00f6nnen die Flederm\u00e4use zwar noch ausfliegen, aber die glatte Oberfl\u00e4che der Gummiklappe verhindert, dass sie wieder zur\u00fcckkehren k\u00f6nnen.<\/p>\n<p>Hinweis: F\u00fcr diese Ma\u00dfnahme ist eine Ausnahmegenehmigung vom Naturschutzgesetz einzuholen. Um das Produkt bei uns erwerben zu k\u00f6nnen, bitten wir Sie, uns Ihre Ausnahmegenehmigung vorzulegen.<\/p>\n","protected":false},"excerpt":{"rendered":"<p>VL EF 02 biobasiert Fledermaus-Umkehrklappe | erm\u00f6glicht sicheres Ausfliegen, verhindert R\u00fcckkehr, ideal vor Renovierung oder Abriss.<\/p>\n","protected":false},"featured_media":30103,"template":"","meta":{"_acf_changed":false,"_relevanssi_hide_post":"","_relevanssi_hide_content":"","_relevanssi_pin_for_all":"","_relevanssi_pin_keywords":"","_relevanssi_unpin_keywords":"","_relevanssi_related_keywords":"","_relevanssi_related_include_ids":"","_relevanssi_related_exclude_ids":"","_relevanssi_related_no_append":"","_relevanssi_related_not_related":"","_relevanssi_related_posts":"","_relevanssi_noindex_reason":""},"product_brand":[],"product_cat":[4641,4598,4584],"product_tag":[7278,7375,7300,7393,7392,7394],"class_list":{"0":"post-24128","1":"product","2":"type-product","3":"status-publish","4":"has-post-thumbnail","6":"product_cat-entmutigung","7":"product_cat-fassadenkaesten-fledermause","8":"product_cat-fledermause","9":"product_tag-fledermaus","10":"product_tag-fledermauese","11":"product_tag-holz","12":"product_tag-klappe","13":"product_tag-umkehr","14":"product_tag-umkehrklappe","15":"pa_buitenmaat-b-x-h-x-d-cm-22-x-22-x-15-de","16":"pa_gewicht-kg-09-de","17":"pa_kleur-naturlich","18":"pa_materiaal-voor-filter-fsc-holz","19":"pa_soortgroep-fledermause","21":"first","22":"instock","23":"purchasable","24":"product-type-simple"},"acf":[],"_links":{"self":[{"href":"https:\/\/viva.ezxdemo.com\/de\/wp-json\/wp\/v2\/product\/24128","targetHints":{"allow":["GET"]}}],"collection":[{"href":"https:\/\/viva.ezxdemo.com\/de\/wp-json\/wp\/v2\/product"}],"about":[{"href":"https:\/\/viva.ezxdemo.com\/de\/wp-json\/wp\/v2\/types\/product"}],"wp:featuredmedia":[{"embeddable":true,"href":"https:\/\/viva.ezxdemo.com\/de\/wp-json\/wp\/v2\/media\/30103"}],"wp:attachment":[{"href":"https:\/\/viva.ezxdemo.com\/de\/wp-json\/wp\/v2\/media?parent=24128"}],"wp:term":[{"taxonomy":"product_brand","embeddable":true,"href":"https:\/\/viva.ezxdemo.com\/de\/wp-json\/wp\/v2\/product_brand?post=24128"},{"taxonomy":"product_cat","embeddable":true,"href":"https:\/\/viva.ezxdemo.com\/de\/wp-json\/wp\/v2\/product_cat?post=24128"},{"taxonomy":"product_tag","embeddable":true,"href":"https:\/\/viva.ezxdemo.com\/de\/wp-json\/wp\/v2\/product_tag?post=24128"}],"curies":[{"name":"wp","href":"https:\/\/api.w.org\/{rel}","templated":true}]}}