{"id":31398,"date":"2025-11-19T11:09:05","date_gmt":"2025-11-19T10:09:05","guid":{"rendered":"https:\/\/vivarapro.nl\/product\/meeuwennesthub\/"},"modified":"2026-02-06T15:52:54","modified_gmt":"2026-02-06T14:52:54","slug":"moewen-nistplattform","status":"publish","type":"product","link":"https:\/\/viva.ezxdemo.com\/de\/produkt\/moewen-nistplattform\/","title":{"rendered":"NH MW 01 M\u00f6wen Nistplattform"},"content":{"rendered":"<h5>M\u00f6wen-Nistplattform<\/h5>\n<p>Die M\u00f6wen-Nistplattform von Vivara Pro bietet M\u00f6wen einen sicheren und nachhaltigen Nistplatz auf D\u00e4chern in Hafen- und Industriegebieten. In diesen Umgebungen verschwinden nat\u00fcrliche Nistpl\u00e4tze immer schneller, sodass Arten wie die Heringsm\u00f6we und die Silberm\u00f6we in st\u00e4dtische Gebiete ausweichen. Mit der M\u00f6wen-Nistplattform werden Flachd\u00e4cher zu wertvollen Nistpl\u00e4tzen.<\/p>\n<p>&nbsp;<\/p>\n<h5>Ein sicherer Nistplatz f\u00fcr M\u00f6wen<\/h5>\n<p>M\u00f6wen br\u00fcten von Natur aus an offenen, \u00fcbersichtlichen Orten mit leichtem Schutz. Die M\u00f6wen-Nistplattform ahmt diese Bedingungen nach. Die Konstruktion bietet M\u00f6wen einen gesch\u00fctzten und stabilen Nistplatz, vergleichbar mit nat\u00fcrlichen Bodenbrutpl\u00e4tzen entlang der K\u00fcste oder auf kleinen Inseln.<\/p>\n<p>Der Entwurf umfasst einen Windschutz, der vor starkem Wind und vor Artgenossen sch\u00fctzt, die zu nahe kommen. Die schr\u00e4ge Seite sorgt daf\u00fcr, dass die V\u00f6gel ihre Umgebung gut \u00fcberblicken k\u00f6nnen. Durch die richtige Ausrichtung des Kieskastens nach S\u00fcden, entsteht immer ausreichend Schatten. F\u00fcr die Junge gibt es sichere Versteckm\u00f6glichkeiten.<\/p>\n<p>&nbsp;<\/p>\n<h5>Vorteile der M\u00f6wen-Nistplattform<\/h5>\n<ul>\n<li>Bietet geeignete Nistpl\u00e4tze f\u00fcr M\u00f6wen auf D\u00e4chern in Hafen- und Industriegebieten<\/li>\n<li>Unterst\u00fctzt die M\u00f6wenpopulationen bei Verlust nat\u00fcrlicher Nistpl\u00e4tze<\/li>\n<li>Tr\u00e4gt zu einer ausgewogenen Verteilung der Brutkolonien bei<\/li>\n<li>Reduziert unerw\u00fcnschte Interaktionen zwischen Menschen und M\u00f6wen<\/li>\n<li>Tr\u00e4gt zu naturinklusivem Bauen und Biodiversit\u00e4t in st\u00e4dtischen Umgebungen bei<\/li>\n<\/ul>\n<p>&nbsp;<\/p>\n<h5>Praxis-Erfahrung und Ergebnisse<\/h5>\n<p>In gro\u00df angelegten Pilotprojekten hat sich gezeigt, dass die M\u00f6wen-Nistplattform nicht nur von M\u00f6wen gut angenommen wird, sondern auch dazu beitr\u00e4gt, Bel\u00e4stigungen in st\u00e4dtischen Gebieten zu reduzieren. Durch das Angebot alternativer Brutpl\u00e4tze auf Industried\u00e4chern ziehen Kolonien an geeignete und sichere Orte um. So entsteht ein besseres Gleichgewicht zwischen Natur und menschlicher Raumnutzung.<\/p>\n<p>&nbsp;<\/p>\n<h5>Anwendung in naturintegrativen Projekten<\/h5>\n<p>Die M\u00f6wen-Nistplattform eignet sich f\u00fcr den Einsatz bei Neubauten, Renovierungen oder Sanierungen von Industriegebieten. Das System l\u00e4sst sich leicht auf Flachd\u00e4chern von Lagerhallen, Gesch\u00e4ftsgeb\u00e4uden oder Terminals integrieren. Vivara Pro kann Sie bei der Installation und Wartung unterst\u00fctzen, abgestimmt auf die \u00f6rtlichen Gegebenheiten und Naturschutzpolitik.<\/p>\n<p>&nbsp;<\/p>\n<h5>Geeignete Arten<\/h5>\n<p>Die M\u00f6wen-Nistplattform wurde f\u00fcr verschiedene Arten von M\u00f6wen entwickelt, darunter:<\/p>\n<ul>\n<li>Kleine Mantelm\u00f6we<\/li>\n<li>Silberm\u00f6we<\/li>\n<li>Sturmm\u00f6we<\/li>\n<\/ul>\n<p>Die M\u00f6wen-Nistplattform ist auch f\u00fcr Austernfischer geeignet.<\/p>\n<p>&nbsp;<\/p>\n<h5>Entworfen von Joanna van der Leun<\/h5>\n<p>Die M\u00f6wen-Nistplattform wurde von Joanna van der Leun in Zusammenarbeit mit Vogelbescherming Nederland und Vivara Pro entworfen. Mit ihrer Expertise im Bereich naturintegratives Design entwickelte sie eine L\u00f6sung, die sowohl \u00f6kologisch als auch praktisch ist. Im Mittelpunkt des Entwurfs stand das Verhalten von M\u00f6wen: ihre Vorliebe f\u00fcr \u00dcbersicht, Schutz und Sicherheit. Das Ergebnis ist ein Nistplatz, der perfekt auf ihre nat\u00fcrlichen Bed\u00fcrfnisse abgestimmt ist, aber im st\u00e4dtischen Kontext eingesetzt wird.<\/p>\n<p>&nbsp;<\/p>\n<h5>Vivara Pro \u2013 Spezialist f\u00fcr naturintegrierte L\u00f6sungen<\/h5>\n<p>Vivara Pro entwirft und entwickelt \u00f6kologische Einrichtungen, die zur Biodiversit\u00e4t in st\u00e4dtischen und industriellen Gebieten beitragen. Mit L\u00f6sungen wie der M\u00f6wen-Nistplattform wird aktiv an einer nachhaltigen Raumnutzung gearbeitet, von der sowohl die Natur als auch der Mensch profitieren.<\/p>\n<p>\u00dcbersicht der genannten Arten mit ihren lateinischen Namen:\u2028Larus argentatus (Silberm\u00f6we), Larus fuscus (Kleine Mantelm\u00f6we), Larus canus (Sturmm\u00f6we), Haematopus ostralegus (Austernfischer)<\/p>\n","protected":false},"excerpt":{"rendered":"<p>M\u00f6wen Nistplattform| M\u00f6wen Nist von Vivara Pro: sicherer, nachhaltiger Nistplatz f\u00fcr M\u00f6wen auf D\u00e4chern | F\u00f6rdert die Biodiversit\u00e4t und verringert Bel\u00e4stigungen<\/p>\n","protected":false},"featured_media":31393,"template":"","meta":{"_acf_changed":false,"_relevanssi_hide_post":"","_relevanssi_hide_content":"","_relevanssi_pin_for_all":"","_relevanssi_pin_keywords":"","_relevanssi_unpin_keywords":"","_relevanssi_related_keywords":"","_relevanssi_related_include_ids":"","_relevanssi_related_exclude_ids":"","_relevanssi_related_no_append":"","_relevanssi_related_not_related":"","_relevanssi_related_posts":"","_relevanssi_noindex_reason":""},"product_brand":[],"product_cat":[4627,4590],"product_tag":[7634,7635,7636,7637,7638,7639,7293,7640],"class_list":{"0":"post-31398","1":"product","2":"type-product","3":"status-publish","4":"has-post-thumbnail","6":"product_cat-nistplatze-anderer-vogel-in-wassernahe","7":"product_cat-vogel-in-wassernahe","8":"product_tag-broed","9":"product_tag-dak","10":"product_tag-meeuw","11":"product_tag-meeuwen","12":"product_tag-nest","13":"product_tag-plaats","14":"product_tag-voegel","15":"product_tag-watervogel","16":"pa_buitenmaat-b-x-h-x-d-cm-89-x-36-x-54","17":"pa_kleur-naturlich","18":"pa_materiaal-fsc-holz-douglasie","19":"pa_soort-austernfischer","20":"pa_soort-kleine-mantelmoewe","21":"pa_soort-silbermoewe","22":"pa_soort-sturmmoewe","23":"pa_soortgroep-wasservogel","25":"first","26":"instock","27":"shipping-taxable","28":"purchasable","29":"product-type-simple"},"acf":[],"_links":{"self":[{"href":"https:\/\/viva.ezxdemo.com\/de\/wp-json\/wp\/v2\/product\/31398","targetHints":{"allow":["GET"]}}],"collection":[{"href":"https:\/\/viva.ezxdemo.com\/de\/wp-json\/wp\/v2\/product"}],"about":[{"href":"https:\/\/viva.ezxdemo.com\/de\/wp-json\/wp\/v2\/types\/product"}],"wp:featuredmedia":[{"embeddable":true,"href":"https:\/\/viva.ezxdemo.com\/de\/wp-json\/wp\/v2\/media\/31393"}],"wp:attachment":[{"href":"https:\/\/viva.ezxdemo.com\/de\/wp-json\/wp\/v2\/media?parent=31398"}],"wp:term":[{"taxonomy":"product_brand","embeddable":true,"href":"https:\/\/viva.ezxdemo.com\/de\/wp-json\/wp\/v2\/product_brand?post=31398"},{"taxonomy":"product_cat","embeddable":true,"href":"https:\/\/viva.ezxdemo.com\/de\/wp-json\/wp\/v2\/product_cat?post=31398"},{"taxonomy":"product_tag","embeddable":true,"href":"https:\/\/viva.ezxdemo.com\/de\/wp-json\/wp\/v2\/product_tag?post=31398"}],"curies":[{"name":"wp","href":"https:\/\/api.w.org\/{rel}","templated":true}]}}