{"id":31957,"date":"2025-12-23T12:04:26","date_gmt":"2025-12-23T11:04:26","guid":{"rendered":"https:\/\/vivarapro.nl\/product\/nk-la-01-nistkasten-blaumeise\/"},"modified":"2026-02-24T11:21:41","modified_gmt":"2026-02-24T10:21:41","slug":"nk-la-01-nistkasten-blaumeise","status":"publish","type":"product","link":"https:\/\/viva.ezxdemo.com\/de\/produkt\/nk-la-01-nistkasten-blaumeise\/","title":{"rendered":"NK LA 01 Nistkasten Blaumeise"},"content":{"rendered":"<div class=\"text-base my-auto mx-auto pb-10 [--thread-content-margin:--spacing(4)] @w-sm\/main:[--thread-content-margin:--spacing(6)] @w-lg\/main:[--thread-content-margin:--spacing(16)] px-(--thread-content-margin)\">\n<div class=\"[--thread-content-max-width:40rem] @w-lg\/main:[--thread-content-max-width:48rem] mx-auto max-w-(--thread-content-max-width) flex-1 group\/turn-messages focus-visible:outline-hidden relative flex w-full min-w-0 flex-col agent-turn\" tabindex=\"-1\">\n<div class=\"flex max-w-full flex-col grow\">\n<div class=\"min-h-8 text-message relative flex w-full flex-col items-end gap-2 text-start break-words whitespace-normal [.text-message+&amp;]:mt-1\" dir=\"auto\" data-message-author-role=\"assistant\" data-message-id=\"d52f6ce0-7b4e-458e-8893-6859669feff6\" data-message-model-slug=\"gpt-5-2\">\n<div class=\"flex w-full flex-col gap-1 empty:hidden first:pt-[1px]\">\n<div class=\"markdown prose dark:prose-invert w-full break-words light markdown-new-styling\">\n<p data-start=\"0\" data-end=\"246\">Dieser Nistkasten ist aus 20 mm dickem L\u00e4rchenholz gefertigt und speziell f\u00fcr kleine Meisen wie die Blaumeise und die Kohlmeise konzipiert. Dank des langlebigen Materials h\u00e4lt der Kasten deutlich l\u00e4nger als Nistk\u00e4sten aus Standard-Fichtenholz.<\/p>\n<p data-start=\"248\" data-end=\"542\">Der Nistkasten eignet sich sowohl f\u00fcr die Anbringung an Fassaden als auch in B\u00e4umen und ist innen mit einem Marderschutz ausgestattet, wodurch br\u00fctende V\u00f6gel besonders sicher sind. Die praktische T\u00fcr l\u00e4sst sich leicht \u00f6ffnen, was die Reinigung und Wartung des Kastens erleichtert.<\/p>\n<p data-start=\"544\" data-end=\"799\" data-is-last-node=\"\" data-is-only-node=\"\">F\u00fcr zus\u00e4tzliche Stabilit\u00e4t wurde der Nistkasten mit Edelstahlschrauben verschraubt und mit Lein\u00f6l behandelt, was die Widerstandsf\u00e4higkeit gegen Witterungseinfl\u00fcsse weiter erh\u00f6ht. Der Nistkasten wird inklusive Edelstahlschraube und D\u00fcbel geliefert, sodass er sofort montiert werden kann.<\/p>\n<\/div>\n<\/div>\n<\/div>\n<\/div>\n<\/div>\n<\/div>\n","protected":false},"excerpt":{"rendered":"<p>Nachhaltiger Nistkasten aus 20 mm starkem L\u00e4rchenholz, geeignet f\u00fcr Blaumeisen und Tannenmeisen. Ausgestattet mit Marderschutz, einer leicht zu \u00f6ffnenden T\u00fcr und mit Edelstahlschrauben und Lein\u00f6l f\u00fcr eine besonders lange Lebensdauer. Geeignet f\u00fcr die Montage an Fassaden und B\u00e4umen, inklusive Befestigungsmaterial.<\/p>\n","protected":false},"featured_media":31952,"template":"","meta":{"_acf_changed":false,"_relevanssi_hide_post":"","_relevanssi_hide_content":"","_relevanssi_pin_for_all":"","_relevanssi_pin_keywords":"","_relevanssi_unpin_keywords":"","_relevanssi_related_keywords":"","_relevanssi_related_include_ids":"","_relevanssi_related_exclude_ids":"","_relevanssi_related_no_append":"","_relevanssi_related_not_related":"","_relevanssi_related_posts":"","_relevanssi_noindex_reason":""},"product_brand":[],"product_cat":[4589,4622,7838,7870],"product_tag":[],"class_list":{"0":"post-31957","1":"product","2":"type-product","3":"status-publish","4":"has-post-thumbnail","6":"product_cat-singvogel","7":"product_cat-nistkasten-fur-meisen","8":"product_cat-nabu-empfohlen","9":"product_cat-nistkaesten","10":"pa_materiaal-fsc-holz","11":"pa_materiaal-voor-filter-fsc-holz","13":"first","14":"instock","15":"shipping-taxable","16":"purchasable","17":"product-type-simple"},"acf":[],"_links":{"self":[{"href":"https:\/\/viva.ezxdemo.com\/de\/wp-json\/wp\/v2\/product\/31957","targetHints":{"allow":["GET"]}}],"collection":[{"href":"https:\/\/viva.ezxdemo.com\/de\/wp-json\/wp\/v2\/product"}],"about":[{"href":"https:\/\/viva.ezxdemo.com\/de\/wp-json\/wp\/v2\/types\/product"}],"wp:featuredmedia":[{"embeddable":true,"href":"https:\/\/viva.ezxdemo.com\/de\/wp-json\/wp\/v2\/media\/31952"}],"wp:attachment":[{"href":"https:\/\/viva.ezxdemo.com\/de\/wp-json\/wp\/v2\/media?parent=31957"}],"wp:term":[{"taxonomy":"product_brand","embeddable":true,"href":"https:\/\/viva.ezxdemo.com\/de\/wp-json\/wp\/v2\/product_brand?post=31957"},{"taxonomy":"product_cat","embeddable":true,"href":"https:\/\/viva.ezxdemo.com\/de\/wp-json\/wp\/v2\/product_cat?post=31957"},{"taxonomy":"product_tag","embeddable":true,"href":"https:\/\/viva.ezxdemo.com\/de\/wp-json\/wp\/v2\/product_tag?post=31957"}],"curies":[{"name":"wp","href":"https:\/\/api.w.org\/{rel}","templated":true}]}}