{"id":32132,"date":"2025-10-08T16:26:56","date_gmt":"2025-10-08T14:26:56","guid":{"rendered":"https:\/\/vivarapro.nl\/product\/nv-vu-04-vulschuim-30mm\/"},"modified":"2025-12-30T12:22:01","modified_gmt":"2025-12-30T11:22:01","slug":"nv-vu-04-vulschuim-30mm","status":"publish","type":"product","link":"https:\/\/viva.ezxdemo.com\/de\/produkt\/nv-vu-04-vulschuim-30mm\/","title":{"rendered":"NV VU 04 F\u00fcllschaum 35 mm"},"content":{"rendered":"<p data-start=\"300\" data-end=\"679\">Dieser F\u00fcllschaum besteht aus offenzelligem Polyurethanschaum. Durch die offene Struktur kann die Luft beim Auftragen des Dichtstoffs leicht entweichen, wodurch Blasenbildung verhindert wird. Das Material ist flexibler als herk\u00f6mmliche PE-R\u00fcckenf\u00fcllungen und passt sich Unebenheiten oder Schwankungen in der Fugentiefe besser an. Dies sorgt f\u00fcr eine zuverl\u00e4ssige Haftung und ein dauerhaftes Ergebnis. Verpackt zu je 75 St\u00fcck.    <\/p>\n<p data-start=\"848\" data-end=\"929\">\n","protected":false},"excerpt":{"rendered":"<p>F\u00fcllschaum aus offenzelligem Polyurethanschaum | flexibler als herk\u00f6mmliche PE-R\u00fcckenpolsterung | Verpackungseinheit: 75 St\u00fcck <\/p>\n","protected":false},"featured_media":20930,"template":"","meta":{"_acf_changed":false,"_relevanssi_hide_post":"","_relevanssi_hide_content":"","_relevanssi_pin_for_all":"","_relevanssi_pin_keywords":"","_relevanssi_unpin_keywords":"","_relevanssi_related_keywords":"","_relevanssi_related_include_ids":"","_relevanssi_related_exclude_ids":"","_relevanssi_related_no_append":"","_relevanssi_related_not_related":"","_relevanssi_related_posts":"","_relevanssi_noindex_reason":""},"product_brand":[],"product_cat":[4641],"product_tag":[],"class_list":{"0":"post-32132","1":"product","2":"type-product","3":"status-publish","4":"has-post-thumbnail","6":"product_cat-entmutigung","8":"first","9":"instock","10":"shipping-taxable","11":"purchasable","12":"product-type-simple"},"acf":[],"_links":{"self":[{"href":"https:\/\/viva.ezxdemo.com\/de\/wp-json\/wp\/v2\/product\/32132","targetHints":{"allow":["GET"]}}],"collection":[{"href":"https:\/\/viva.ezxdemo.com\/de\/wp-json\/wp\/v2\/product"}],"about":[{"href":"https:\/\/viva.ezxdemo.com\/de\/wp-json\/wp\/v2\/types\/product"}],"wp:featuredmedia":[{"embeddable":true,"href":"https:\/\/viva.ezxdemo.com\/de\/wp-json\/wp\/v2\/media\/20930"}],"wp:attachment":[{"href":"https:\/\/viva.ezxdemo.com\/de\/wp-json\/wp\/v2\/media?parent=32132"}],"wp:term":[{"taxonomy":"product_brand","embeddable":true,"href":"https:\/\/viva.ezxdemo.com\/de\/wp-json\/wp\/v2\/product_brand?post=32132"},{"taxonomy":"product_cat","embeddable":true,"href":"https:\/\/viva.ezxdemo.com\/de\/wp-json\/wp\/v2\/product_cat?post=32132"},{"taxonomy":"product_tag","embeddable":true,"href":"https:\/\/viva.ezxdemo.com\/de\/wp-json\/wp\/v2\/product_tag?post=32132"}],"curies":[{"name":"wp","href":"https:\/\/api.w.org\/{rel}","templated":true}]}}