{"id":32149,"date":"2025-12-30T12:47:09","date_gmt":"2025-12-30T11:47:09","guid":{"rendered":"https:\/\/vivarapro.nl\/product\/nk-la-02-nestkast-koolmees\/"},"modified":"2026-02-24T11:24:38","modified_gmt":"2026-02-24T10:24:38","slug":"nk-la-02-nestkast-koolmees","status":"publish","type":"product","link":"https:\/\/viva.ezxdemo.com\/de\/produkt\/nk-la-02-nestkast-koolmees\/","title":{"rendered":"NK LA 02 Nistkasten Kohlmeise"},"content":{"rendered":"<p data-start=\"134\" data-end=\"341\">Dieser Nistkasten ist aus 20 mm dickem L\u00e4rchenholz gefertigt und eignet sich f\u00fcr Meisen wie die Kohlmeise und die Blaumeise. Dar\u00fcber hinaus bietet der Schrank auch anderen Arten, wie beispielsweise dem bunten Fliegenf\u00e4nger, Nistm\u00f6glichkeiten.<\/p>\n<p data-start=\"348\" data-end=\"580\">Der Nistkasten kann an einer Fassade oder in einem Baum befestigt werden. Die Vorderseite des Schranks ist an der Innenseite mit einem Marderschutz versehen. Dank der leicht zu \u00f6ffnenden T\u00fcr ist die Wartung schnell und einfach durchzuf\u00fchren.<\/p>\n<p data-start=\"587\" data-end=\"820\">L\u00e4rchenholz ist wesentlich nachhaltiger als normales Fichtenholz und hat daher eine viel l\u00e4ngere Lebensdauer. Der Nistkasten ist mit Edelstahlschrauben besonders stabil montiert und mit Lein\u00f6l behandelt, was die Haltbarkeit zus\u00e4tzlich erh\u00f6ht.<\/p>\n<p data-start=\"827\" data-end=\"908\">Der Nistkasten wird inklusive Edelstahlschraube und D\u00fcbel f\u00fcr eine einfache Montage geliefert.<\/p>\n","protected":false},"excerpt":{"rendered":"<p>Dieser Nistkasten aus 20 mm starkem L\u00e4rchenholz ist f\u00fcr Kohlmeisen und Blaumeisen geeignet und bietet auch Platz f\u00fcr andere Arten. Mit Marderschutz ausgestattet, leicht zu \u00f6ffnen f\u00fcr Wartungsarbeiten und besonders langlebig dank Edelstahlschrauben und einer Behandlung mit Lein\u00f6l. Befestigungsmaterial inklusive.<\/p>\n","protected":false},"featured_media":32151,"template":"","meta":{"_acf_changed":false,"_relevanssi_hide_post":"","_relevanssi_hide_content":"","_relevanssi_pin_for_all":"","_relevanssi_pin_keywords":"","_relevanssi_unpin_keywords":"","_relevanssi_related_keywords":"","_relevanssi_related_include_ids":"","_relevanssi_related_exclude_ids":"","_relevanssi_related_no_append":"","_relevanssi_related_not_related":"","_relevanssi_related_posts":"","_relevanssi_noindex_reason":""},"product_brand":[],"product_cat":[4622,4624,4621,4640,4589,7838,7870],"product_tag":[],"class_list":{"0":"post-32149","1":"product","2":"type-product","3":"status-publish","4":"has-post-thumbnail","6":"product_cat-nistkasten-fur-meisen","7":"product_cat-nistkasten-andere","8":"product_cat-nistkasten-fur-fliegenschnapper","9":"product_cat-nistkasten-fur-kleiber","10":"product_cat-singvogel","11":"product_cat-nabu-empfohlen","12":"product_cat-nistkaesten","14":"first","15":"instock","16":"shipping-taxable","17":"purchasable","18":"product-type-simple"},"acf":[],"_links":{"self":[{"href":"https:\/\/viva.ezxdemo.com\/de\/wp-json\/wp\/v2\/product\/32149","targetHints":{"allow":["GET"]}}],"collection":[{"href":"https:\/\/viva.ezxdemo.com\/de\/wp-json\/wp\/v2\/product"}],"about":[{"href":"https:\/\/viva.ezxdemo.com\/de\/wp-json\/wp\/v2\/types\/product"}],"wp:featuredmedia":[{"embeddable":true,"href":"https:\/\/viva.ezxdemo.com\/de\/wp-json\/wp\/v2\/media\/32151"}],"wp:attachment":[{"href":"https:\/\/viva.ezxdemo.com\/de\/wp-json\/wp\/v2\/media?parent=32149"}],"wp:term":[{"taxonomy":"product_brand","embeddable":true,"href":"https:\/\/viva.ezxdemo.com\/de\/wp-json\/wp\/v2\/product_brand?post=32149"},{"taxonomy":"product_cat","embeddable":true,"href":"https:\/\/viva.ezxdemo.com\/de\/wp-json\/wp\/v2\/product_cat?post=32149"},{"taxonomy":"product_tag","embeddable":true,"href":"https:\/\/viva.ezxdemo.com\/de\/wp-json\/wp\/v2\/product_tag?post=32149"}],"curies":[{"name":"wp","href":"https:\/\/api.w.org\/{rel}","templated":true}]}}