{"id":34516,"date":"2026-01-28T11:48:27","date_gmt":"2026-01-28T10:48:27","guid":{"rendered":"https:\/\/vivarapro.nl\/?post_type=product&#038;p=34516"},"modified":"2026-01-28T14:02:34","modified_gmt":"2026-01-28T13:02:34","slug":"vk-sk-12-fledermaus-pfahlkasten-set-stahlpfahl","status":"publish","type":"product","link":"https:\/\/viva.ezxdemo.com\/de\/produkt\/vk-sk-12-fledermaus-pfahlkasten-set-stahlpfahl\/","title":{"rendered":"VK SK 12 Fledermaus Pfahlkasten Set (Stahlpfahl)"},"content":{"rendered":"<p>Dieses Pfahlkastenset kann zur Entsch\u00e4rfung und zum Ausgleich f\u00fcr einige Fledermausarten verwendet werden. Besonders f\u00fcr die Zwergfledermaus hat sich dieser Pfahlkasten als Sommer-Paarungsquartier und als Nistkasten bew\u00e4hrt.<\/p>\n<p>Ein Set besteht aus zwei 6-Meter-hohen Metallmasten und zweimal dem VK SK 03 Nistkasten. Au\u00dferdem werden Beutel mit Schnellbeton und entsprechende Schrauben f\u00fcr die Montage mitgeliefert.<\/p>\n<p>Dieser Kasten hat eine verl\u00e4ngerte R\u00fcckwand. Flederm\u00e4use k\u00f6nnen auf diesem Abschnitt landen und von dort aus in den Kasten krabbeln. Die drei F\u00e4cher, die einen Abstand von 19 mm haben, sind durch L\u00f6cher in den Trennw\u00e4nden gegenseitig zug\u00e4nglich.<\/p>\n<p>Es gibt mehrere Fledermausarten, die diesen Fledermauskasten nutzen k\u00f6nnen. Das h\u00e4ngt von den lokal vorkommenden Arten ab. Dieser Kasten eignet sich als Sommer-, Paarungs- und bei einigen Arten auch als Nistunterschlupf. In milden Wintern kann der Kasten auch als Unterschlupf dienen.<\/p>\n<p>Als Nistkasten m\u00f6glich f\u00fcr:<\/p>\n<ul>\n<li>Zwergfledermaus<\/li>\n<\/ul>\n<p>Als Sommer-Paarungsquartier m\u00f6glich f\u00fcr:<\/p>\n<ul>\n<li>Zwergfledermaus, Rauhautfledermaus und Kleine M\u00fcckenfledermaus<\/li>\n<li>Kleine Bartfledermaus<\/li>\n<li>Kleiner Abendsegler<\/li>\n<li>Braunes Langohr<\/li>\n<li>Wasserfledermaus<\/li>\n<li>Mopsfledermaus<\/li>\n<li>Fransenfledermaus<\/li>\n<\/ul>\n<p>In milden Wintern, m\u00f6gliche Nutzung durch:<\/p>\n<ul>\n<li>Zwergfledermaus<\/li>\n<li>Braunes Langohr<\/li>\n<\/ul>\n","protected":false},"excerpt":{"rendered":"<p>VK SK 12 Fledermaus Pfahlkasten Set | Vivara Pro<\/p>\n","protected":false},"featured_media":34534,"template":"","meta":{"_acf_changed":false,"_relevanssi_hide_post":"","_relevanssi_hide_content":"","_relevanssi_pin_for_all":"","_relevanssi_pin_keywords":"","_relevanssi_unpin_keywords":"","_relevanssi_related_keywords":"","_relevanssi_related_include_ids":"","_relevanssi_related_exclude_ids":"","_relevanssi_related_no_append":"","_relevanssi_related_not_related":"","_relevanssi_related_posts":"","_relevanssi_noindex_reason":""},"product_brand":[],"product_cat":[4584,4636,4616,4600],"product_tag":[],"class_list":{"0":"post-34516","1":"product","2":"type-product","3":"status-publish","4":"has-post-thumbnail","6":"product_cat-fledermause","7":"product_cat-haus-und-pfahlkasten","8":"product_cat-pfahlkasten-fledermause","9":"product_cat-wochenstube-fledermause","10":"pa_binnenmaat-b-x-h-x-d-cm-2-x-107-x-63-x-3-x-2-exkl-mast","11":"pa_buitenmaat-b-x-h-x-d-cm-2-x-118-x-79-x-15-exkl-pfosten","12":"pa_gewicht-kg-2-x-18-ohne-stange","13":"pa_materiaal-sperrholz-fsc","14":"pa_materiaal-spruhkorken","15":"pa_materiaal-voor-filter-fsc-holz","16":"pa_soort-braunes-langohr","17":"pa_soort-kleine-bartfledermaus","18":"pa_soort-muckenfledermaus","19":"pa_soort-rauhautfledermaus","20":"pa_soort-zwergfledermaus","21":"pa_soortgroep-fledermause","23":"first","24":"instock","25":"purchasable","26":"product-type-simple"},"acf":[],"_links":{"self":[{"href":"https:\/\/viva.ezxdemo.com\/de\/wp-json\/wp\/v2\/product\/34516","targetHints":{"allow":["GET"]}}],"collection":[{"href":"https:\/\/viva.ezxdemo.com\/de\/wp-json\/wp\/v2\/product"}],"about":[{"href":"https:\/\/viva.ezxdemo.com\/de\/wp-json\/wp\/v2\/types\/product"}],"wp:featuredmedia":[{"embeddable":true,"href":"https:\/\/viva.ezxdemo.com\/de\/wp-json\/wp\/v2\/media\/34534"}],"wp:attachment":[{"href":"https:\/\/viva.ezxdemo.com\/de\/wp-json\/wp\/v2\/media?parent=34516"}],"wp:term":[{"taxonomy":"product_brand","embeddable":true,"href":"https:\/\/viva.ezxdemo.com\/de\/wp-json\/wp\/v2\/product_brand?post=34516"},{"taxonomy":"product_cat","embeddable":true,"href":"https:\/\/viva.ezxdemo.com\/de\/wp-json\/wp\/v2\/product_cat?post=34516"},{"taxonomy":"product_tag","embeddable":true,"href":"https:\/\/viva.ezxdemo.com\/de\/wp-json\/wp\/v2\/product_tag?post=34516"}],"curies":[{"name":"wp","href":"https:\/\/api.w.org\/{rel}","templated":true}]}}