{"id":36656,"date":"2026-02-25T14:40:11","date_gmt":"2026-02-25T13:40:11","guid":{"rendered":"https:\/\/vivarapro.nl\/product\/nk-gz-15-gierzwaluw-gevelkast-enkel\/"},"modified":"2026-03-06T14:16:18","modified_gmt":"2026-03-06T13:16:18","slug":"nk-gz-15-mauersegler-fassadenkasten-einzeln","status":"publish","type":"product","link":"https:\/\/viva.ezxdemo.com\/de\/produkt\/nk-gz-15-mauersegler-fassadenkasten-einzeln\/","title":{"rendered":"NK GZ 15 Mauersegler Fassadenkasten einzeln (Leichtgewicht)"},"content":{"rendered":"<h5><strong>NK GZ 15 Mauersegler Fassadenkasten einzeln<\/strong><\/h5>\n<p>Der NK GZ 15 ist ein nachhaltiger Nistkasten f\u00fcr Mauersegler zur Montage an der Fassade. Dieser einzelne Fassadenkasten bietet Platz f\u00fcr ein Brutpaar und kann unter Dachrinnen, Dachkanten oder einem Dach\u00fcberstand angebracht werden \u2013 der nat\u00fcrlichen Nistposition des Mauerseglers.<\/p>\n<p>Der NK GZ 15 Mauersegler Fassadenkasten einzeln eignet sich besonders f\u00fcr Mitigations- und Kompensationsma\u00dfnahmen an Fassaden und kann problemlos im Neubau, bei Renovierungen sowie im Geb\u00e4udebestand eingesetzt werden. Der Nistkasten schafft zus\u00e4tzlichen Brutraum und tr\u00e4gt zum naturinklusiven Bauen sowie zum Erhalt st\u00e4dtischer Populationen bei.<\/p>\n<p>Dieser Nistkasten wird au\u00dferdem regelm\u00e4\u00dfig vom Haussperling genutzt. Dadurch erh\u00f6ht sich die Wahrscheinlichkeit, dass Mauersegler den Kasten entdecken. Wenn Mauersegler den Nistplatz besetzen m\u00f6chten, \u00fcbernehmen sie den Kasten in der Regel von den Haussperlingen.<\/p>\n<p>&nbsp;<\/p>\n<h5><strong>Nachhaltiges und leichtes Material<\/strong><\/h5>\n<p>Der Nistkasten wird aus Fiberstone gefertigt, einem pflanzlichen Faserbeton. Dieses Material ist sehr langlebig und leichter als Holzbeton.<\/p>\n<p>Das geringe Gewicht erleichtert die Montage, insbesondere bei Installationen in gr\u00f6\u00dferer H\u00f6he. Zudem ist das Material brandschutzhemmend und damit gut f\u00fcr den Einsatz an st\u00e4dtischen Fassaden geeignet.<\/p>\n<p>Die Au\u00dfenseite ist mit Spr\u00fchkork beschichtet. Diese Oberfl\u00e4che bietet zus\u00e4tzlichen Schutz vor Witterungseinfl\u00fcssen und sorgt f\u00fcr eine nat\u00fcrliche Optik. Dadurch verf\u00fcgt der Kasten \u00fcber eine lange Lebensdauer.<\/p>\n<p>&nbsp;<\/p>\n<h5><strong>Speziell f\u00fcr den Mauersegler entwickelt<\/strong><\/h5>\n<p>Der Mauersegler br\u00fctet nat\u00fcrlicherweise hoch an Geb\u00e4uden, unter Dachkanten und Dach\u00fcberst\u00e4nden. Moderne Bauweisen verschlie\u00dfen diese Nistm\u00f6glichkeiten jedoch h\u00e4ufig. Der NK GZ 15 stellt diese wichtige Nistfunktion in der Fassade wieder her.<\/p>\n<p>Der Innenraum des Nistkastens ist mit einer Nestbegrenzung versehen, sodass Eier nicht wegrollen k\u00f6nnen. Dies erh\u00f6ht den Bruterfolg.<\/p>\n<p>Die Einflug\u00f6ffnung ist mit einem zus\u00e4tzlichen Eingangsstein aus Gussbeton verst\u00e4rkt. Dadurch wird eine Besch\u00e4digung oder ein Auskratzen durch gr\u00f6\u00dfere V\u00f6gel, wie beispielsweise Halsbandsittiche, erschwert.<\/p>\n<p>Zur Reinigung kann der Eingangsstein aus Gussbeton entfernt werden. Dadurch bleibt die Wartung praktisch durchf\u00fchrbar und die Lebensdauer wird verl\u00e4ngert.<\/p>\n<h5><strong>\u00a0<\/strong><\/h5>\n<h5><strong>Einsatz in Projekten<\/strong><\/h5>\n<p>Der NK GZ 15 eignet sich besonders f\u00fcr kleinere Anwendungen. F\u00fcr ein optimales Ergebnis wird empfohlen, mehrere Nistk\u00e4sten gemeinsam zu platzieren \u2013 sowohl horizontal als auch vertikal.<\/p>\n<p>F\u00fcr Projekte mit mehreren Brutpl\u00e4tzen k\u00f6nnen auch der <a href=\"https:\/\/www.vivarapro.de\/produkt\/nk-gz-16-mauersegler-fassadenkasten-doppelt-leichtgewicht\/\" target=\"_blank\" rel=\"noopener\">NK GZ 16 (doppelt)<\/a> oder <a href=\"https:\/\/www.vivarapro.de\/produkt\/nk-gz-17-mauersegler-fassadenkasten-dreifach-leichtgewicht\/\" target=\"_blank\" rel=\"noopener\">NK GZ 17 (dreifach)<\/a> gew\u00e4hlt werden.<\/p>\n<p>&nbsp;<\/p>\n<h5><strong>Wichtigste Merkmale<\/strong><\/h5>\n<ul>\n<li>Einzelner Mauersegler-Nistkasten f\u00fcr ein Brutpaar<\/li>\n<li>Geeignet f\u00fcr Fassadenmontage unter Dachrinne oder Dach\u00fcberstand<\/li>\n<li>Hergestellt aus nachhaltigem Fiberstone (pflanzlicher Faserbeton)<\/li>\n<li>Leichter als Holzbeton<\/li>\n<li>Brandschutzhemmendes Material<\/li>\n<li>Spr\u00fchkork-Beschichtung auf der Au\u00dfenseite<\/li>\n<li>Interne Nestbegrenzung gegen das Wegrollen von Eiern<\/li>\n<li>Verst\u00e4rkter Eingangsstein aus Gussbeton<\/li>\n<li>Zugang f\u00fcr Wartung und Reinigung<\/li>\n<\/ul>\n<p>Der NK GZ 15 Mauersegler-Fassadenkasten einzeln stellt eine nachhaltige L\u00f6sung zur strukturellen Unterst\u00fctzung des Mauerseglers dar und st\u00e4rkt die Biodiversit\u00e4t in der gebauten Umwelt.<\/p>\n<p>&nbsp;<\/p>\n<h6><strong>\u00dcbersicht der genannten Arten mit ihren lateinischen Namen<br \/>\n<\/strong><em>Apus apus (Mauersegler), Passer domesticus (Haussperling).<\/em><\/h6>\n","protected":false},"excerpt":{"rendered":"<p>NK GZ 15 Mauersegler Fassadenkasten einzeln | Nachhaltiges, leichtes und brandschutzhemmendes Material | Pflanzlicher Faserbeton | Vivara Pro<\/p>\n","protected":false},"featured_media":36824,"template":"","meta":{"_acf_changed":false,"_relevanssi_hide_post":"","_relevanssi_hide_content":"","_relevanssi_pin_for_all":"","_relevanssi_pin_keywords":"","_relevanssi_unpin_keywords":"","_relevanssi_related_keywords":"","_relevanssi_related_include_ids":"","_relevanssi_related_exclude_ids":"","_relevanssi_related_no_append":"","_relevanssi_related_not_related":"","_relevanssi_related_posts":"","_relevanssi_noindex_reason":""},"product_brand":[],"product_cat":[4602,4601,4585],"product_tag":[],"class_list":{"0":"post-36656","1":"product","2":"type-product","3":"status-publish","4":"has-post-thumbnail","6":"product_cat-fassadenkaesten-mauersegler","7":"product_cat-fassadenkaesten","8":"product_cat-mauersegler","9":"pa_binnenmaat-b-x-h-x-d-cm-36x145x145","10":"pa_buitenmaat-b-x-h-x-d-cm-381x155x173","11":"pa_gewicht-kg-35-de","12":"pa_invliegopening-65-x-30-mm-oval-de","13":"pa_kleur-grau","14":"pa_materiaal-fiberstone","15":"pa_materiaal-gietbeton","16":"pa_soort-schwalben","17":"pa_soortgroep-mauersegler","19":"first","20":"instock","21":"shipping-taxable","22":"purchasable","23":"product-type-simple"},"acf":[],"_links":{"self":[{"href":"https:\/\/viva.ezxdemo.com\/de\/wp-json\/wp\/v2\/product\/36656","targetHints":{"allow":["GET"]}}],"collection":[{"href":"https:\/\/viva.ezxdemo.com\/de\/wp-json\/wp\/v2\/product"}],"about":[{"href":"https:\/\/viva.ezxdemo.com\/de\/wp-json\/wp\/v2\/types\/product"}],"wp:featuredmedia":[{"embeddable":true,"href":"https:\/\/viva.ezxdemo.com\/de\/wp-json\/wp\/v2\/media\/36824"}],"wp:attachment":[{"href":"https:\/\/viva.ezxdemo.com\/de\/wp-json\/wp\/v2\/media?parent=36656"}],"wp:term":[{"taxonomy":"product_brand","embeddable":true,"href":"https:\/\/viva.ezxdemo.com\/de\/wp-json\/wp\/v2\/product_brand?post=36656"},{"taxonomy":"product_cat","embeddable":true,"href":"https:\/\/viva.ezxdemo.com\/de\/wp-json\/wp\/v2\/product_cat?post=36656"},{"taxonomy":"product_tag","embeddable":true,"href":"https:\/\/viva.ezxdemo.com\/de\/wp-json\/wp\/v2\/product_tag?post=36656"}],"curies":[{"name":"wp","href":"https:\/\/api.w.org\/{rel}","templated":true}]}}