{"id":36668,"date":"2026-02-25T17:07:13","date_gmt":"2026-02-25T16:07:13","guid":{"rendered":"https:\/\/vivarapro.nl\/product\/nk-gz-16-mauersegler-fassadenkasten-doppelt-leichtgewicht\/"},"modified":"2026-03-11T12:36:32","modified_gmt":"2026-03-11T11:36:32","slug":"nk-gz-16-mauersegler-fassadenkasten-doppelt-leichtgewicht","status":"publish","type":"product","link":"https:\/\/viva.ezxdemo.com\/de\/produkt\/nk-gz-16-mauersegler-fassadenkasten-doppelt-leichtgewicht\/","title":{"rendered":"NK GZ 16 Mauersegler Fassadenkasten doppelt (Leichtgewicht)"},"content":{"rendered":"<h5><strong>NK GZ 16 Mauersegler Fassadenkasten doppelt<\/strong><\/h5>\n<p>Der NK GZ 16 ist ein nachhaltiger Nistkasten f\u00fcr Mauersegler zur Fassadenmontage. Diese Ausf\u00fchrung bietet Platz f\u00fcr zwei Brutpaare und kann unter Dachrinnen, Dachkanten oder einem Dach\u00fcberstand angebracht werden \u2013 dem nat\u00fcrlichen Nistplatz des Mauerseglers.<\/p>\n<p>Der NK GZ 16 Mauersegler Fassadenkasten einzeln eignet sich besonders f\u00fcr Mitigations- und Kompensationsma\u00dfnahmen an Fassaden und kann problemlos im Neubau, bei Renovierungen sowie im Geb\u00e4udebestand eingesetzt werden. Der Nistkasten schafft zus\u00e4tzlichen Brutraum und tr\u00e4gt zum naturinklusiven Bauen sowie zum Erhalt st\u00e4dtischer Populationen bei.<\/p>\n<p>Dieser Nistkasten wird au\u00dferdem regelm\u00e4\u00dfig vom Haussperling genutzt. Dadurch erh\u00f6ht sich die Wahrscheinlichkeit, dass Mauersegler den Kasten entdecken. Wenn Mauersegler den Nistplatz besetzen m\u00f6chten, \u00fcbernehmen sie den Kasten in der Regel von den Haussperlingen.<\/p>\n<h5><strong><br \/>\nNachhaltiges und leichtes Material<\/strong><\/h5>\n<p>Der Nistkasten wird aus Fiberstone gefertigt, einem pflanzlichen Faserbeton. Dieses Material ist sehr langlebig und leichter als Holzbeton.<\/p>\n<p>Das geringe Gewicht erleichtert die Montage, insbesondere bei Installationen in gr\u00f6\u00dferer H\u00f6he. Zudem ist das Material brandschutzhemmend und damit gut f\u00fcr den Einsatz an st\u00e4dtischen Fassaden geeignet.<\/p>\n<p>Die Au\u00dfenseite ist mit Spr\u00fchkork beschichtet. Diese Oberfl\u00e4che bietet zus\u00e4tzlichen Schutz vor Witterungseinfl\u00fcssen und sorgt f\u00fcr eine nat\u00fcrliche Optik. Dadurch verf\u00fcgt der Kasten \u00fcber eine lange Lebensdauer.<\/p>\n<h5><strong><br \/>\nOptimale Brutbedingungen f\u00fcr den Mauersegler<\/strong><\/h5>\n<p>Der Mauersegler br\u00fctet von Natur aus in Kolonien, wobei mehrere Nistm\u00f6glichkeiten in unmittelbarer N\u00e4he die Ansiedlungschancen deutlich erh\u00f6hen. Der NK GZ 16 ist optimal darauf abgestimmt. Der Kasten besteht aus zwei separaten Einheiten, jeweils mit einem eigenen, vollst\u00e4ndig getrennten Nistraum f\u00fcr ein Brutpaar.<\/p>\n<p>Die internen Nistr\u00e4ume sind jeweils mit einer Nestbegrenzung versehen, sodass die Eier nicht wegrollen k\u00f6nnen. Dies erh\u00f6ht den Bruterfolg.<\/p>\n<p>Die Einflug\u00f6ffnung ist mit einem zus\u00e4tzlichen Eingangsstein aus Gussbeton verst\u00e4rkt. Dadurch wird eine Besch\u00e4digung oder ein Auskratzen durch gr\u00f6\u00dfere V\u00f6gel, wie beispielsweise Halsbandsittiche, erschwert.<\/p>\n<p>Zur Reinigung kann der Eingangsstein aus Gussbeton entfernt werden. Dadurch bleibt die Wartung praktisch durchf\u00fchrbar und die Lebensdauer wird verl\u00e4ngert.<\/p>\n<h5><strong><br \/>\nErweiterung innerhalb desselben Systems<\/strong><\/h5>\n<p>Der NK GZ 16 Mauersegler-Fassadenkasten doppelt ist ideal f\u00fcr mittelgro\u00dfe Projekte. F\u00fcr Projekte mit weniger Brutpl\u00e4tzen kann der <a href=\"https:\/\/www.vivarapro.de\/produkt\/nk-gz-15-mauersegler-fassadenkasten-einzeln\/\" target=\"_blank\" rel=\"noopener\">NK GZ 15 (einzeln)<\/a> gew\u00e4hlt werden. F\u00fcr gr\u00f6\u00dfere Kolonien kann auch der <a href=\"https:\/\/www.vivarapro.de\/produkt\/nk-gz-17-mauersegler-fassadenkasten-dreifach-leichtgewicht\/\" target=\"_blank\" rel=\"noopener\">NK GZ 17 (dreifach)<\/a> eingesetzt werden.<\/p>\n<h5><strong><br \/>\nWichtigste Merkmale<\/strong><\/h5>\n<ul>\n<li>Doppelter Nistkasten f\u00fcr zwei Mauerseglerpaare<\/li>\n<li>Geeignet f\u00fcr Fassadenmontage unter Dachrinne oder Dach\u00fcberstand<\/li>\n<li>Hergestellt aus nachhaltigem Fiberstone (pflanzlicher Faserbeton)<\/li>\n<li>Leichter als Holzbeton<\/li>\n<li>Brandschutzhemmendes Material<\/li>\n<li>Spr\u00fchkork-Beschichtung auf der Au\u00dfenseite<\/li>\n<li>Interne Nestbegrenzung gegen das Wegrollen von Eiern<\/li>\n<li>Verst\u00e4rkter Eingangsstein aus Gussbeton<\/li>\n<li>Zugang f\u00fcr Wartung und Reinigung<\/li>\n<\/ul>\n<p>Der NK GZ 16 Mauersegler-Fassadenkasten doppelt stellt eine nachhaltige L\u00f6sung zur strukturellen Unterst\u00fctzung des Mauerseglers dar und st\u00e4rkt die Biodiversit\u00e4t in der gebauten Umwelt.<\/p>\n<h6><strong>\u00dcbersicht der genannten Arten mit ihren lateinischen Namen<\/strong><br \/>\nApus apus (Mauersegler), Passer domesticus (Haussperling).<\/h6>\n","protected":false},"excerpt":{"rendered":"<p>NK GZ 16 Mauersegler Fassadenkasten doppelt | Nachhaltiges, leichtes und brandschutzhemmendes Material | Pflanzlicher Faserbeton | Vivara Pro<\/p>\n","protected":false},"featured_media":36667,"template":"","meta":{"_acf_changed":false,"_relevanssi_hide_post":"","_relevanssi_hide_content":"","_relevanssi_pin_for_all":"","_relevanssi_pin_keywords":"","_relevanssi_unpin_keywords":"","_relevanssi_related_keywords":"","_relevanssi_related_include_ids":"","_relevanssi_related_exclude_ids":"","_relevanssi_related_no_append":"","_relevanssi_related_not_related":"","_relevanssi_related_posts":"","_relevanssi_noindex_reason":""},"product_brand":[],"product_cat":[4601,4602,4585],"product_tag":[],"class_list":{"0":"post-36668","1":"product","2":"type-product","3":"status-publish","4":"has-post-thumbnail","6":"product_cat-fassadenkaesten","7":"product_cat-fassadenkaesten-mauersegler","8":"product_cat-mauersegler","9":"pa_binnenmaat-b-x-h-x-d-cm-36x145x145","10":"pa_buitenmaat-b-x-h-x-d-cm-74-x-155-x-173","11":"pa_gewicht-8064","12":"pa_invliegopening-2x-65-x-30-mm","13":"pa_kleur-grau","14":"pa_materiaal-fiberstone","15":"pa_materiaal-gietbeton","16":"pa_soort-schwalben","17":"pa_soortgroep-mauersegler","19":"first","20":"instock","21":"shipping-taxable","22":"purchasable","23":"product-type-simple"},"acf":[],"_links":{"self":[{"href":"https:\/\/viva.ezxdemo.com\/de\/wp-json\/wp\/v2\/product\/36668","targetHints":{"allow":["GET"]}}],"collection":[{"href":"https:\/\/viva.ezxdemo.com\/de\/wp-json\/wp\/v2\/product"}],"about":[{"href":"https:\/\/viva.ezxdemo.com\/de\/wp-json\/wp\/v2\/types\/product"}],"wp:featuredmedia":[{"embeddable":true,"href":"https:\/\/viva.ezxdemo.com\/de\/wp-json\/wp\/v2\/media\/36667"}],"wp:attachment":[{"href":"https:\/\/viva.ezxdemo.com\/de\/wp-json\/wp\/v2\/media?parent=36668"}],"wp:term":[{"taxonomy":"product_brand","embeddable":true,"href":"https:\/\/viva.ezxdemo.com\/de\/wp-json\/wp\/v2\/product_brand?post=36668"},{"taxonomy":"product_cat","embeddable":true,"href":"https:\/\/viva.ezxdemo.com\/de\/wp-json\/wp\/v2\/product_cat?post=36668"},{"taxonomy":"product_tag","embeddable":true,"href":"https:\/\/viva.ezxdemo.com\/de\/wp-json\/wp\/v2\/product_tag?post=36668"}],"curies":[{"name":"wp","href":"https:\/\/api.w.org\/{rel}","templated":true}]}}