{"id":9402,"date":"2023-12-20T19:17:54","date_gmt":"2023-12-20T18:17:54","guid":{"rendered":"https:\/\/vivarapro.nl\/product\/ib-vl-15-fledermauskasten\/"},"modified":"2026-01-15T16:44:35","modified_gmt":"2026-01-15T15:44:35","slug":"ib-vl-15-fledermauskasten","status":"publish","type":"product","link":"https:\/\/viva.ezxdemo.com\/de\/produkt\/ib-vl-15-fledermauskasten\/","title":{"rendered":"IB VL 15 Fledermaus Einbaustein"},"content":{"rendered":"<p>Dieser Fledermaus Einbaustein wird in Kombination mit dem <a href=\"https:\/\/www.vivarapro.de\/produkt\/ib-vl-05-fledermauskasten\/\" target=\"_blank\" rel=\"noopener\">IB VL 05<\/a> in Neubauten oder bei Renovierungen verwendet. Vor der Platzierung werden die kleinen Holzbetonbl\u00f6cke an den Seiten entfernt. Diese Holzbetonbl\u00f6cke k\u00f6nnen leicht ausgeschnitten werden. Die Einbausteine k\u00f6nnen nach links und nach rechts geschaltet werden. Es k\u00f6nnen auch mehrere IB VL 15 Einbausteine nebeneinander in die Wand gesetzt werden, so dass ein gro\u00dfer Fledermauskasten im Hohlraum entsteht.<\/p>\n<p>Als Sommer-, Paarungs- und Nistkasten (wenn mindestens 3 miteinander verbunden sind) m\u00f6glich f\u00fcr:<\/p>\n<ul>\n<li>Zwergfledermaus, Rauhautfledermaus und Kleine M\u00fcckenfledermaus<\/li>\n<li>Breitfl\u00fcgelfledermaus<\/li>\n<li>Zweifarbfledermaus<\/li>\n<\/ul>\n<p>In milden Wintern, m\u00f6gliche Nutzung durch:<\/p>\n<ul>\n<li>Zwergfledermaus<\/li>\n<\/ul>\n<p>F\u00fcr Flederm\u00e4use gilt: Je mehr Platz sie zur Verf\u00fcgung haben, desto besser!<\/p>\n","protected":false},"excerpt":{"rendered":"<p>IB VL 15 Fledermauskasten | erweiterbar mit IB VL 05, ideal als Sommer-, Paarungs- und Nistquartier f\u00fcr verschiedene Fledermausarten.<\/p>\n","protected":false},"featured_media":29842,"template":"","meta":{"_acf_changed":false,"_relevanssi_hide_post":"","_relevanssi_hide_content":"","_relevanssi_pin_for_all":"","_relevanssi_pin_keywords":"","_relevanssi_unpin_keywords":"","_relevanssi_related_keywords":"","_relevanssi_related_include_ids":"","_relevanssi_related_exclude_ids":"","_relevanssi_related_no_append":"","_relevanssi_related_not_related":"","_relevanssi_related_posts":"","_relevanssi_noindex_reason":""},"product_brand":[],"product_cat":[4583,4596,4584],"product_tag":[7380,7379,7278,7375,7287,7302,7377],"class_list":{"0":"post-9402","1":"product","2":"type-product","3":"status-publish","4":"has-post-thumbnail","6":"product_cat-einbausteine","7":"product_cat-einbausteine-fledermaeuse","8":"product_cat-fledermause","9":"product_tag-bau","10":"product_tag-einbausein","11":"product_tag-fledermaus","12":"product_tag-fledermauese","13":"product_tag-holzbeton","14":"product_tag-nistkasten","15":"product_tag-stein","16":"pa_binnenmaat-b-x-h-x-d-cm-16-x-45-x-2-de","17":"pa_buitenmaat-b-x-h-x-d-cm-21-x-50-x-7-6-de","18":"pa_gewicht-kg-5-de","19":"pa_kleur-grau","20":"pa_materiaal-holzbeton","21":"pa_materiaal-sperrholz-fsc","22":"pa_materiaal-voor-filter-holzbeton","23":"pa_soort-breitflugelfledermaus","24":"pa_soort-kleine-bartfledermaus","25":"pa_soort-muckenfledermaus","26":"pa_soort-rauhautfledermaus","27":"pa_soort-teichfledermaus","28":"pa_soort-zwergfledermaus","29":"pa_soortgroep-fledermause","31":"first","32":"instock","33":"purchasable","34":"product-type-simple"},"acf":[],"_links":{"self":[{"href":"https:\/\/viva.ezxdemo.com\/de\/wp-json\/wp\/v2\/product\/9402","targetHints":{"allow":["GET"]}}],"collection":[{"href":"https:\/\/viva.ezxdemo.com\/de\/wp-json\/wp\/v2\/product"}],"about":[{"href":"https:\/\/viva.ezxdemo.com\/de\/wp-json\/wp\/v2\/types\/product"}],"wp:featuredmedia":[{"embeddable":true,"href":"https:\/\/viva.ezxdemo.com\/de\/wp-json\/wp\/v2\/media\/29842"}],"wp:attachment":[{"href":"https:\/\/viva.ezxdemo.com\/de\/wp-json\/wp\/v2\/media?parent=9402"}],"wp:term":[{"taxonomy":"product_brand","embeddable":true,"href":"https:\/\/viva.ezxdemo.com\/de\/wp-json\/wp\/v2\/product_brand?post=9402"},{"taxonomy":"product_cat","embeddable":true,"href":"https:\/\/viva.ezxdemo.com\/de\/wp-json\/wp\/v2\/product_cat?post=9402"},{"taxonomy":"product_tag","embeddable":true,"href":"https:\/\/viva.ezxdemo.com\/de\/wp-json\/wp\/v2\/product_tag?post=9402"}],"curies":[{"name":"wp","href":"https:\/\/api.w.org\/{rel}","templated":true}]}}