{"id":9406,"date":"2023-12-20T19:17:54","date_gmt":"2023-12-20T18:17:54","guid":{"rendered":"https:\/\/vivarapro.nl\/product\/zk-mu-03-siebenschlaefer-box\/"},"modified":"2026-02-03T12:59:36","modified_gmt":"2026-02-03T11:59:36","slug":"zk-mu-03-siebenschlaefer-box","status":"publish","type":"product","link":"https:\/\/viva.ezxdemo.com\/de\/produkt\/zk-mu-03-siebenschlaefer-box\/","title":{"rendered":"ZK MU 03 Siebenschl\u00e4ferkasten"},"content":{"rendered":"<p>Dieser Siebenschl\u00e4ferkasten wird seit vielen Jahren erfolgreich verwendet. Der Kasten ist sowohl f\u00fcr die Haselm\u00e4use als auch f\u00fcr den Siebenschl\u00e4fer ein idealer Lebensraum und kann als Versteck, Schlafplatz, Mutterschaftsplatz oder \u00dcberwinterungsplatz genutzt werden. Der Kasten ist aus Kiefernholz gefertigt und mit einem Lack auf Wasserbasis lackiert. Au\u00dferdem verf\u00fcgt er \u00fcber einen abnehmbaren Deckel, der eine \u00dcberwachung erm\u00f6glicht.<\/p>\n<p>ACHTUNG: Haselm\u00e4use und Siebenschl\u00e4fer sind sehr st\u00f6rungsempfindlich. Die \u00dcberwachung von Haselm\u00e4usen und Siebenschl\u00e4fer sollte nur von erfahrenen Experten durchgef\u00fchrt werden.<\/p>\n<p>&nbsp;<\/p>\n","protected":false},"excerpt":{"rendered":"<p>ZK MU 03 Siebenschl\u00e4fer-Box | Hergestellt aus Kiefernholz | f\u00fcr Siebenschl\u00e4fer und Haselm\u00e4use zum Schlafen und \u00dcberwintern.<\/p>\n","protected":false},"featured_media":8595,"template":"","meta":{"_acf_changed":false,"_relevanssi_hide_post":"","_relevanssi_hide_content":"","_relevanssi_pin_for_all":"","_relevanssi_pin_keywords":"","_relevanssi_unpin_keywords":"","_relevanssi_related_keywords":"","_relevanssi_related_include_ids":"","_relevanssi_related_exclude_ids":"","_relevanssi_related_no_append":"","_relevanssi_related_not_related":"","_relevanssi_related_posts":"","_relevanssi_noindex_reason":""},"product_brand":[],"product_cat":[4634,4594,7838],"product_tag":[7354,7300,7286,7353,7355,7348],"class_list":{"0":"post-9406","1":"product","2":"type-product","3":"status-publish","4":"has-post-thumbnail","6":"product_cat-haselmausgehege","7":"product_cat-saugetiere","8":"product_cat-nabu-empfohlen","9":"product_tag-hauselmaus","10":"product_tag-holz","11":"product_tag-kasten","12":"product_tag-maus","13":"product_tag-mausen","14":"product_tag-siebenschlaefer","15":"pa_binnenmaat-b-x-h-x-d-cm-10-x-13-x-11-de","16":"pa_buitenmaat-b-x-h-x-d-cm-15-x-19-x-18-de","17":"pa_gewicht-kg-2-de","18":"pa_inkruipopening-bxh-mm-rd-30-de","19":"pa_kleur-naturlich","20":"pa_materiaal-fichtenholz-fsc","21":"pa_materiaal-voor-filter-fsc-holz","22":"pa_soort-haselmaus","23":"pa_soort-siebenschlaefer","24":"pa_soortgroep-saugetiere","26":"first","27":"instock","28":"purchasable","29":"product-type-simple"},"acf":[],"_links":{"self":[{"href":"https:\/\/viva.ezxdemo.com\/de\/wp-json\/wp\/v2\/product\/9406","targetHints":{"allow":["GET"]}}],"collection":[{"href":"https:\/\/viva.ezxdemo.com\/de\/wp-json\/wp\/v2\/product"}],"about":[{"href":"https:\/\/viva.ezxdemo.com\/de\/wp-json\/wp\/v2\/types\/product"}],"wp:featuredmedia":[{"embeddable":true,"href":"https:\/\/viva.ezxdemo.com\/de\/wp-json\/wp\/v2\/media\/8595"}],"wp:attachment":[{"href":"https:\/\/viva.ezxdemo.com\/de\/wp-json\/wp\/v2\/media?parent=9406"}],"wp:term":[{"taxonomy":"product_brand","embeddable":true,"href":"https:\/\/viva.ezxdemo.com\/de\/wp-json\/wp\/v2\/product_brand?post=9406"},{"taxonomy":"product_cat","embeddable":true,"href":"https:\/\/viva.ezxdemo.com\/de\/wp-json\/wp\/v2\/product_cat?post=9406"},{"taxonomy":"product_tag","embeddable":true,"href":"https:\/\/viva.ezxdemo.com\/de\/wp-json\/wp\/v2\/product_tag?post=9406"}],"curies":[{"name":"wp","href":"https:\/\/api.w.org\/{rel}","templated":true}]}}