{"id":9407,"date":"2023-12-20T19:15:02","date_gmt":"2023-12-20T18:15:02","guid":{"rendered":"https:\/\/vivarapro.nl\/product\/nk-bi-02-nistkasten-28mm\/"},"modified":"2026-01-16T13:38:56","modified_gmt":"2026-01-16T12:38:56","slug":"nk-bi-02-nistkasten-28mm","status":"publish","type":"product","link":"https:\/\/viva.ezxdemo.com\/de\/produkt\/nk-bi-02-nistkasten-28mm\/","title":{"rendered":"NK BI 02 Nistkasten 28mm"},"content":{"rendered":"<p>Dieser Nistkasten aus 100% Holzbeton mit Marderschutz bietet u.a. Blaumeisen und Tannenmeisen Nistm\u00f6glichkeiten. Die schwarze Vorderseite macht diesen Nistkasten an Orten, an denen er erw\u00fcnscht ist, weniger auff\u00e4llig.<\/p>\n","protected":false},"excerpt":{"rendered":"<p>NK BI 02 Nistkasten 28mm | Hergestellt\u00a0aus Holzbeton mit Marderschutz, unauff\u00e4llige Front, ideal f\u00fcr Blaumeisen &amp; Tannenmeisen.<\/p>\n","protected":false},"featured_media":8613,"template":"","meta":{"_acf_changed":false,"_relevanssi_hide_post":"","_relevanssi_hide_content":"","_relevanssi_pin_for_all":"","_relevanssi_pin_keywords":"","_relevanssi_unpin_keywords":"","_relevanssi_related_keywords":"","_relevanssi_related_include_ids":"","_relevanssi_related_exclude_ids":"","_relevanssi_related_no_append":"","_relevanssi_related_not_related":"","_relevanssi_related_posts":"","_relevanssi_noindex_reason":""},"product_brand":[],"product_cat":[4622,4589,7838,7870],"product_tag":[7440,7325,7287,7286,7439,7315,7329,7302,7441,7293],"class_list":{"0":"post-9407","1":"product","2":"type-product","3":"status-publish","4":"has-post-thumbnail","6":"product_cat-nistkasten-fur-meisen","7":"product_cat-singvogel","8":"product_cat-nabu-empfohlen","9":"product_cat-nistkaesten","10":"product_tag-blaumeisen","11":"product_tag-braun","12":"product_tag-holzbeton","13":"product_tag-kasten","14":"product_tag-meis","15":"product_tag-meise","16":"product_tag-meisen","17":"product_tag-nistkasten","18":"product_tag-tannenmeisen","19":"product_tag-voegel","20":"pa_binnenmaat-b-x-h-x-d-cm-12-x-24-x-12-de","21":"pa_buitenmaat-b-x-h-x-d-cm-21-x-305-x-19-de","22":"pa_gewicht-kg-ca-6-de","23":"pa_invliegopening-28mm-de","24":"pa_kleur-braun-schwarz","25":"pa_materiaal-woodstone-de","26":"pa_materiaal-voor-filter-holzbeton","27":"pa_soort-blaumeise","28":"pa_soort-tannenmeise","29":"pa_soortgroep-singvogel","31":"first","32":"instock","33":"purchasable","34":"product-type-simple"},"acf":[],"_links":{"self":[{"href":"https:\/\/viva.ezxdemo.com\/de\/wp-json\/wp\/v2\/product\/9407","targetHints":{"allow":["GET"]}}],"collection":[{"href":"https:\/\/viva.ezxdemo.com\/de\/wp-json\/wp\/v2\/product"}],"about":[{"href":"https:\/\/viva.ezxdemo.com\/de\/wp-json\/wp\/v2\/types\/product"}],"wp:featuredmedia":[{"embeddable":true,"href":"https:\/\/viva.ezxdemo.com\/de\/wp-json\/wp\/v2\/media\/8613"}],"wp:attachment":[{"href":"https:\/\/viva.ezxdemo.com\/de\/wp-json\/wp\/v2\/media?parent=9407"}],"wp:term":[{"taxonomy":"product_brand","embeddable":true,"href":"https:\/\/viva.ezxdemo.com\/de\/wp-json\/wp\/v2\/product_brand?post=9407"},{"taxonomy":"product_cat","embeddable":true,"href":"https:\/\/viva.ezxdemo.com\/de\/wp-json\/wp\/v2\/product_cat?post=9407"},{"taxonomy":"product_tag","embeddable":true,"href":"https:\/\/viva.ezxdemo.com\/de\/wp-json\/wp\/v2\/product_tag?post=9407"}],"curies":[{"name":"wp","href":"https:\/\/api.w.org\/{rel}","templated":true}]}}