{"id":9408,"date":"2023-12-20T19:15:02","date_gmt":"2023-12-20T18:15:02","guid":{"rendered":"https:\/\/vivarapro.nl\/product\/nk-bi-03-nistkasten-32mm\/"},"modified":"2026-01-16T13:37:48","modified_gmt":"2026-01-16T12:37:48","slug":"nk-bi-03-nistkasten-32mm","status":"publish","type":"product","link":"https:\/\/viva.ezxdemo.com\/de\/produkt\/nk-bi-03-nistkasten-32mm\/","title":{"rendered":"NK BI 03 Nistkasten 32mm"},"content":{"rendered":"<p>Dieser Nistkasten aus 100% Holzbeton mit Marderschutz bietet u.a. Meisen, Kleibern und Trauerschn\u00e4ppern Nistm\u00f6glichkeiten. Die schwarze Vorderseite macht diesen Nistkasten an Orten, an denen er erw\u00fcnscht ist, weniger auff\u00e4llig.<\/p>\n","protected":false},"excerpt":{"rendered":"<p>NK BI 03 Nistkasten 32mm | Vivara Pro<\/p>\n","protected":false},"featured_media":8629,"template":"","meta":{"_acf_changed":false,"_relevanssi_hide_post":"","_relevanssi_hide_content":"","_relevanssi_pin_for_all":"","_relevanssi_pin_keywords":"","_relevanssi_unpin_keywords":"","_relevanssi_related_keywords":"","_relevanssi_related_include_ids":"","_relevanssi_related_exclude_ids":"","_relevanssi_related_no_append":"","_relevanssi_related_not_related":"","_relevanssi_related_posts":"","_relevanssi_noindex_reason":""},"product_brand":[],"product_cat":[4624,4621,4640,4622,4589,7838,7870],"product_tag":[],"class_list":{"0":"post-9408","1":"product","2":"type-product","3":"status-publish","4":"has-post-thumbnail","6":"product_cat-nistkasten-andere","7":"product_cat-nistkasten-fur-fliegenschnapper","8":"product_cat-nistkasten-fur-kleiber","9":"product_cat-nistkasten-fur-meisen","10":"product_cat-singvogel","11":"product_cat-nabu-empfohlen","12":"product_cat-nistkaesten","13":"pa_binnenmaat-b-x-h-x-d-cm-12-x-24-x-12-de","14":"pa_buitenmaat-b-x-h-x-d-cm-21-x-305-x-19-de","15":"pa_gewicht-kg-ca-6-de","16":"pa_invliegopening-32mm-de","17":"pa_kleur-braun-schwarz","18":"pa_materiaal-woodstone-de","19":"pa_materiaal-voor-filter-holzbeton","20":"pa_soort-feldsperling","21":"pa_soort-haussperling","22":"pa_soort-kleiber","23":"pa_soort-kohlmeise","24":"pa_soort-trauerschnapper","25":"pa_soortgroep-singvogel","27":"first","28":"instock","29":"purchasable","30":"product-type-simple"},"acf":[],"_links":{"self":[{"href":"https:\/\/viva.ezxdemo.com\/de\/wp-json\/wp\/v2\/product\/9408","targetHints":{"allow":["GET"]}}],"collection":[{"href":"https:\/\/viva.ezxdemo.com\/de\/wp-json\/wp\/v2\/product"}],"about":[{"href":"https:\/\/viva.ezxdemo.com\/de\/wp-json\/wp\/v2\/types\/product"}],"wp:featuredmedia":[{"embeddable":true,"href":"https:\/\/viva.ezxdemo.com\/de\/wp-json\/wp\/v2\/media\/8629"}],"wp:attachment":[{"href":"https:\/\/viva.ezxdemo.com\/de\/wp-json\/wp\/v2\/media?parent=9408"}],"wp:term":[{"taxonomy":"product_brand","embeddable":true,"href":"https:\/\/viva.ezxdemo.com\/de\/wp-json\/wp\/v2\/product_brand?post=9408"},{"taxonomy":"product_cat","embeddable":true,"href":"https:\/\/viva.ezxdemo.com\/de\/wp-json\/wp\/v2\/product_cat?post=9408"},{"taxonomy":"product_tag","embeddable":true,"href":"https:\/\/viva.ezxdemo.com\/de\/wp-json\/wp\/v2\/product_tag?post=9408"}],"curies":[{"name":"wp","href":"https:\/\/api.w.org\/{rel}","templated":true}]}}