{"id":9409,"date":"2024-05-07T09:01:17","date_gmt":"2024-05-07T07:01:17","guid":{"rendered":"https:\/\/vivarapro.nl\/product\/zk-mu-02-eichel-mauskasten\/"},"modified":"2025-09-15T11:30:33","modified_gmt":"2025-09-15T09:30:33","slug":"zk-mu-02-gartenschlaeferkasten","status":"publish","type":"product","link":"https:\/\/viva.ezxdemo.com\/de\/produkt\/zk-mu-02-gartenschlaeferkasten\/","title":{"rendered":"ZK MU 02 Gartenschl\u00e4ferkasten"},"content":{"rendered":"<p>Dieser Gartenschl\u00e4ferkasten wurde nach neuesten wissenschaftlichen Erkenntnissen entwickelt und erprobt. Er eignet sich ideal als Unterschlupf, Schlafplatz, Fortpflanzungs- oder \u00dcberwinterungsquartier f\u00fcr den Gartenschl\u00e4fer. Die 45 mm gro\u00dfe Kriech\u00f6ffnung erm\u00f6glicht zudem die Nutzung durch bestimmte Vogelarten, etwa Meisen.<\/p>\n<p>Gefertigt aus langlebigem Holzbeton bietet der Kasten eine hohe Witterungsbest\u00e4ndigkeit. Der abnehmbare Deckel erleichtert eine fachgerechte Kontrolle.<\/p>\n<p>Hinweis: Gartenschl\u00e4fer reagieren sehr empfindlich auf St\u00f6rungen. Eine Kontrolle darf ausschlie\u00dflich von erfahrenen Fachleuten durchgef\u00fchrt werden.<\/p>\n","protected":false},"excerpt":{"rendered":"<p>ZK MU 02 Gartenschl\u00e4ferkasten | Nachhaltig\u00a0Holzbeton Gartenschl\u00e4ferkasten | Unterschlupf, Schlaf- und \u00dcberwinterungsplatz f\u00fcr Gartenschl\u00e4fer.<\/p>\n","protected":false},"featured_media":8601,"template":"","meta":{"_acf_changed":false,"_relevanssi_hide_post":"","_relevanssi_hide_content":"","_relevanssi_pin_for_all":"","_relevanssi_pin_keywords":"","_relevanssi_unpin_keywords":"","_relevanssi_related_keywords":"","_relevanssi_related_include_ids":"","_relevanssi_related_exclude_ids":"","_relevanssi_related_no_append":"","_relevanssi_related_not_related":"","_relevanssi_related_posts":"","_relevanssi_noindex_reason":""},"product_brand":[],"product_cat":[4594,4635],"product_tag":[7352,7313,7287,7286,7353],"class_list":{"0":"post-9409","1":"product","2":"type-product","3":"status-publish","4":"has-post-thumbnail","6":"product_cat-saugetiere","7":"product_cat-eichelmaus-viertel","8":"product_tag-gartenschlaefer","9":"product_tag-grau","10":"product_tag-holzbeton","11":"product_tag-kasten","12":"product_tag-maus","13":"pa_binnenmaat-b-x-h-x-d-cm-125-x-21-x-125-de","14":"pa_buitenmaat-b-x-h-x-d-cm-215-x-245-x-225-de","15":"pa_gewicht-kg-55-de","16":"pa_inkruipopening-bxh-mm-rd-45-de","17":"pa_kleur-grau","18":"pa_materiaal-holzbeton","19":"pa_materiaal-voor-filter-holzbeton","20":"pa_soort-gartenschlaefer","21":"pa_soortgroep-saugetiere","23":"first","24":"instock","25":"purchasable","26":"product-type-simple"},"acf":[],"_links":{"self":[{"href":"https:\/\/viva.ezxdemo.com\/de\/wp-json\/wp\/v2\/product\/9409","targetHints":{"allow":["GET"]}}],"collection":[{"href":"https:\/\/viva.ezxdemo.com\/de\/wp-json\/wp\/v2\/product"}],"about":[{"href":"https:\/\/viva.ezxdemo.com\/de\/wp-json\/wp\/v2\/types\/product"}],"wp:featuredmedia":[{"embeddable":true,"href":"https:\/\/viva.ezxdemo.com\/de\/wp-json\/wp\/v2\/media\/8601"}],"wp:attachment":[{"href":"https:\/\/viva.ezxdemo.com\/de\/wp-json\/wp\/v2\/media?parent=9409"}],"wp:term":[{"taxonomy":"product_brand","embeddable":true,"href":"https:\/\/viva.ezxdemo.com\/de\/wp-json\/wp\/v2\/product_brand?post=9409"},{"taxonomy":"product_cat","embeddable":true,"href":"https:\/\/viva.ezxdemo.com\/de\/wp-json\/wp\/v2\/product_cat?post=9409"},{"taxonomy":"product_tag","embeddable":true,"href":"https:\/\/viva.ezxdemo.com\/de\/wp-json\/wp\/v2\/product_tag?post=9409"}],"curies":[{"name":"wp","href":"https:\/\/api.w.org\/{rel}","templated":true}]}}