{"id":9413,"date":"2024-05-07T08:38:14","date_gmt":"2024-05-07T06:38:14","guid":{"rendered":"https:\/\/vivarapro.nl\/product\/zk-mu-01-siebenschlaefer-box\/"},"modified":"2025-09-15T11:03:11","modified_gmt":"2025-09-15T09:03:11","slug":"zk-mu-01-siebenschlaefer-box","status":"publish","type":"product","link":"https:\/\/viva.ezxdemo.com\/de\/produkt\/zk-mu-01-siebenschlaefer-box\/","title":{"rendered":"ZK MU 01 Siebenschl\u00e4ferkasten"},"content":{"rendered":"<ul>\n<li>Dieser Siebenschl\u00e4ferkasten wurde nach den neuesten Erkenntnissen von Experten entwickelt und getestet. Der Kasten ist ideal als Wohnst\u00e4tte f\u00fcr Haselm\u00e4use und Siebenschl\u00e4fer. Sie k\u00f6nnen sie als Unterschlupf, Schlafplatz, Mutterschafts- oder \u00dcberwinterungsplatz nutzen.<\/li>\n<li>Die schmale horizontale Kriech\u00f6ffnung macht es V\u00f6gel wie Blaumeisen unm\u00f6glich, den Kasten als Nistkasten zu nutzen.<\/li>\n<li>Das Material des Kastens ist Holzbeton. Dadurch h\u00e4lt der Kasten sehr lange. Der Kasten hat einen abnehmbaren Deckel f\u00fcr eine m\u00f6gliche \u00dcberwachung.<\/li>\n<li>ACHTUNG: Siebenschl\u00e4fer und Haselm\u00e4use sind sehr st\u00f6rungsempfindlich. Die \u00dcberwachung von Haselm\u00e4use und Siebenschl\u00e4fer sollte nur von erfahrenen Experten durchgef\u00fchrt werden.<\/li>\n<\/ul>\n<p>&nbsp;<\/p>\n","protected":false},"excerpt":{"rendered":"<p>ZK MU 01 Siebenschl\u00e4fer-Box | Holzbeton Siebenschl\u00e4ferkasten |\u00a0Unterschlupf f\u00fcr Siebenschl\u00e4fer und Haselm\u00e4use, langlebig und st\u00f6rungsarm.<\/p>\n","protected":false},"featured_media":8616,"template":"","meta":{"_acf_changed":false,"_relevanssi_hide_post":"","_relevanssi_hide_content":"","_relevanssi_pin_for_all":"","_relevanssi_pin_keywords":"","_relevanssi_unpin_keywords":"","_relevanssi_related_keywords":"","_relevanssi_related_include_ids":"","_relevanssi_related_exclude_ids":"","_relevanssi_related_no_append":"","_relevanssi_related_not_related":"","_relevanssi_related_posts":"","_relevanssi_noindex_reason":""},"product_brand":[],"product_cat":[4634,4594],"product_tag":[7313,7347,7287,7286,7302,7348],"class_list":{"0":"post-9413","1":"product","2":"type-product","3":"status-publish","4":"has-post-thumbnail","6":"product_cat-haselmausgehege","7":"product_cat-saugetiere","8":"product_tag-grau","9":"product_tag-haselmaus","10":"product_tag-holzbeton","11":"product_tag-kasten","12":"product_tag-nistkasten","13":"product_tag-siebenschlaefer","14":"pa_binnenmaat-b-x-h-x-d-cm-125-x-21-x-125-de","15":"pa_buitenmaat-b-x-h-x-d-cm-215-x-245-x-225-de","16":"pa_gewicht-kg-55-de","17":"pa_inkruipopening-bxh-mm-41-x-16-de","18":"pa_kleur-grau","19":"pa_materiaal-holzbeton","20":"pa_materiaal-voor-filter-holzbeton","21":"pa_soort-haselmaus","22":"pa_soort-siebenschlaefer","23":"pa_soortgroep-saugetiere","25":"first","26":"instock","27":"purchasable","28":"product-type-simple"},"acf":[],"_links":{"self":[{"href":"https:\/\/viva.ezxdemo.com\/de\/wp-json\/wp\/v2\/product\/9413","targetHints":{"allow":["GET"]}}],"collection":[{"href":"https:\/\/viva.ezxdemo.com\/de\/wp-json\/wp\/v2\/product"}],"about":[{"href":"https:\/\/viva.ezxdemo.com\/de\/wp-json\/wp\/v2\/types\/product"}],"wp:featuredmedia":[{"embeddable":true,"href":"https:\/\/viva.ezxdemo.com\/de\/wp-json\/wp\/v2\/media\/8616"}],"wp:attachment":[{"href":"https:\/\/viva.ezxdemo.com\/de\/wp-json\/wp\/v2\/media?parent=9413"}],"wp:term":[{"taxonomy":"product_brand","embeddable":true,"href":"https:\/\/viva.ezxdemo.com\/de\/wp-json\/wp\/v2\/product_brand?post=9413"},{"taxonomy":"product_cat","embeddable":true,"href":"https:\/\/viva.ezxdemo.com\/de\/wp-json\/wp\/v2\/product_cat?post=9413"},{"taxonomy":"product_tag","embeddable":true,"href":"https:\/\/viva.ezxdemo.com\/de\/wp-json\/wp\/v2\/product_tag?post=9413"}],"curies":[{"name":"wp","href":"https:\/\/api.w.org\/{rel}","templated":true}]}}