{"id":9414,"date":"2024-03-12T16:20:58","date_gmt":"2024-03-12T15:20:58","guid":{"rendered":"https:\/\/vivarapro.nl\/product\/amphibientreppe\/"},"modified":"2026-02-03T16:06:02","modified_gmt":"2026-02-03T15:06:02","slug":"ap-at-o1-amphibientreppe","status":"publish","type":"product","link":"https:\/\/viva.ezxdemo.com\/de\/produkt\/ap-at-o1-amphibientreppe\/","title":{"rendered":"AP AT 01 Amphibientreppe"},"content":{"rendered":"<p>W\u00e4hrend der Fr\u00fchjahrswanderung geraten in Deutschland tausende Fr\u00f6sche, Kr\u00f6ten und Salamander in Gullys und Kellerlichtsch\u00e4chte und k\u00f6nnen dort nicht mehr entkommen. Lokale Erhebungen zeigen: An manchen Schutzstrecken sind hunderte bis tausende Tiere pro Saison betroffen. Jede dieser \u201eFallen\u201c ist lebensbedrohlich f\u00fcr die Amphibien.<\/p>\n<p>Unsere\u00a0Amphibientreppe\u00a0bietet eine einfache und effektive L\u00f6sung: Sie erm\u00f6glicht den Tieren, sicher aus Gullys, Gruben oder Kellerlichtsch\u00e4chten zu entkommen. Die Treppe ist universell einsetzbar, nachhaltig und leicht zu installieren. Das speziell entwickelte Eckprofil wird einfach in die Ecke montiert.<\/p>\n<p>Von der niederl\u00e4ndischen Naturschutzorganisation RAVON durchgef\u00fchrte Studien zeigen:\u00a0Mehr als 90\u202f% der Amphibien nutzen die Treppe innerhalb von 24 Stunden selbstst\u00e4ndig.<\/p>\n<p>Vorteile der Kr\u00f6tenleiter:<\/p>\n<ul>\n<li>Aus recyceltem Kunststoff<\/li>\n<li>Abgeschr\u00e4gte R\u00fcckseite f\u00fcr stabilen Sitz in der Ecke<\/li>\n<li>Breites Griffprofil f\u00fcr Fr\u00f6sche und Kr\u00f6ten<\/li>\n<li>Einfache Platzierung<\/li>\n<li>Einstellbare L\u00e4nge durch Klicksystem<\/li>\n<li>Vollst\u00e4ndig recycelbar und nachhaltig<\/li>\n<\/ul>\n","protected":false},"excerpt":{"rendered":"<p>AP AT 01 Amphibientreppe | Rettet Amphibien: Nachhaltige L\u00f6sung, die Fr\u00f6schen &amp; Kr\u00f6ten aus Gullys entkommen l\u00e4sst | einfach &amp; effektiv.<\/p>\n","protected":false},"featured_media":18309,"template":"","meta":{"_acf_changed":false,"_relevanssi_hide_post":"","_relevanssi_hide_content":"","_relevanssi_pin_for_all":"","_relevanssi_pin_keywords":"","_relevanssi_unpin_keywords":"","_relevanssi_related_keywords":"","_relevanssi_related_include_ids":"","_relevanssi_related_exclude_ids":"","_relevanssi_related_no_append":"","_relevanssi_related_not_related":"","_relevanssi_related_posts":"","_relevanssi_noindex_reason":""},"product_brand":[],"product_cat":[4593],"product_tag":[7397,7398,7399,7401,7400,7396],"class_list":{"0":"post-9414","1":"product","2":"type-product","3":"status-publish","4":"has-post-thumbnail","6":"product_cat-amphibien","7":"product_tag-amphibie","8":"product_tag-amphibien","9":"product_tag-frosch","10":"product_tag-gully","11":"product_tag-kroete","12":"product_tag-treppe","14":"first","15":"instock","16":"shipping-taxable","17":"purchasable","18":"product-type-simple"},"acf":[],"_links":{"self":[{"href":"https:\/\/viva.ezxdemo.com\/de\/wp-json\/wp\/v2\/product\/9414","targetHints":{"allow":["GET"]}}],"collection":[{"href":"https:\/\/viva.ezxdemo.com\/de\/wp-json\/wp\/v2\/product"}],"about":[{"href":"https:\/\/viva.ezxdemo.com\/de\/wp-json\/wp\/v2\/types\/product"}],"wp:featuredmedia":[{"embeddable":true,"href":"https:\/\/viva.ezxdemo.com\/de\/wp-json\/wp\/v2\/media\/18309"}],"wp:attachment":[{"href":"https:\/\/viva.ezxdemo.com\/de\/wp-json\/wp\/v2\/media?parent=9414"}],"wp:term":[{"taxonomy":"product_brand","embeddable":true,"href":"https:\/\/viva.ezxdemo.com\/de\/wp-json\/wp\/v2\/product_brand?post=9414"},{"taxonomy":"product_cat","embeddable":true,"href":"https:\/\/viva.ezxdemo.com\/de\/wp-json\/wp\/v2\/product_cat?post=9414"},{"taxonomy":"product_tag","embeddable":true,"href":"https:\/\/viva.ezxdemo.com\/de\/wp-json\/wp\/v2\/product_tag?post=9414"}],"curies":[{"name":"wp","href":"https:\/\/api.w.org\/{rel}","templated":true}]}}